{"id":773491,"date":"2025-08-28T16:18:18","date_gmt":"2025-08-28T13:18:18","guid":{"rendered":"https:\/\/roveyayinevi.com.tr\/index.php\/urun\/tasitlari-kesfediyorum-ciltli\/"},"modified":"2026-04-15T03:39:48","modified_gmt":"2026-04-15T00:39:48","slug":"tasitlari-kesfediyorum-ciltli","status":"publish","type":"product","link":"https:\/\/roveyayinevi.com.tr\/index.php\/urun\/tasitlari-kesfediyorum-ciltli\/","title":{"rendered":"Ta\u015f\u0131tlar\u0131 Ke\u015ffediyorum (Ciltli)"},"content":{"rendered":"<p>\u00c7iftlikte, itfaiye istasyonunda, tren gar\u0131nda&#8230;   Her yerde ne \u00e7ok ta\u015f\u0131t var!   Ta\u015f\u0131tlar insanlar\u0131, hayvanlar\u0131, e\u015fyalar\u0131 gidecekleri yere g\u00f6t\u00fcr\u00fcyor ve hayat\u0131m\u0131z\u0131 kolayla\u015ft\u0131r\u0131yor.   \u00c7\u00f6p kamyonu ne g\u00f6t\u00fcr\u00fcyor? Ambulans\u0131 kim kullan\u0131yor?     \u00c7ocuklar bu merak uyand\u0131ran kitab\u0131n sayfalar\u0131nda yer alan a\u00e7\u0131l\u0131r kapan\u0131r kapaklar\u0131 kald\u0131rarak en sevdikleri ta\u015f\u0131tlar\u0131 ke\u015ffedecek!   <\/p>\n","protected":false},"excerpt":{"rendered":"<p>\u00c7iftlikte, itfaiye istasyonunda, tren gar\u0131nda&#8230; Her yerde ne \u00e7ok ta\u015f\u0131t var! Ta\u015f\u0131tlar insanlar\u0131, hayvanlar\u0131, e\u015fyalar\u0131 gidecekleri yere g\u00f6t\u00fcr\u00fcyor ve hayat\u0131m\u0131z\u0131 kolayla\u015ft\u0131r\u0131yor. \u00c7\u00f6p kamyonu ne g\u00f6t\u00fcr\u00fcyor? Ambulans\u0131<span class=\"excerpt-hellip\"> [\u2026]<\/span><\/p>\n","protected":false},"featured_media":0,"template":"","meta":{"_monsterinsights_skip_tracking":false,"_monsterinsights_sitenote_active":false,"_monsterinsights_sitenote_note":"","_monsterinsights_sitenote_category":0},"product_brand":[],"product_cat":[12274,12518],"product_tag":[],"class_list":{"0":"post-773491","1":"product","2":"type-product","3":"status-publish","5":"product_cat-cocuk-ve-genclik-kitaplari","6":"product_cat-okul-oncesi-kitaplar","7":"pa_cilt-ciltli","8":"pa_tur-kitap","9":"pa_yayinevi-yapi-kredi-yayinlari","10":"pa_yazar-susanne-gernhauser","12":"first","13":"instock","14":"sale","15":"shipping-taxable","16":"purchasable","17":"product-type-simple"},"_links":{"self":[{"href":"https:\/\/roveyayinevi.com.tr\/index.php\/wp-json\/wp\/v2\/product\/773491","targetHints":{"allow":["GET"]}}],"collection":[{"href":"https:\/\/roveyayinevi.com.tr\/index.php\/wp-json\/wp\/v2\/product"}],"about":[{"href":"https:\/\/roveyayinevi.com.tr\/index.php\/wp-json\/wp\/v2\/types\/product"}],"wp:attachment":[{"href":"https:\/\/roveyayinevi.com.tr\/index.php\/wp-json\/wp\/v2\/media?parent=773491"}],"wp:term":[{"taxonomy":"product_brand","embeddable":true,"href":"https:\/\/roveyayinevi.com.tr\/index.php\/wp-json\/wp\/v2\/product_brand?post=773491"},{"taxonomy":"product_cat","embeddable":true,"href":"https:\/\/roveyayinevi.com.tr\/index.php\/wp-json\/wp\/v2\/product_cat?post=773491"},{"taxonomy":"product_tag","embeddable":true,"href":"https:\/\/roveyayinevi.com.tr\/index.php\/wp-json\/wp\/v2\/product_tag?post=773491"}],"curies":[{"name":"wp","href":"https:\/\/api.w.org\/{rel}","templated":true}]}}