{"id":773490,"date":"2025-08-28T16:18:17","date_gmt":"2025-08-28T13:18:17","guid":{"rendered":"https:\/\/roveyayinevi.com.tr\/index.php\/urun\/binbir-yuzuyle-eros-insan-cinselliginin-psikanalitik-kesfi\/"},"modified":"2026-04-15T03:39:48","modified_gmt":"2026-04-15T00:39:48","slug":"binbir-yuzuyle-eros-insan-cinselliginin-psikanalitik-kesfi","status":"publish","type":"product","link":"https:\/\/roveyayinevi.com.tr\/index.php\/urun\/binbir-yuzuyle-eros-insan-cinselliginin-psikanalitik-kesfi\/","title":{"rendered":"Binbir Y\u00fcz\u00fcyle Eros \u0130nsan Cinselli\u011finin Psikanalitik Ke\u015ffi"},"content":{"rendered":"<p>Joyce McDougall (1920-2011) psikanalisttir, Paris Psikanaliz Enstit\u00fcs\u00fc ve Cemiyeti\u2019ne ba\u011fl\u0131 e\u011fitmen ve denetimci olarak \u00e7al\u0131\u015fm\u0131\u015f, Avrupa, ABD ve G\u00fcney Amerika\u2019da seminerler vermi\u015ftir. Eserleri: Plea for a Measure of Abnormality (1978); Theaters of the Mind: Illusion and Truth On the Psychoanalytical Stage (1982; Zihnin Tiyatrolar\u0131: Psikanalitik Sahnede Yan\u0131lsama ve Hakikat, Sfenks Kitap, 2024); Theatres of the Body: A Psychoanalytic Approach to Psychosomatic Illness (1989; Bedenin Tiyatrolar\u0131: Psikosomatik Hastal\u0131klara Psikanalitik Yakla\u015f\u0131m, Sfenks Kitap, 2024).\u201c\u0130nsan cinselli\u011fi yap\u0131s\u0131 gere\u011fi travmatiktir.\u201d Bu c\u00fcmleyle ba\u015flayan Binbir Y\u00fcz\u00fcyle Eros, ilkel arzular\u0131n d\u00fcnyas\u0131 ile d\u0131\u015f d\u00fcnyan\u0131n k\u0131s\u0131tlay\u0131c\u0131 ve yads\u0131y\u0131c\u0131 g\u00fc\u00e7leri aras\u0131ndaki gerilimlerden kaynaklanan psi\u015fik \u00e7at\u0131\u015fmalar\u0131n, nas\u0131l en erken bebeklik d\u00f6neminde ba\u015flay\u0131p hayat boyu sonu\u00e7lar do\u011furdu\u011funu g\u00f6zler \u00f6n\u00fcne seriyor. Bu tabloda psikanaliz hem cinsel ayk\u0131r\u0131l\u0131klar\u0131n ara\u015ft\u0131r\u0131lmas\u0131 hem de cinsel kimlik olu\u015fumuyla sevgi aray\u0131\u015f\u0131na ili\u015fkin ruhsal \u00e7at\u0131\u015fman\u0131n anla\u015f\u0131lmas\u0131 konusunda \u00f6nemli katk\u0131lar sa\u011fl\u0131yor.Joyce McDougall Binbir Y\u00fcz\u00fcyle Eros\u2019ta gerek cinsel deneyimin arkaik bi\u00e7imleri gerekse bunlar\u0131n yeterli derecede iyi ko\u015fullar sa\u011fland\u0131\u011f\u0131 takdirde \u00e7ekirdek cinsel kimli\u011fin geli\u015fimine olumlu katk\u0131s\u0131 hakk\u0131nda son derece \u00f6nemli kavray\u0131\u015flar sunuyor. Bununla birlikte arkaik cinselli\u011fin kendini koruma ama\u00e7l\u0131 \u00e7arp\u0131tmalar\u0131n\u0131n sapk\u0131nl\u0131klar\u0131n bi\u00e7imlenmesinde oynad\u0131\u011f\u0131 role de \u0131\u015f\u0131k tutuyor. Kad\u0131ns\u0131l\u0131k ve cinsellik, cinsellik ve yarat\u0131c\u0131l\u0131k, cinsellik ve beden ve son olarak arzunun ayk\u0131r\u0131l\u0131klar\u0131 gibi ba\u015fl\u0131klar alt\u0131nda inceledi\u011fi Eros\u2019un ya\u015fam enerjisini b\u00fcy\u00fck bir a\u00e7\u0131kl\u0131kla, t\u00fcm renkleri ve t\u00fcm canl\u0131l\u0131\u011f\u0131yla aktard\u0131\u011f\u0131 bu \u00f6nemli eseri Talat Parman\u2019\u0131n kitab\u0131 ve yazar\u0131 tan\u0131tan \u00f6ns\u00f6z\u00fcyle birlikte yay\u0131ml\u0131yoruz.<\/p>\n","protected":false},"excerpt":{"rendered":"<p>Joyce McDougall (1920-2011) psikanalisttir, Paris Psikanaliz Enstit\u00fcs\u00fc ve Cemiyeti\u2019ne ba\u011fl\u0131 e\u011fitmen ve denetimci olarak \u00e7al\u0131\u015fm\u0131\u015f, Avrupa, ABD ve G\u00fcney Amerika\u2019da seminerler vermi\u015ftir. Eserleri: Plea for a<span class=\"excerpt-hellip\"> [\u2026]<\/span><\/p>\n","protected":false},"featured_media":0,"template":"","meta":{"_monsterinsights_skip_tracking":false,"_monsterinsights_sitenote_active":false,"_monsterinsights_sitenote_note":"","_monsterinsights_sitenote_category":0},"product_brand":[],"product_cat":[12358,12357],"product_tag":[],"class_list":{"0":"post-773490","1":"product","2":"type-product","3":"status-publish","5":"product_cat-genel-psikoloji","6":"product_cat-psikoloji","7":"pa_cilt-ciltsiz","8":"pa_tur-kitap","9":"pa_yayinevi-yapi-kredi-yayinlari","10":"pa_yazar-joyce-mcdougall","12":"first","13":"instock","14":"sale","15":"shipping-taxable","16":"purchasable","17":"product-type-simple"},"_links":{"self":[{"href":"https:\/\/roveyayinevi.com.tr\/index.php\/wp-json\/wp\/v2\/product\/773490","targetHints":{"allow":["GET"]}}],"collection":[{"href":"https:\/\/roveyayinevi.com.tr\/index.php\/wp-json\/wp\/v2\/product"}],"about":[{"href":"https:\/\/roveyayinevi.com.tr\/index.php\/wp-json\/wp\/v2\/types\/product"}],"wp:attachment":[{"href":"https:\/\/roveyayinevi.com.tr\/index.php\/wp-json\/wp\/v2\/media?parent=773490"}],"wp:term":[{"taxonomy":"product_brand","embeddable":true,"href":"https:\/\/roveyayinevi.com.tr\/index.php\/wp-json\/wp\/v2\/product_brand?post=773490"},{"taxonomy":"product_cat","embeddable":true,"href":"https:\/\/roveyayinevi.com.tr\/index.php\/wp-json\/wp\/v2\/product_cat?post=773490"},{"taxonomy":"product_tag","embeddable":true,"href":"https:\/\/roveyayinevi.com.tr\/index.php\/wp-json\/wp\/v2\/product_tag?post=773490"}],"curies":[{"name":"wp","href":"https:\/\/api.w.org\/{rel}","templated":true}]}}