{"id":773489,"date":"2025-08-28T16:18:14","date_gmt":"2025-08-28T13:18:14","guid":{"rendered":"https:\/\/roveyayinevi.com.tr\/index.php\/urun\/levanten-2\/"},"modified":"2026-04-15T03:39:48","modified_gmt":"2026-04-15T00:39:48","slug":"levanten-2","status":"publish","type":"product","link":"https:\/\/roveyayinevi.com.tr\/index.php\/urun\/levanten-2\/","title":{"rendered":"Levanten"},"content":{"rendered":"<p>Michael Howell, ailesinden miras kalan Ortado\u011fu i\u015flerini ba\u015far\u0131yla y\u00f6neten, b\u00fcrokratik hileleri ve i\u015f yapma inceliklerini iyi bilen biridir. Bir g\u00fcn kendini k\u00e2busun ortas\u0131nda bulur. K\u0131br\u0131s\u2019ta do\u011fan, Do\u011fu\u2019ya da Bat\u0131\u2019ya da tam anlam\u0131yla ait olamayan, kendini \u201cLevanten k\u0131rmas\u0131\u201d s\u0131fat\u0131yla tan\u0131tan Howell, Filistin Eylem G\u00fcc\u00fc taraf\u0131ndan, ter\u00f6ristlerin kirli oyunlar\u0131na \u00e7ekilir. Art\u0131k hayat\u0131n\u0131n ipleri, gaddar ter\u00f6rist Ghaled\u2019in elindedir.   Howell h\u00fck\u00fcmetle anla\u015fmazl\u0131\u011fa d\u00fc\u015f\u00fcnce zoraki bir ortakl\u0131k teklifiyle durumu lehe \u00e7evirmeye \u00e7al\u0131\u015f\u0131r. Ancak bu \u201cortakl\u0131k\u201d sand\u0131\u011f\u0131ndan \u00e7ok daha fazlas\u0131n\u0131 bar\u0131nd\u0131rmaktad\u0131r. Yeni pil fabrikas\u0131 projesi, Howell ile hem metresi hem i\u015f arkada\u015f\u0131 olan Teresa\u2019n\u0131n korkun\u00e7 bir s\u0131rr\u0131 ortaya \u00e7\u0131karmas\u0131na neden olur. Gecenin karanl\u0131\u011f\u0131nda, bu s\u0131rr\u0131 ayd\u0131nlatmak i\u00e7in att\u0131klar\u0131 her ad\u0131m, onlar\u0131 Ghaled\u2019in pen\u00e7esine daha da yakla\u015ft\u0131r\u0131r.   \u00d6d\u00fcll\u00fc yazar Eric Ambler, y\u0131llar \u00f6nce yay\u0131mlanm\u0131\u015f olmas\u0131na ra\u011fmen g\u00fcn\u00fcm\u00fcz d\u00fcnyas\u0131 i\u00e7in \u015fa\u015f\u0131rt\u0131c\u0131 derecede g\u00fcncel olan roman\u0131 Levanten\u2019le okurlar\u0131 Ortado\u011fu\u2019nun karma\u015f\u0131k politik atmosferine s\u00fcr\u00fcklerken bir yandan da ihanet, hayatta kalma m\u00fccadelesi ve beklenmedik kahramanl\u0131klarla dolu bir maceraya \u00e7\u0131kar\u0131yor.     Bir klasik. The Wall Street Journal   E\u015fsiz&#8230; \u0130nand\u0131r\u0131c\u0131 bir gerilim. The Guardian   Sava\u015ftan bu yana yazd\u0131\u011f\u0131 en iyi kitap. Okurun isteyebilece\u011fi her \u015feye sahip&#8230; Harika. The Observer <\/p>\n","protected":false},"excerpt":{"rendered":"<p>Michael Howell, ailesinden miras kalan Ortado\u011fu i\u015flerini ba\u015far\u0131yla y\u00f6neten, b\u00fcrokratik hileleri ve i\u015f yapma inceliklerini iyi bilen biridir. Bir g\u00fcn kendini k\u00e2busun ortas\u0131nda bulur. K\u0131br\u0131s\u2019ta do\u011fan,<span class=\"excerpt-hellip\"> [\u2026]<\/span><\/p>\n","protected":false},"featured_media":0,"template":"","meta":{"_monsterinsights_skip_tracking":false,"_monsterinsights_sitenote_active":false,"_monsterinsights_sitenote_note":"","_monsterinsights_sitenote_category":0},"product_brand":[],"product_cat":[12291,12711],"product_tag":[],"class_list":{"0":"post-773489","1":"product","2":"type-product","3":"status-publish","5":"product_cat-edebiyat","6":"product_cat-roman-oyku","7":"pa_cilt-ciltsiz","8":"pa_tur-kitap","9":"pa_yayinevi-yapi-kredi-yayinlari","10":"pa_yazar-eric-ambler","12":"first","13":"instock","14":"sale","15":"shipping-taxable","16":"purchasable","17":"product-type-simple"},"_links":{"self":[{"href":"https:\/\/roveyayinevi.com.tr\/index.php\/wp-json\/wp\/v2\/product\/773489","targetHints":{"allow":["GET"]}}],"collection":[{"href":"https:\/\/roveyayinevi.com.tr\/index.php\/wp-json\/wp\/v2\/product"}],"about":[{"href":"https:\/\/roveyayinevi.com.tr\/index.php\/wp-json\/wp\/v2\/types\/product"}],"wp:attachment":[{"href":"https:\/\/roveyayinevi.com.tr\/index.php\/wp-json\/wp\/v2\/media?parent=773489"}],"wp:term":[{"taxonomy":"product_brand","embeddable":true,"href":"https:\/\/roveyayinevi.com.tr\/index.php\/wp-json\/wp\/v2\/product_brand?post=773489"},{"taxonomy":"product_cat","embeddable":true,"href":"https:\/\/roveyayinevi.com.tr\/index.php\/wp-json\/wp\/v2\/product_cat?post=773489"},{"taxonomy":"product_tag","embeddable":true,"href":"https:\/\/roveyayinevi.com.tr\/index.php\/wp-json\/wp\/v2\/product_tag?post=773489"}],"curies":[{"name":"wp","href":"https:\/\/api.w.org\/{rel}","templated":true}]}}