{"id":773487,"date":"2025-08-28T16:18:09","date_gmt":"2025-08-28T13:18:09","guid":{"rendered":"https:\/\/roveyayinevi.com.tr\/index.php\/urun\/lizbon-kusatmasinin-tarihi-ciltl\/"},"modified":"2026-04-15T03:39:48","modified_gmt":"2026-04-15T00:39:48","slug":"lizbon-kusatmasinin-tarihi-ciltl","status":"publish","type":"product","link":"https:\/\/roveyayinevi.com.tr\/index.php\/urun\/lizbon-kusatmasinin-tarihi-ciltl\/","title":{"rendered":"Lizbon Ku\u015fatmas\u0131n\u0131n Tarihi (Ciltl)"},"content":{"rendered":"<p>D\u00fczeltmen Raimundo Silva, \u00fczerinde \u00e7al\u0131\u015ft\u0131\u011f\u0131 tarih kitab\u0131n\u0131n bir c\u00fcmlesini de\u011fi\u015ftirir. Olumsuzluk tak\u0131s\u0131 ekledi\u011fi fiil, 1147 y\u0131l\u0131nda ger\u00e7ekle\u015fen Lizbon Ku\u015fatmas\u0131\u2019n\u0131n tarihini t\u00fcm\u00fcyle alt\u00fcst eder. Metinde bile isteye yapt\u0131\u011f\u0131 bu hata, g\u00f6reve yeni atanan yay\u0131n koordinat\u00f6r\u00fc Maria Sara\u2019n\u0131n dikkatini \u00e7eker. Merak\u0131 kam\u00e7\u0131lanan Sara d\u00fczeltmene alternatif bir tarihsel roman yazmas\u0131n\u0131 \u00f6nerir. Raimundo Silva sonu belli bu tarihsel olay\u0131 bamba\u015fka g\u00f6zlerle anlatan kurmaca bir metin in\u015fa ederken, yay\u0131n koordinat\u00f6r\u00fc Maria Sara\u2019yla ba\u015flayan tutkulu ili\u015fkisi roman kahramanlar\u0131n\u0131n \u00f6yk\u00fcs\u00fcne yans\u0131r. Jos\u00e9 Saramago\u2019nun kaleminden Lizbon\u2019un d\u00fcn\u00fcyle bug\u00fcn\u00fcn\u00fcn i\u00e7 i\u00e7e ge\u00e7ti\u011fi gizemli bir roman. <\/p>\n","protected":false},"excerpt":{"rendered":"<p>D\u00fczeltmen Raimundo Silva, \u00fczerinde \u00e7al\u0131\u015ft\u0131\u011f\u0131 tarih kitab\u0131n\u0131n bir c\u00fcmlesini de\u011fi\u015ftirir. Olumsuzluk tak\u0131s\u0131 ekledi\u011fi fiil, 1147 y\u0131l\u0131nda ger\u00e7ekle\u015fen Lizbon Ku\u015fatmas\u0131\u2019n\u0131n tarihini t\u00fcm\u00fcyle alt\u00fcst eder. Metinde bile isteye<span class=\"excerpt-hellip\"> [\u2026]<\/span><\/p>\n","protected":false},"featured_media":0,"template":"","meta":{"_monsterinsights_skip_tracking":false,"_monsterinsights_sitenote_active":false,"_monsterinsights_sitenote_note":"","_monsterinsights_sitenote_category":0},"product_brand":[],"product_cat":[12291,12711],"product_tag":[],"class_list":{"0":"post-773487","1":"product","2":"type-product","3":"status-publish","5":"product_cat-edebiyat","6":"product_cat-roman-oyku","7":"pa_cilt-ciltli","8":"pa_tur-kitap","9":"pa_yayinevi-kirmizi-kedi-yayinevi","10":"pa_yazar-jose-saramago","12":"first","13":"instock","14":"sale","15":"shipping-taxable","16":"purchasable","17":"product-type-simple"},"_links":{"self":[{"href":"https:\/\/roveyayinevi.com.tr\/index.php\/wp-json\/wp\/v2\/product\/773487","targetHints":{"allow":["GET"]}}],"collection":[{"href":"https:\/\/roveyayinevi.com.tr\/index.php\/wp-json\/wp\/v2\/product"}],"about":[{"href":"https:\/\/roveyayinevi.com.tr\/index.php\/wp-json\/wp\/v2\/types\/product"}],"wp:attachment":[{"href":"https:\/\/roveyayinevi.com.tr\/index.php\/wp-json\/wp\/v2\/media?parent=773487"}],"wp:term":[{"taxonomy":"product_brand","embeddable":true,"href":"https:\/\/roveyayinevi.com.tr\/index.php\/wp-json\/wp\/v2\/product_brand?post=773487"},{"taxonomy":"product_cat","embeddable":true,"href":"https:\/\/roveyayinevi.com.tr\/index.php\/wp-json\/wp\/v2\/product_cat?post=773487"},{"taxonomy":"product_tag","embeddable":true,"href":"https:\/\/roveyayinevi.com.tr\/index.php\/wp-json\/wp\/v2\/product_tag?post=773487"}],"curies":[{"name":"wp","href":"https:\/\/api.w.org\/{rel}","templated":true}]}}