{"id":773485,"date":"2025-08-28T16:18:04","date_gmt":"2025-08-28T13:18:04","guid":{"rendered":"https:\/\/roveyayinevi.com.tr\/index.php\/urun\/olur-oyle-dokuntulerim\/"},"modified":"2026-04-15T03:39:47","modified_gmt":"2026-04-15T00:39:47","slug":"olur-oyle-dokuntulerim","status":"publish","type":"product","link":"https:\/\/roveyayinevi.com.tr\/index.php\/urun\/olur-oyle-dokuntulerim\/","title":{"rendered":"Olur \u00d6yle  \u2018\u2018D\u00f6k\u00fcnt\u00fclerim\u2019\u2019"},"content":{"rendered":"<p>Az m\u0131 konu\u015fuyorduk art\u0131k Yoksa \u00e7ok mu susuyorduk seninle  Yokmu\u015f gibi mi yap\u0131yoruz Yoksa daha az m\u0131 kar\u015f\u0131la\u015f\u0131yoruz       Bu k\u00fc\u00e7\u00fck evin i\u00e7inde.. Seninle ben\u2026 Sokaklar\u0131 terlemi\u015f bir avucun i\u00e7inde,    Y\u00f6n\u00fcn\u00fc kaybetmi\u015f Adem ile Havva\u2019y\u0131z i\u015fte! *** Nahif olan\u0131 ta\u015fl\u0131yoruz bug\u00fcnlerde Cahil olan y\u00fckselirken nahiflerin omuzuna basarak. G\u00fczel d\u00fc\u015f\u00fcnenler kovulurken temiz ya\u015fant\u0131lardan, Kirli camlara retro diyor akl\u0131 yar\u0131mlar. Sevgilerden bahsedenler be\u015f para etmezken Dolar kurlar\u0131 koyuluyor ba\u015f\u0131na; Be\u015f para etmeyen fikirlerin. \u015eiir okuyan\u0131 d\u00f6v\u00fcyor, devrik c\u00fcmleciler, Yak\u0131\u015f\u0131kl\u0131 kelimeler, yak\u0131l\u0131yor herkesin ortas\u0131nda<\/p>\n","protected":false},"excerpt":{"rendered":"<p>Az m\u0131 konu\u015fuyorduk art\u0131k Yoksa \u00e7ok mu susuyorduk seninle Yokmu\u015f gibi mi yap\u0131yoruz Yoksa daha az m\u0131 kar\u015f\u0131la\u015f\u0131yoruz Bu k\u00fc\u00e7\u00fck evin i\u00e7inde.. Seninle ben\u2026 Sokaklar\u0131 terlemi\u015f<span class=\"excerpt-hellip\"> [\u2026]<\/span><\/p>\n","protected":false},"featured_media":0,"template":"","meta":{"_monsterinsights_skip_tracking":false,"_monsterinsights_sitenote_active":false,"_monsterinsights_sitenote_note":"","_monsterinsights_sitenote_category":0},"product_brand":[],"product_cat":[12291,12509],"product_tag":[],"class_list":{"0":"post-773485","1":"product","2":"type-product","3":"status-publish","5":"product_cat-edebiyat","6":"product_cat-siir","7":"pa_cilt-ciltsiz","8":"pa_tur-kitap","9":"pa_yayinevi-cinar-yayinlari","10":"pa_yazar-ali-tanriverdi","12":"first","13":"instock","14":"sale","15":"shipping-taxable","16":"purchasable","17":"product-type-simple"},"_links":{"self":[{"href":"https:\/\/roveyayinevi.com.tr\/index.php\/wp-json\/wp\/v2\/product\/773485","targetHints":{"allow":["GET"]}}],"collection":[{"href":"https:\/\/roveyayinevi.com.tr\/index.php\/wp-json\/wp\/v2\/product"}],"about":[{"href":"https:\/\/roveyayinevi.com.tr\/index.php\/wp-json\/wp\/v2\/types\/product"}],"wp:attachment":[{"href":"https:\/\/roveyayinevi.com.tr\/index.php\/wp-json\/wp\/v2\/media?parent=773485"}],"wp:term":[{"taxonomy":"product_brand","embeddable":true,"href":"https:\/\/roveyayinevi.com.tr\/index.php\/wp-json\/wp\/v2\/product_brand?post=773485"},{"taxonomy":"product_cat","embeddable":true,"href":"https:\/\/roveyayinevi.com.tr\/index.php\/wp-json\/wp\/v2\/product_cat?post=773485"},{"taxonomy":"product_tag","embeddable":true,"href":"https:\/\/roveyayinevi.com.tr\/index.php\/wp-json\/wp\/v2\/product_tag?post=773485"}],"curies":[{"name":"wp","href":"https:\/\/api.w.org\/{rel}","templated":true}]}}