{"id":773483,"date":"2025-08-28T16:18:00","date_gmt":"2025-08-28T13:18:00","guid":{"rendered":"https:\/\/roveyayinevi.com.tr\/index.php\/urun\/hayattan-ogrenmek\/"},"modified":"2026-04-15T03:39:47","modified_gmt":"2026-04-15T00:39:47","slug":"hayattan-ogrenmek","status":"publish","type":"product","link":"https:\/\/roveyayinevi.com.tr\/index.php\/urun\/hayattan-ogrenmek\/","title":{"rendered":"Hayattan \u00d6\u011frenmek"},"content":{"rendered":"<p>\u201c\u0130yile\u015ftirme sanat\u0131, kendi hatalar\u0131m\u0131zdan \u00f6\u011frenmeye cesaret etti\u011fimizde ba\u015flar.\u201d \u2014Patrick Casement  Bir psikanalistin en b\u00fcy\u00fck \u00f6\u011fretmeni ne kuram ne denetmen, bizzat hayat\u0131n kendisidir.   Modern psikanalizin en etkileyici seslerinden biri olan Patrick Casement, bu kez kuramlar\u0131n ve vaka sunumlar\u0131n\u0131n \u00f6tesine ge\u00e7iyor. Hayattan \u00d6\u011frenmek, sadece bir psikanalistin de\u011fil, ayn\u0131 zamanda bir insan\u0131n kendisiyle, ge\u00e7mi\u015fiyle, hatalar\u0131yla ve \u00f6\u011frenme s\u00fcreciyle hesapla\u015fmas\u0131n\u0131n samimi, derinlikli ve \u00e7arp\u0131c\u0131 bir anlat\u0131s\u0131.    Casement, bu kitab\u0131nda psikoterapi odas\u0131n\u0131n d\u0131\u015f\u0131na \u00e7\u0131k\u0131yor ve \u201chayat\u0131n kendisinden \u00f6\u011frenmenin\u201d ne anlama geldi\u011fini ki\u015fisel anekdotlar, i\u00e7tenlikli itiraflar ve incelikli g\u00f6zlemler e\u015fli\u011finde aktar\u0131yor. Kimi zaman bir hasta olarak kendi analiz s\u00fcrecinde ya\u015fad\u0131klar\u0131n\u0131, kimi zaman bir terapist olarak i\u00e7ine d\u00fc\u015ft\u00fc\u011f\u00fc tuzaklar\u0131 ve bu tuzaklar\u0131n ona nas\u0131l bir i\u00e7g\u00f6r\u00fc kazand\u0131rd\u0131\u011f\u0131n\u0131 payla\u015f\u0131yor. En \u00f6nemlisi de, bir terapistin m\u00fckemmel olmak zorunda olmad\u0131\u011f\u0131n\u0131; aksine, geli\u015fimin ve ger\u00e7ek ili\u015fkinin kusurlarla m\u00fcmk\u00fcn oldu\u011funu g\u00f6steriyor.    \u00d6nceki eserlerinde daha \u00e7ok terapi s\u00fcrecindeki dinamiklere ve analistin hastadan \u00f6\u011frenme kapasitesine odaklanan Casement, bu kitab\u0131nda o \u00f6\u011frenmenin arka plan\u0131n\u0131, ki\u015fisel d\u00f6n\u00fc\u015f\u00fcm\u00fcn\u00fc ve analiz koltu\u011funa oturmadan \u00f6nce ge\u00e7ti\u011fi i\u00e7sel yollar\u0131 a\u00e7\u0131\u011fa \u00e7\u0131kar\u0131yor. B\u00f6ylece Hayattan \u00d6\u011frenmek, teorik birikimi duygusal ve deneyimsel bir zemine oturtarak Casement k\u00fclliyat\u0131n\u0131 tamamlayan g\u00fc\u00e7l\u00fc bir yap\u0131 ta\u015f\u0131 haline geliyor.     Hayattan \u00d6\u011frenmek, sadece bir meslek anlat\u0131s\u0131 de\u011fil; ya\u015famla, i\u00e7sel geli\u015fimle, anlam aray\u0131\u015f\u0131yla \u00f6r\u00fcl\u00fc bir yolculuk. Casement\u2019\u0131n d\u00fcr\u00fcst, sade ama g\u00fc\u00e7l\u00fc anlat\u0131m\u0131 sayesinde kitap, okuyucusunu sadece bilgiyle de\u011fil, duygusal bir fark\u0131ndal\u0131kla da bulu\u015fturuyor. Terapi odas\u0131n\u0131n d\u00f6rt duvar\u0131 aras\u0131nda s\u0131k\u0131\u015f\u0131p kalmayan; ya\u015fam\u0131n t\u00fcm k\u0131r\u0131lganl\u0131klar\u0131n\u0131, \u00e7at\u0131\u015fmalar\u0131n\u0131 ve \u00f6\u011frenme anlar\u0131n\u0131 onurland\u0131ran bir eser bu.    Patrick Casement\u2019\u0131n yazar kimli\u011fi, okuyucusuyla kurdu\u011fu terap\u00f6tik ili\u015fkiyi and\u0131r\u0131yor: Yarg\u0131lamayan, y\u00f6nlendirmeyen ama d\u00fc\u015f\u00fcnmeye ve hissetmeye \u00e7a\u011f\u0131ran bir ses. Onun sat\u0131rlar\u0131nda yaln\u0131zca terapistlik mesle\u011finin inceliklerini de\u011fil, insan olman\u0131n karma\u015f\u0131kl\u0131\u011f\u0131n\u0131 da bulacaks\u0131n\u0131z.    Bu Kitap Neden \u00d6nemli?  Bir terapistin yaln\u0131zca teorilerle de\u011fil, hatalar\u0131yla, duygusal m\u00fccadeleleriyle ve hayat\u0131n ta kendisinden \u00f6\u011frendikleriyle bi\u00e7imlendi\u011fini g\u00f6zler \u00f6n\u00fcne seriyor. Casement, idealize edilmi\u015f terapist imaj\u0131n\u0131 y\u0131k\u0131yor ve onun yerine d\u00fc\u015f\u00fcnen, yan\u0131lan, hisseden ama durmadan \u00f6\u011frenen bir fig\u00fcr koyuyor. Bu, \u00f6zellikle psikoterapi alan\u0131nda yeni olanlar i\u00e7in yol g\u00f6sterici; deneyimli profesyoneller i\u00e7inse ilham verici bir kaynak. Ayn\u0131 zamanda terapiye d\u0131\u015far\u0131dan bakan okurlar i\u00e7in, terapist koltu\u011funun ard\u0131ndaki insan\u0131 g\u00f6steren ender anlat\u0131lardan biri.    Bu Kitapta Neler Var?  Psikanalist olma yolculu\u011funda s\u0131k yap\u0131lan hatalara ve bunlar\u0131n d\u00f6n\u00fc\u015ft\u00fcr\u00fcc\u00fc g\u00fcc\u00fcne dair \u00e7arp\u0131c\u0131 \u00f6rnekler  Casement\u2019\u0131n ki\u015fisel analiz deneyimi \u00fczerinden \u201ciyile\u015fme\u201d kavram\u0131na taze bir bak\u0131\u015f  Geleneksel analiz anlay\u0131\u015f\u0131n\u0131n d\u0131\u015f\u0131na \u00e7\u0131kan, canl\u0131 ve empati dolu bir yakla\u015f\u0131m  \u0130nsani zay\u0131fl\u0131klar\u0131n ve duygusal k\u0131r\u0131lganl\u0131klar\u0131n mesleki geli\u015fime katk\u0131s\u0131  Sadece psikanalist adaylar\u0131na de\u011fil, insan\u0131 anlamaya \u00e7al\u0131\u015fan herkese ilham verecek ya\u015fam dersleri    Kimler \u0130\u00e7in?  Psikoterapi ve psikanaliz alan\u0131nda \u00e7al\u0131\u015fan ya da e\u011fitim alan profesyoneller  \u0130nsan zihninin derinliklerine ilgi duyan okurlar  Casement\u2019\u0131n \u00f6nceki eserlerini sevenler i\u00e7in vazge\u00e7ilmez bir tamamlay\u0131c\u0131  Kendi i\u00e7 d\u00fcnyas\u0131n\u0131 tan\u0131mak ve hayat\u0131n sundu\u011fu dersleri ka\u00e7\u0131rmak istemeyen herkes  <\/p>\n","protected":false},"excerpt":{"rendered":"<p>\u201c\u0130yile\u015ftirme sanat\u0131, kendi hatalar\u0131m\u0131zdan \u00f6\u011frenmeye cesaret etti\u011fimizde ba\u015flar.\u201d \u2014Patrick Casement Bir psikanalistin en b\u00fcy\u00fck \u00f6\u011fretmeni ne kuram ne denetmen, bizzat hayat\u0131n kendisidir. Modern psikanalizin en etkileyici<span class=\"excerpt-hellip\"> [\u2026]<\/span><\/p>\n","protected":false},"featured_media":0,"template":"","meta":{"_monsterinsights_skip_tracking":false,"_monsterinsights_sitenote_active":false,"_monsterinsights_sitenote_note":"","_monsterinsights_sitenote_category":0},"product_brand":[],"product_cat":[12358,12357],"product_tag":[],"class_list":{"0":"post-773483","1":"product","2":"type-product","3":"status-publish","5":"product_cat-genel-psikoloji","6":"product_cat-psikoloji","7":"pa_cilt-ciltsiz","8":"pa_tur-kitap","9":"pa_yayinevi-okuyan-us-yayin","10":"pa_yazar-patrick-j-casement","12":"first","13":"instock","14":"sale","15":"shipping-taxable","16":"purchasable","17":"product-type-simple"},"_links":{"self":[{"href":"https:\/\/roveyayinevi.com.tr\/index.php\/wp-json\/wp\/v2\/product\/773483","targetHints":{"allow":["GET"]}}],"collection":[{"href":"https:\/\/roveyayinevi.com.tr\/index.php\/wp-json\/wp\/v2\/product"}],"about":[{"href":"https:\/\/roveyayinevi.com.tr\/index.php\/wp-json\/wp\/v2\/types\/product"}],"wp:attachment":[{"href":"https:\/\/roveyayinevi.com.tr\/index.php\/wp-json\/wp\/v2\/media?parent=773483"}],"wp:term":[{"taxonomy":"product_brand","embeddable":true,"href":"https:\/\/roveyayinevi.com.tr\/index.php\/wp-json\/wp\/v2\/product_brand?post=773483"},{"taxonomy":"product_cat","embeddable":true,"href":"https:\/\/roveyayinevi.com.tr\/index.php\/wp-json\/wp\/v2\/product_cat?post=773483"},{"taxonomy":"product_tag","embeddable":true,"href":"https:\/\/roveyayinevi.com.tr\/index.php\/wp-json\/wp\/v2\/product_tag?post=773483"}],"curies":[{"name":"wp","href":"https:\/\/api.w.org\/{rel}","templated":true}]}}