{"id":773479,"date":"2025-08-28T16:17:50","date_gmt":"2025-08-28T13:17:50","guid":{"rendered":"https:\/\/roveyayinevi.com.tr\/index.php\/urun\/bak-su-dinozora\/"},"modified":"2026-04-15T03:39:47","modified_gmt":"2026-04-15T00:39:47","slug":"bak-su-dinozora","status":"publish","type":"product","link":"https:\/\/roveyayinevi.com.tr\/index.php\/urun\/bak-su-dinozora\/","title":{"rendered":"Bak \u015eu Dinozora"},"content":{"rendered":"<p>Haydi gelin, zamanda bir yolculu\u011fa \u00e7\u0131kal\u0131m, \u0130K\u0130 Y\u00dcZ M\u0130LYON YIL \u00f6ncesine gidip o zamanlar D\u00dcNYA\u2019YA h\u00e2kim olan D\u0130NOZORLARLA tan\u0131\u015fal\u0131m! Atlay\u0131n! D\u0130NOZOR SAFAR\u0130S\u0130 ba\u015fl\u0131yor!   3, 2, 1\u2026 G\u0130D\u0130YORUUUZ! VINNNNNN!   \u00c7ok satan \u00e7ocuk kitaplar\u0131n\u0131n \u00f6d\u00fcll\u00fc yazar\u0131 Caryl Hart\u2019tan, kafiyeli anlat\u0131m\u0131 ve g\u00f6z al\u0131c\u0131 \u00e7izimleriyle, t\u00fcm D\u0130NOZOR MERAKLILARI ve gelece\u011fin paleontologlar\u0131 i\u00e7in MUHTE\u015eEM bir resimli kitap! <\/p>\n","protected":false},"excerpt":{"rendered":"<p>Haydi gelin, zamanda bir yolculu\u011fa \u00e7\u0131kal\u0131m, \u0130K\u0130 Y\u00dcZ M\u0130LYON YIL \u00f6ncesine gidip o zamanlar D\u00dcNYA\u2019YA h\u00e2kim olan D\u0130NOZORLARLA tan\u0131\u015fal\u0131m! Atlay\u0131n! D\u0130NOZOR SAFAR\u0130S\u0130 ba\u015fl\u0131yor! 3, 2, 1\u2026<span class=\"excerpt-hellip\"> [\u2026]<\/span><\/p>\n","protected":false},"featured_media":0,"template":"","meta":{"_monsterinsights_skip_tracking":false,"_monsterinsights_sitenote_active":false,"_monsterinsights_sitenote_note":"","_monsterinsights_sitenote_category":0},"product_brand":[],"product_cat":[12274,12284],"product_tag":[],"class_list":{"0":"post-773479","1":"product","2":"type-product","3":"status-publish","5":"product_cat-cocuk-ve-genclik-kitaplari","6":"product_cat-hikayeler","7":"pa_cilt-ciltsiz","8":"pa_tur-kitap","9":"pa_yayinevi-domingo-yayinevi","10":"pa_yazar-caryl-hart-bethan-woollvin","12":"first","13":"instock","14":"sale","15":"shipping-taxable","16":"purchasable","17":"product-type-simple"},"_links":{"self":[{"href":"https:\/\/roveyayinevi.com.tr\/index.php\/wp-json\/wp\/v2\/product\/773479","targetHints":{"allow":["GET"]}}],"collection":[{"href":"https:\/\/roveyayinevi.com.tr\/index.php\/wp-json\/wp\/v2\/product"}],"about":[{"href":"https:\/\/roveyayinevi.com.tr\/index.php\/wp-json\/wp\/v2\/types\/product"}],"wp:attachment":[{"href":"https:\/\/roveyayinevi.com.tr\/index.php\/wp-json\/wp\/v2\/media?parent=773479"}],"wp:term":[{"taxonomy":"product_brand","embeddable":true,"href":"https:\/\/roveyayinevi.com.tr\/index.php\/wp-json\/wp\/v2\/product_brand?post=773479"},{"taxonomy":"product_cat","embeddable":true,"href":"https:\/\/roveyayinevi.com.tr\/index.php\/wp-json\/wp\/v2\/product_cat?post=773479"},{"taxonomy":"product_tag","embeddable":true,"href":"https:\/\/roveyayinevi.com.tr\/index.php\/wp-json\/wp\/v2\/product_tag?post=773479"}],"curies":[{"name":"wp","href":"https:\/\/api.w.org\/{rel}","templated":true}]}}