{"id":773478,"date":"2025-08-28T16:17:49","date_gmt":"2025-08-28T13:17:49","guid":{"rendered":"https:\/\/roveyayinevi.com.tr\/index.php\/urun\/mutluluk-hakkinda-aci-gercek\/"},"modified":"2026-04-13T03:35:56","modified_gmt":"2026-04-13T00:35:56","slug":"mutluluk-hakkinda-aci-gercek","status":"publish","type":"product","link":"https:\/\/roveyayinevi.com.tr\/index.php\/urun\/mutluluk-hakkinda-aci-gercek\/","title":{"rendered":"Mutluluk Hakk\u0131nda Ac\u0131 Ger\u00e7ek"},"content":{"rendered":"<p>Mutluluk Sizi Yan\u0131ltmas\u0131n: Ger\u00e7ekler Her Zaman Tatl\u0131 De\u011fildir    Mutluluk, pop\u00fcler k\u00fclt\u00fcr\u00fcn \u015fi\u015firdi\u011fi pembe balonlardan biri mi? Sosyal medyada, ki\u015fisel geli\u015fim kitaplar\u0131nda, Instagram postlar\u0131nda kar\u015f\u0131m\u0131za \u00e7\u0131kan \u201cpozitif kal\u201d, \u201cak\u0131\u015fta ol\u201d, \u201ckendin i\u00e7in ya\u015fa\u201d gibi \u00f6neriler ger\u00e7ekten i\u015fe yar\u0131yor mu?    Evrimsel davran\u0131\u015f bilimcisi Dr. Gad Saad, bu sorulara bilimsel veriler ve kendi ya\u015fam deneyimleriyle yan\u0131t veriyor. Sahte umutlar yerine sa\u011flam ger\u00e7eklerle bezeli bu kitap, mutlulu\u011fun ger\u00e7ekte ne oldu\u011funu, hangi tercihlerle m\u00fcmk\u00fcn k\u0131l\u0131nd\u0131\u011f\u0131n\u0131 ve neleri kabullenmeden ula\u015famayaca\u011f\u0131n\u0131z\u0131 g\u00f6zler \u00f6n\u00fcne seriyor.    Mutlulu\u011fun ne oldu\u011fu sorusu \u00e7a\u011f\u0131m\u0131z\u0131n en temel meselelerinden biri. Sosyal medya, reklamlar ve pop\u00fcler k\u00fclt\u00fcr ger\u00e7eklikten uzak bir mutluluk tan\u0131m\u0131 pompalarken, Gad Saad bilimsel yakla\u015f\u0131m\u0131yla bu yan\u0131lsamay\u0131 yerle bir ediyor. Bu kitap, hem bireysel fark\u0131ndal\u0131k hem de toplumsal bilin\u00e7 i\u00e7in g\u00fc\u00e7l\u00fc bir katk\u0131 sunuyor.    Mutluluk Hakk\u0131nda Ac\u0131 Ger\u00e7ek, ezber bozan, yer yer g\u00fcld\u00fcren ama hep d\u00fc\u015f\u00fcnd\u00fcren bir ba\u015fucu rehberi.    Bu Kitapta Neler Var?  Mutlulu\u011fun 8 bilimsel s\u0131rr\u0131  Hayat arkada\u015f\u0131n\u0131 ve mesle\u011fi do\u011fru se\u00e7menin \u00f6nemi  Orta yolculuk: Ne fazla ne eksik, tam karar\u0131nda bir ya\u015fam  Zorluklarla ba\u015f etmenin evrimsel temelleri  Oyun, mizah ve \u00e7ocuk\u00e7a merak\u0131n iyile\u015ftirici g\u00fcc\u00fc  Pi\u015fmanl\u0131klar\u0131 y\u00f6netme, kendinle bar\u0131\u015fma yollar\u0131  Ger\u00e7ek mutlulu\u011fu baltalayan k\u00fclt\u00fcrel tuzaklar  Ki\u015fisel hik\u00e2yelerle harmanlanm\u0131\u015f bilimsel i\u00e7g\u00f6r\u00fcler    Kimler \u0130\u00e7in?  Kli\u015fe ki\u015fisel geli\u015fim kitaplar\u0131ndan s\u0131k\u0131lanlar  Ger\u00e7ek\u00e7i, bilimsel ve sa\u011flam temellere dayanan bir mutluluk anlay\u0131\u015f\u0131 arayanlar  Zihinsel esneklik kazanmak isteyen yeti\u015fkinler  Hayat\u0131n\u0131n y\u00f6n\u00fcn\u00fc sorgulayanlar  Kendini tan\u0131mak ve geli\u015ftirmek isteyen \u00fcniversite \u00f6\u011frencileri  Terapi s\u00fcrecine e\u015flik edecek d\u00fcr\u00fcst, samimi bir kaynak arayanlar    Neden Okumal\u0131s\u0131n\u0131z?  \u00c7\u00fcnk\u00fc mutlu olmak bir hak de\u011fil, bir beceridir. Bu beceri, rastgele \u00f6nerilerle de\u011fil; bilimsel bilgi, bilin\u00e7li se\u00e7imler ve kendi do\u011fan\u0131 anlamakla geli\u015fir.  Gad Saad, mutlulu\u011fun Instagram filtrelerine de\u011fil; evrime, zek\u00e2ya ve karaktere dayal\u0131 bir s\u00fcre\u00e7 oldu\u011funu g\u00f6steriyor. Bu kitab\u0131 okuduktan sonra, mutluluk hakk\u0131nda d\u00fc\u015f\u00fcnme bi\u00e7iminiz sonsuza kadar de\u011fi\u015fecek.  <\/p>\n","protected":false},"excerpt":{"rendered":"<p>Mutluluk Sizi Yan\u0131ltmas\u0131n: Ger\u00e7ekler Her Zaman Tatl\u0131 De\u011fildir Mutluluk, pop\u00fcler k\u00fclt\u00fcr\u00fcn \u015fi\u015firdi\u011fi pembe balonlardan biri mi? Sosyal medyada, ki\u015fisel geli\u015fim kitaplar\u0131nda, Instagram postlar\u0131nda kar\u015f\u0131m\u0131za \u00e7\u0131kan \u201cpozitif<span class=\"excerpt-hellip\"> [\u2026]<\/span><\/p>\n","protected":false},"featured_media":0,"template":"","meta":{"_monsterinsights_skip_tracking":false,"_monsterinsights_sitenote_active":false,"_monsterinsights_sitenote_note":"","_monsterinsights_sitenote_category":0},"product_brand":[],"product_cat":[12364,12376],"product_tag":[],"class_list":{"0":"post-773478","1":"product","2":"type-product","3":"status-publish","5":"product_cat-genel-konular","6":"product_cat-kisisel-gelisim","7":"pa_cilt-ciltsiz","8":"pa_tur-kitap","9":"pa_yayinevi-okuyan-us-yayin","10":"pa_yazar-gad-saad","12":"first","13":"instock","14":"sale","15":"shipping-taxable","16":"purchasable","17":"product-type-simple"},"_links":{"self":[{"href":"https:\/\/roveyayinevi.com.tr\/index.php\/wp-json\/wp\/v2\/product\/773478","targetHints":{"allow":["GET"]}}],"collection":[{"href":"https:\/\/roveyayinevi.com.tr\/index.php\/wp-json\/wp\/v2\/product"}],"about":[{"href":"https:\/\/roveyayinevi.com.tr\/index.php\/wp-json\/wp\/v2\/types\/product"}],"wp:attachment":[{"href":"https:\/\/roveyayinevi.com.tr\/index.php\/wp-json\/wp\/v2\/media?parent=773478"}],"wp:term":[{"taxonomy":"product_brand","embeddable":true,"href":"https:\/\/roveyayinevi.com.tr\/index.php\/wp-json\/wp\/v2\/product_brand?post=773478"},{"taxonomy":"product_cat","embeddable":true,"href":"https:\/\/roveyayinevi.com.tr\/index.php\/wp-json\/wp\/v2\/product_cat?post=773478"},{"taxonomy":"product_tag","embeddable":true,"href":"https:\/\/roveyayinevi.com.tr\/index.php\/wp-json\/wp\/v2\/product_tag?post=773478"}],"curies":[{"name":"wp","href":"https:\/\/api.w.org\/{rel}","templated":true}]}}