{"id":773476,"date":"2025-08-28T16:17:44","date_gmt":"2025-08-28T13:17:44","guid":{"rendered":"https:\/\/roveyayinevi.com.tr\/index.php\/urun\/alya-cakiltasi-devi-kurtariyor\/"},"modified":"2026-04-15T03:39:47","modified_gmt":"2026-04-15T00:39:47","slug":"alya-cakiltasi-devi-kurtariyor","status":"publish","type":"product","link":"https:\/\/roveyayinevi.com.tr\/index.php\/urun\/alya-cakiltasi-devi-kurtariyor\/","title":{"rendered":"Alya \u00c7ak\u0131lta\u015f\u0131  Devi Kurtar\u0131yor"},"content":{"rendered":"<p>Kronik \u00c7ocuk sevilen serisi Alya \u00c7ak\u0131lta\u015f\u0131\u2019n\u0131n yeni kitab\u0131yla kar\u015f\u0131n\u0131zda: Alya \u00c7ak\u0131lta\u015f\u0131 Devi Kurtar\u0131yor   Okul gezileri s\u0131k\u0131c\u0131 m\u0131 olur? Alya i\u00e7in hi\u00e7 de \u00f6yle de\u011fil! Sanat m\u00fczesine yap\u0131lan s\u0131radan bir gezide, klasik bir masal\u0131 ba\u015ftan yazmaya karar veren Alya, bizi e\u011flenceli, zeki ve bol s\u00fcrprizli bir maceraya davet ediyor. Alya \u00c7ak\u0131lta\u015f\u0131 Devi Kurtar\u0131yor, masallar\u0131n tek do\u011fru sonla bitmesi gerekmedi\u011fini kan\u0131tlayan, yarat\u0131c\u0131 ve hayal g\u00fcc\u00fc y\u00fcksek bir hik\u00e2ye. Craig Barr-Green&#8217;in kaleminden \u00e7\u0131kan bu hik\u00e2yede Alya, \u201cJack ve Fasulye S\u0131r\u0131\u011f\u0131\u201d masal\u0131ndaki \u00fc\u00e7 b\u00fcy\u00fck hatay\u0131 fark ediyor ve devreye giriyor: Sihirli tohumlar takas m\u0131 edilir, devin e\u015fyalar\u0131 \u00e7al\u0131n\u0131r m\u0131 hi\u00e7? Alya\u2019n\u0131n planlar\u0131, okurunu g\u00fcl\u00fcmseten diyaloglar ve zekice hamlelerle \u015fekilleniyor. Francis Martin\u2019in dinamik ill\u00fcstrasyonlar\u0131 ise anlat\u0131ya enerjik bir ritim kat\u0131yor. Geleneksel masallara yepyeni bir bak\u0131\u015f sunan bu kitap, hem klasiklere kafa tutuyor hem de ele\u015ftirel d\u00fc\u015f\u00fcnmenin kap\u0131s\u0131n\u0131 aral\u0131yor.     Arka Kapak Yaz\u0131s\u0131:   Benim Ad\u0131m Alya \u00c7ak\u0131lta\u015f\u0131. Konu\u015fmam\u0131z gereken \u00fc\u00e7 konu var: 1. Jack ve Fasulye S\u0131r\u0131\u011f\u0131 masal\u0131 hatalarla dolu. 2. Ama ben bunlar\u0131 nas\u0131l \u00e7\u00f6zece\u011fimi biliyorum. 3. Plan\u0131m\u0131n i\u00e7inde sihirli fasulyeler yok (ama kek var). \u0130\u015fte devi b\u00f6yle kurtaraca\u011f\u0131m\u2026   Her \u00e7ocu\u011fa kendi hik\u00e2yesini, kendi istedi\u011fi \u015fekilde, Alya gibi anlatmas\u0131 i\u00e7in ilham verecek bir kitap.   M\u00fcfredat temalar\u0131:  DUYGULAR, \u00c7OCUK D\u00dcNYASI, MASAL, H\u0130K\u00c2YE ANLATIMI, HAYAT BECER\u0130LER\u0130, K\u0130\u015e\u0130SEL GEL\u0130\u015e\u0130M<\/p>\n","protected":false},"excerpt":{"rendered":"<p>Kronik \u00c7ocuk sevilen serisi Alya \u00c7ak\u0131lta\u015f\u0131\u2019n\u0131n yeni kitab\u0131yla kar\u015f\u0131n\u0131zda: Alya \u00c7ak\u0131lta\u015f\u0131 Devi Kurtar\u0131yor Okul gezileri s\u0131k\u0131c\u0131 m\u0131 olur? Alya i\u00e7in hi\u00e7 de \u00f6yle de\u011fil! Sanat m\u00fczesine<span class=\"excerpt-hellip\"> [\u2026]<\/span><\/p>\n","protected":false},"featured_media":0,"template":"","meta":{"_monsterinsights_skip_tracking":false,"_monsterinsights_sitenote_active":false,"_monsterinsights_sitenote_note":"","_monsterinsights_sitenote_category":0},"product_brand":[],"product_cat":[12274,12284],"product_tag":[],"class_list":{"0":"post-773476","1":"product","2":"type-product","3":"status-publish","5":"product_cat-cocuk-ve-genclik-kitaplari","6":"product_cat-hikayeler","7":"pa_cilt-ciltsiz","8":"pa_tur-kitap","9":"pa_yayinevi-kronik-kitap","10":"pa_yazar-craig-barr-green","12":"first","13":"instock","14":"sale","15":"shipping-taxable","16":"purchasable","17":"product-type-simple"},"_links":{"self":[{"href":"https:\/\/roveyayinevi.com.tr\/index.php\/wp-json\/wp\/v2\/product\/773476","targetHints":{"allow":["GET"]}}],"collection":[{"href":"https:\/\/roveyayinevi.com.tr\/index.php\/wp-json\/wp\/v2\/product"}],"about":[{"href":"https:\/\/roveyayinevi.com.tr\/index.php\/wp-json\/wp\/v2\/types\/product"}],"wp:attachment":[{"href":"https:\/\/roveyayinevi.com.tr\/index.php\/wp-json\/wp\/v2\/media?parent=773476"}],"wp:term":[{"taxonomy":"product_brand","embeddable":true,"href":"https:\/\/roveyayinevi.com.tr\/index.php\/wp-json\/wp\/v2\/product_brand?post=773476"},{"taxonomy":"product_cat","embeddable":true,"href":"https:\/\/roveyayinevi.com.tr\/index.php\/wp-json\/wp\/v2\/product_cat?post=773476"},{"taxonomy":"product_tag","embeddable":true,"href":"https:\/\/roveyayinevi.com.tr\/index.php\/wp-json\/wp\/v2\/product_tag?post=773476"}],"curies":[{"name":"wp","href":"https:\/\/api.w.org\/{rel}","templated":true}]}}