{"id":773472,"date":"2025-08-28T16:17:38","date_gmt":"2025-08-28T13:17:38","guid":{"rendered":"https:\/\/roveyayinevi.com.tr\/index.php\/urun\/dakikalar-icinde-mistisizm\/"},"modified":"2026-04-15T03:39:47","modified_gmt":"2026-04-15T00:39:47","slug":"dakikalar-icinde-mistisizm","status":"publish","type":"product","link":"https:\/\/roveyayinevi.com.tr\/index.php\/urun\/dakikalar-icinde-mistisizm\/","title":{"rendered":"Dakikalar \u0130\u00e7inde Mistisizm"},"content":{"rendered":"<p>M\u0130ST\u0130K D\u00dcNYANIN GEN\u0130\u015e VE KATMANLI EVREN\u0130 Mistisizm, insan\u0131n s\u0131n\u0131rl\u0131 varolu\u015funun \u00f6tesine ge\u00e7me arzusudur; kalple bilinen, sezgiyle hissedilen, deneyimle kavranan bir hakikat aray\u0131\u015f\u0131d\u0131r. Bu kitap, do\u011funun sessiz meditasyonlar\u0131ndan bat\u0131n\u0131n ezoterik s\u0131rlar\u0131na, sufilerin vecd h\u00e2linden Kabala\u2019n\u0131n say\u0131sal s\u0131rlar\u0131na, Hint felsefesinden New Age rit\u00fcellerine kadar pek \u00e7ok mistik gelene\u011fi bir araya getiriyor. Dakikalar \u0130\u00e7inde Mistisizm\u2019de ele al\u0131nan birbirinden uzak gibi g\u00f6r\u00fcnen geleneklerin tek gayesi var: insan\u0131n kendini, evreni ve mutlak hakikati anlama \u00e7abas\u0131. Mustafa B. Bozkurt mistik d\u00fc\u015f\u00fcncenin binlerce y\u0131ll\u0131k zenginli\u011fini 200 temel kavramla anla\u015f\u0131l\u0131r ve sistemli bir bi\u00e7imde sunuyor. Hint Budizmi\u2019nden H\u0131ristiyan mistisizmine, \u0130slam tasavvufundan New Age uygulamalara, Gnostik metinlerden Tibet \u00f6\u011fretilerine, \u00e7akralardan kozmik bilin\u00e7 d\u00fczeylerine, kadar uzanan bu yolculukta her kavram, bir d\u00fc\u015f\u00fcnce kap\u0131s\u0131n\u0131 aral\u0131yor. Kitap boyunca, i\u015flenen farkl\u0131 geleneklerin i\u00e7 i\u00e7e ge\u00e7ti\u011fi ortak temalarla kar\u015f\u0131la\u015facaks\u0131n\u0131z.  Dakikalar \u0130\u00e7inde Mistisizm, hem mistik d\u00fc\u015f\u00fcnceye ilgi duyan ama nereden ba\u015flayaca\u011f\u0131n\u0131 bilemeyenler i\u00e7in ideal bir ba\u015fvuru kayna\u011f\u0131 hem de mistisizmin evrensel diline k\u0131sa ama etkili bir yolculuk yapmak isteyenler i\u00e7in e\u015fsiz bir rehber.<\/p>\n","protected":false},"excerpt":{"rendered":"<p>M\u0130ST\u0130K D\u00dcNYANIN GEN\u0130\u015e VE KATMANLI EVREN\u0130 Mistisizm, insan\u0131n s\u0131n\u0131rl\u0131 varolu\u015funun \u00f6tesine ge\u00e7me arzusudur; kalple bilinen, sezgiyle hissedilen, deneyimle kavranan bir hakikat aray\u0131\u015f\u0131d\u0131r. Bu kitap, do\u011funun sessiz<span class=\"excerpt-hellip\"> [\u2026]<\/span><\/p>\n","protected":false},"featured_media":0,"template":"","meta":{"_monsterinsights_skip_tracking":false,"_monsterinsights_sitenote_active":false,"_monsterinsights_sitenote_note":"","_monsterinsights_sitenote_category":0},"product_brand":[],"product_cat":[20351,12388],"product_tag":[],"class_list":{"0":"post-773472","1":"product","2":"type-product","3":"status-publish","5":"product_cat-dusunce","6":"product_cat-felsefe","7":"pa_cilt-ciltsiz","8":"pa_tur-kitap","9":"pa_yayinevi-kronik-kitap","10":"pa_yazar-mustafa-b-bozkurt","12":"first","13":"instock","14":"sale","15":"shipping-taxable","16":"purchasable","17":"product-type-simple"},"_links":{"self":[{"href":"https:\/\/roveyayinevi.com.tr\/index.php\/wp-json\/wp\/v2\/product\/773472","targetHints":{"allow":["GET"]}}],"collection":[{"href":"https:\/\/roveyayinevi.com.tr\/index.php\/wp-json\/wp\/v2\/product"}],"about":[{"href":"https:\/\/roveyayinevi.com.tr\/index.php\/wp-json\/wp\/v2\/types\/product"}],"wp:attachment":[{"href":"https:\/\/roveyayinevi.com.tr\/index.php\/wp-json\/wp\/v2\/media?parent=773472"}],"wp:term":[{"taxonomy":"product_brand","embeddable":true,"href":"https:\/\/roveyayinevi.com.tr\/index.php\/wp-json\/wp\/v2\/product_brand?post=773472"},{"taxonomy":"product_cat","embeddable":true,"href":"https:\/\/roveyayinevi.com.tr\/index.php\/wp-json\/wp\/v2\/product_cat?post=773472"},{"taxonomy":"product_tag","embeddable":true,"href":"https:\/\/roveyayinevi.com.tr\/index.php\/wp-json\/wp\/v2\/product_tag?post=773472"}],"curies":[{"name":"wp","href":"https:\/\/api.w.org\/{rel}","templated":true}]}}