{"id":773471,"date":"2025-08-28T16:17:37","date_gmt":"2025-08-28T13:17:37","guid":{"rendered":"https:\/\/roveyayinevi.com.tr\/index.php\/urun\/nazi-almanyasi-tarihi\/"},"modified":"2026-04-15T03:39:47","modified_gmt":"2026-04-15T00:39:47","slug":"nazi-almanyasi-tarihi","status":"publish","type":"product","link":"https:\/\/roveyayinevi.com.tr\/index.php\/urun\/nazi-almanyasi-tarihi\/","title":{"rendered":"Nazi Almanyas\u0131 Tarihi"},"content":{"rendered":"<p>B\u0130R D\u0130KTAT\u00d6RL\u00dc\u011e\u00dcN DO\u011eU\u015eU VE \u00c7\u00d6K\u00dc\u015e\u00dc   Weimar Cumhuriyeti\u2019nin k\u0131r\u0131lgan yap\u0131s\u0131, ekonomik krizler, siyasal kutupla\u015fma ve halk\u0131n demokrasiye olan g\u00fcven kayb\u0131, Almanya\u2019y\u0131 radikal bir d\u00f6n\u00fc\u015f\u00fcme a\u00e7\u0131k h\u00e2le getirdi. Nasyonal Sosyalistlerin y\u00fckseli\u015fi, i\u015fte bu k\u0131rg\u0131nl\u0131k ve \u00f6fkenin tam ortas\u0131nda filizlendi. Goebbels\u2019in propagandas\u0131, \u201carkadan han\u00e7erlenme\u201d anlat\u0131s\u0131n\u0131 milliyet\u00e7i s\u00f6ylemlerle harmanlayarak g\u00fc\u00e7l\u00fc bir siyasal silaha d\u00f6n\u00fc\u015ft\u00fcrd\u00fc. Hitler bu silah\u0131 kullanmaktan asla \u00e7ekinmeyecekti.   Gregor Strasser ve Ernst R\u00f6hm gibi g\u00fc\u00e7l\u00fc isimlerin tasfiyeleri, Goebbels, Himmler ve G\u00f6ring gibi fig\u00fcrlerin h\u0131zla y\u00fckseli\u015fi, Hindenburg\u2019un \u00f6l\u00fcm\u00fcyle Hitler\u2019in mutlak g\u00fcc\u00fc ele ge\u00e7irmesi ve Weimar Cumhuriyeti\u2019nin fiilen da\u011f\u0131lmas\u0131; t\u00fcm bunlar rejimin siyasi yap\u0131s\u0131n\u0131 yeniden \u015fekillendirirken, Hjalmar Schacht, Walther Funk ve Ferdinand Porsche gibi akt\u00f6rlerin ekonomi ve sanayide ger\u00e7ekle\u015ftirdi\u011fi at\u0131l\u0131mlar, Almanya\u2019y\u0131 h\u0131zla sava\u015fa haz\u0131rlanan, merkez\u00eele\u015fmi\u015f ve militarize bir devlet yap\u0131s\u0131na d\u00f6n\u00fc\u015ft\u00fcrd\u00fc.   1939\u2019da Polonya\u2019n\u0131n i\u015fgaliyle ba\u015flayan sava\u015f, Nazi Almanyas\u0131\u2019n\u0131n h\u0131zla geni\u015fleyen sald\u0131rgan politikalar\u0131n\u0131 sahneye ta\u015f\u0131d\u0131. Blitzkrieg taktikleriyle Avrupa\u2019n\u0131n b\u00fcy\u00fck b\u00f6l\u00fcm\u00fcn\u00fc k\u0131sa s\u00fcrede ele ge\u00e7iren rejim, do\u011fuda Sovyetler Birli\u011fi\u2019ne kar\u015f\u0131 y\u00fcr\u00fctt\u00fc\u011f\u00fc Barbarossa Harek\u00e2t\u0131\u2019yla tarihin en kanl\u0131 cephelerinden birini a\u00e7t\u0131. Alman sava\u015f makinesi, ba\u015f d\u00f6nd\u00fcr\u00fcc\u00fc bir h\u0131zla b\u00fcy\u00fcrken ayn\u0131 h\u0131zla da t\u00fckenmeye ba\u015flad\u0131; a\u011f\u0131r kay\u0131plar, bombalanan \u015fehirler ve \u00e7\u00f6ken moral, rejimin \u00e7\u00f6k\u00fc\u015f\u00fcn\u00fc h\u0131zland\u0131rd\u0131. <\/p>\n","protected":false},"excerpt":{"rendered":"<p>B\u0130R D\u0130KTAT\u00d6RL\u00dc\u011e\u00dcN DO\u011eU\u015eU VE \u00c7\u00d6K\u00dc\u015e\u00dc Weimar Cumhuriyeti\u2019nin k\u0131r\u0131lgan yap\u0131s\u0131, ekonomik krizler, siyasal kutupla\u015fma ve halk\u0131n demokrasiye olan g\u00fcven kayb\u0131, Almanya\u2019y\u0131 radikal bir d\u00f6n\u00fc\u015f\u00fcme a\u00e7\u0131k h\u00e2le getirdi.<span class=\"excerpt-hellip\"> [\u2026]<\/span><\/p>\n","protected":false},"featured_media":0,"template":"","meta":{"_monsterinsights_skip_tracking":false,"_monsterinsights_sitenote_active":false,"_monsterinsights_sitenote_note":"","_monsterinsights_sitenote_category":0},"product_brand":[],"product_cat":[12305,12304],"product_tag":[],"class_list":{"0":"post-773471","1":"product","2":"type-product","3":"status-publish","5":"product_cat-dunya-tarihi","6":"product_cat-tarih","7":"pa_cilt-ciltsiz","8":"pa_tur-kitap","9":"pa_yayinevi-kronik-kitap","10":"pa_yazar-alan-e-steinweis-robert-d-rachlin","12":"first","13":"instock","14":"sale","15":"shipping-taxable","16":"purchasable","17":"product-type-simple"},"_links":{"self":[{"href":"https:\/\/roveyayinevi.com.tr\/index.php\/wp-json\/wp\/v2\/product\/773471","targetHints":{"allow":["GET"]}}],"collection":[{"href":"https:\/\/roveyayinevi.com.tr\/index.php\/wp-json\/wp\/v2\/product"}],"about":[{"href":"https:\/\/roveyayinevi.com.tr\/index.php\/wp-json\/wp\/v2\/types\/product"}],"wp:attachment":[{"href":"https:\/\/roveyayinevi.com.tr\/index.php\/wp-json\/wp\/v2\/media?parent=773471"}],"wp:term":[{"taxonomy":"product_brand","embeddable":true,"href":"https:\/\/roveyayinevi.com.tr\/index.php\/wp-json\/wp\/v2\/product_brand?post=773471"},{"taxonomy":"product_cat","embeddable":true,"href":"https:\/\/roveyayinevi.com.tr\/index.php\/wp-json\/wp\/v2\/product_cat?post=773471"},{"taxonomy":"product_tag","embeddable":true,"href":"https:\/\/roveyayinevi.com.tr\/index.php\/wp-json\/wp\/v2\/product_tag?post=773471"}],"curies":[{"name":"wp","href":"https:\/\/api.w.org\/{rel}","templated":true}]}}