{"id":773467,"date":"2025-08-28T16:17:28","date_gmt":"2025-08-28T13:17:28","guid":{"rendered":"https:\/\/roveyayinevi.com.tr\/index.php\/urun\/arkadaslik-icin-mukemmel-bir-gun\/"},"modified":"2026-04-15T03:39:47","modified_gmt":"2026-04-15T00:39:47","slug":"arkadaslik-icin-mukemmel-bir-gun","status":"publish","type":"product","link":"https:\/\/roveyayinevi.com.tr\/index.php\/urun\/arkadaslik-icin-mukemmel-bir-gun\/","title":{"rendered":"Arkada\u015fl\u0131k i\u00e7in M\u00fckemmel Bir G\u00fcn"},"content":{"rendered":"<p>K\u00fc\u00e7\u00fck Orman\u2019da sonbahar\u0131n en g\u00fczel renkleriyle dolu bir g\u00fcn. Tilki, en yak\u0131n arkada\u015f\u0131 Tav\u015fan\u2019la birlikte vakit ge\u00e7irmek istiyor. Ancak Tav\u015fan bug\u00fcn \u00fczg\u00fcn ve hi\u00e7bir \u015fey yapmak istemiyor. Acaba Tilki, arkada\u015f\u0131n\u0131 ne\u015felendirmek i\u00e7in ne yapabilir? Arkada\u015fl\u0131k \u0130\u00e7in M\u00fckemmel Bir G\u00fcn, ger\u00e7ek dostlu\u011fun ve empatiyle yakla\u015fman\u0131n g\u00fcc\u00fcn\u00fc anlatan s\u0131cak bir \u00f6yk\u00fc. Tilki\u2019nin Tav\u015fan\u2019a g\u00f6sterdi\u011fi sab\u0131r ve anlay\u0131\u015f, k\u00fc\u00e7\u00fck okurlara arkada\u015fl\u0131k de\u011ferlerini \u00f6\u011fretirken, ayn\u0131 zamanda duygular\u0131n\u0131 tan\u0131ma ve ifade etme konusunda da rehberlik ediyor. <\/p>\n","protected":false},"excerpt":{"rendered":"<p>K\u00fc\u00e7\u00fck Orman\u2019da sonbahar\u0131n en g\u00fczel renkleriyle dolu bir g\u00fcn. Tilki, en yak\u0131n arkada\u015f\u0131 Tav\u015fan\u2019la birlikte vakit ge\u00e7irmek istiyor. Ancak Tav\u015fan bug\u00fcn \u00fczg\u00fcn ve hi\u00e7bir \u015fey yapmak<span class=\"excerpt-hellip\"> [\u2026]<\/span><\/p>\n","protected":false},"featured_media":0,"template":"","meta":{"_monsterinsights_skip_tracking":false,"_monsterinsights_sitenote_active":false,"_monsterinsights_sitenote_note":"","_monsterinsights_sitenote_category":0},"product_brand":[],"product_cat":[12274,12284],"product_tag":[],"class_list":{"0":"post-773467","1":"product","2":"type-product","3":"status-publish","5":"product_cat-cocuk-ve-genclik-kitaplari","6":"product_cat-hikayeler","7":"pa_cilt-ciltsiz","8":"pa_tur-kitap","9":"pa_yayinevi-1001-cicek-kitaplar","10":"pa_yazar-maria-gianola","12":"first","13":"instock","14":"sale","15":"shipping-taxable","16":"purchasable","17":"product-type-simple"},"_links":{"self":[{"href":"https:\/\/roveyayinevi.com.tr\/index.php\/wp-json\/wp\/v2\/product\/773467","targetHints":{"allow":["GET"]}}],"collection":[{"href":"https:\/\/roveyayinevi.com.tr\/index.php\/wp-json\/wp\/v2\/product"}],"about":[{"href":"https:\/\/roveyayinevi.com.tr\/index.php\/wp-json\/wp\/v2\/types\/product"}],"wp:attachment":[{"href":"https:\/\/roveyayinevi.com.tr\/index.php\/wp-json\/wp\/v2\/media?parent=773467"}],"wp:term":[{"taxonomy":"product_brand","embeddable":true,"href":"https:\/\/roveyayinevi.com.tr\/index.php\/wp-json\/wp\/v2\/product_brand?post=773467"},{"taxonomy":"product_cat","embeddable":true,"href":"https:\/\/roveyayinevi.com.tr\/index.php\/wp-json\/wp\/v2\/product_cat?post=773467"},{"taxonomy":"product_tag","embeddable":true,"href":"https:\/\/roveyayinevi.com.tr\/index.php\/wp-json\/wp\/v2\/product_tag?post=773467"}],"curies":[{"name":"wp","href":"https:\/\/api.w.org\/{rel}","templated":true}]}}