{"id":773465,"date":"2025-08-28T16:17:24","date_gmt":"2025-08-28T13:17:24","guid":{"rendered":"https:\/\/roveyayinevi.com.tr\/index.php\/urun\/sonlarin-tanrisi\/"},"modified":"2026-04-15T03:39:47","modified_gmt":"2026-04-15T00:39:47","slug":"sonlarin-tanrisi","status":"publish","type":"product","link":"https:\/\/roveyayinevi.com.tr\/index.php\/urun\/sonlarin-tanrisi\/","title":{"rendered":"Sonlar\u0131n Tanr\u0131s\u0131"},"content":{"rendered":"<p>Anna, 1830\u2019lar\u0131n Amerika\u2019s\u0131nda \u00f6l\u00fcmle tan\u0131\u015ft\u0131\u2026 Fakat \u00f6lmeyi ba\u015faramad\u0131. Vampir b\u00fcy\u00fckbabas\u0131n\u0131n \u201carma\u011fan\u0131yla\u201d bitmek bilmeyen hayat\u0131n ve sonsuz bir lanetin i\u00e7ine geri d\u00f6nd\u00fc. Oysa kimse ona se\u00e7imini sormam\u0131\u015ft\u0131. Y\u00fczy\u0131llar boyunca \u015fehirler, sava\u015flar, k\u0131talar aras\u0131nda s\u00fcr\u00fcklendi; sevdi\u011fi herkesi kaybetti, unutmak i\u00e7in ka\u00e7mas\u0131na ra\u011fmen her an\u0131 iliklerinde ta\u015f\u0131d\u0131. \u00d6l\u00fcmden g\u00fc\u00e7l\u00fc sand\u0131\u011f\u0131 ba\u011flar, hep onun elinde par\u00e7aland\u0131. Zaman\u0131n i\u00e7inde savrulup giderken sadece sonsuzlukla lanetlenmi\u015f bir ruhun a\u00e7l\u0131\u011f\u0131na ve kay\u0131plarlayo\u011frulmu\u015f bir kalbin sanc\u0131s\u0131na sahip olabildi.1984 y\u0131l\u0131nda, New York\u2019un k\u0131rsal\u0131nda sessiz bir ya\u015fam kurdu\u011funda art\u0131k hi\u00e7bir \u015feyin de\u011fi\u015fmeyece\u011fine inan\u0131yordu. Ta ki Leo\u2019yla tan\u0131\u015fana dek. Zay\u0131f, k\u0131r\u0131lgan ama b\u00fcy\u00fcleyici bir yetene\u011fe sahip bu k\u00fc\u00e7\u00fck \u00e7ocuk, Anna\u2019n\u0131n buz tutmu\u015f kalbinde bir k\u0131v\u0131lc\u0131m yakt\u0131. Ancak Anna, i\u00e7indeki karanl\u0131k g\u00fcnden g\u00fcne b\u00fcy\u00fcrken \u00f6l\u00fcmle ya\u015fam aras\u0131nda son bir se\u00e7im yapmak zorunda kalacakt\u0131. Peki, bir \u00f6l\u00fcms\u00fcz i\u00e7in h\u00e2l\u00e2 yeni ba\u015flang\u0131\u00e7lara ad\u0131m atman\u0131n imk\u00e2n\u0131 var m\u0131yd\u0131? Art\u0131k Anna i\u00e7in d\u00fcnyan\u0131n karma\u015fas\u0131 ve varolu\u015fun zincirleri, her zamankinden daha a\u011f\u0131r ve sars\u0131c\u0131yd\u0131. \u00dcstelik bu sefer yaln\u0131zca kendi kaderini de\u011fil, bir ba\u015fkas\u0131n\u0131nkini de avu\u00e7lar\u0131n\u0131n aras\u0131nda ta\u015f\u0131mak zorundayd\u0131.\u201cZaman\u0131n \u00f6tesinde bir kurgu ve m\u00fckemmel karakter geli\u015fimi. Anne Rice\u2019\u0131n Vampirle G\u00f6r\u00fc\u015fme ve V. E. Schwab\u2019\u0131n Addie LaRue\u2019n\u00fcn G\u00f6r\u00fcnmez Hayat\u0131 hayranlar\u0131 i\u00e7in harika bir se\u00e7im.\u201d\u2014LIBRARY JOURNAL<\/p>\n","protected":false},"excerpt":{"rendered":"<p>Anna, 1830\u2019lar\u0131n Amerika\u2019s\u0131nda \u00f6l\u00fcmle tan\u0131\u015ft\u0131\u2026 Fakat \u00f6lmeyi ba\u015faramad\u0131. Vampir b\u00fcy\u00fckbabas\u0131n\u0131n \u201carma\u011fan\u0131yla\u201d bitmek bilmeyen hayat\u0131n ve sonsuz bir lanetin i\u00e7ine geri d\u00f6nd\u00fc. Oysa kimse ona se\u00e7imini sormam\u0131\u015ft\u0131.<span class=\"excerpt-hellip\"> [\u2026]<\/span><\/p>\n","protected":false},"featured_media":0,"template":"","meta":{"_monsterinsights_skip_tracking":false,"_monsterinsights_sitenote_active":false,"_monsterinsights_sitenote_note":"","_monsterinsights_sitenote_category":0},"product_brand":[],"product_cat":[12291,14777],"product_tag":[],"class_list":{"0":"post-773465","1":"product","2":"type-product","3":"status-publish","5":"product_cat-edebiyat","6":"product_cat-fantastik","7":"pa_cilt-ciltsiz","8":"pa_tur-kitap","9":"pa_yayinevi-nemesis-kitap","10":"pa_yazar-jacqueline-holland","12":"first","13":"instock","14":"sale","15":"shipping-taxable","16":"purchasable","17":"product-type-simple"},"_links":{"self":[{"href":"https:\/\/roveyayinevi.com.tr\/index.php\/wp-json\/wp\/v2\/product\/773465","targetHints":{"allow":["GET"]}}],"collection":[{"href":"https:\/\/roveyayinevi.com.tr\/index.php\/wp-json\/wp\/v2\/product"}],"about":[{"href":"https:\/\/roveyayinevi.com.tr\/index.php\/wp-json\/wp\/v2\/types\/product"}],"wp:attachment":[{"href":"https:\/\/roveyayinevi.com.tr\/index.php\/wp-json\/wp\/v2\/media?parent=773465"}],"wp:term":[{"taxonomy":"product_brand","embeddable":true,"href":"https:\/\/roveyayinevi.com.tr\/index.php\/wp-json\/wp\/v2\/product_brand?post=773465"},{"taxonomy":"product_cat","embeddable":true,"href":"https:\/\/roveyayinevi.com.tr\/index.php\/wp-json\/wp\/v2\/product_cat?post=773465"},{"taxonomy":"product_tag","embeddable":true,"href":"https:\/\/roveyayinevi.com.tr\/index.php\/wp-json\/wp\/v2\/product_tag?post=773465"}],"curies":[{"name":"wp","href":"https:\/\/api.w.org\/{rel}","templated":true}]}}