{"id":773464,"date":"2025-08-28T16:17:21","date_gmt":"2025-08-28T13:17:21","guid":{"rendered":"https:\/\/roveyayinevi.com.tr\/index.php\/urun\/bulmaca-ustasi\/"},"modified":"2026-04-15T03:39:47","modified_gmt":"2026-04-15T00:39:47","slug":"bulmaca-ustasi","status":"publish","type":"product","link":"https:\/\/roveyayinevi.com.tr\/index.php\/urun\/bulmaca-ustasi\/","title":{"rendered":"Bulmaca Ustas\u0131"},"content":{"rendered":"<p>Baz\u0131 s\u0131rlar sonsuza dek m\u00fch\u00fcrl\u00fc kalmak i\u00e7inyarat\u0131lm\u0131\u015f olabilir mi? Mike Brink, ge\u00e7irdi\u011fi beyin travmas\u0131 sonras\u0131 zihninde ola\u011fan\u00fcst\u00fc bir kap\u0131 a\u00e7\u0131lan d\u00e2hiyane bir bulmaca ustas\u0131d\u0131r. S\u0131rad\u0131\u015f\u0131 yetene\u011fiyle d\u00fcnyan\u0131n en karma\u015f\u0131k \u015fifrelerini \u00e7\u00f6zebilir\u2026 Ama kendi ge\u00e7mi\u015finin ve kalbinin s\u0131rlar\u0131n\u0131 de\u011fil. Her \u015fey, sessizli\u011fe g\u00f6m\u00fclm\u00fc\u015f bir mahk\u00fbm olan Jess Price&#8217;\u0131n \u00e7izdi\u011fi tuhaf bir sembolle ba\u015flar. Jess, y\u0131llard\u0131r kimseyle konu\u015fmam\u0131\u015ft\u0131r, ama bir g\u00fcn Mike&#8217;\u0131n ad\u0131n\u0131 yazarak onu hapishaneye \u00e7a\u011f\u0131r\u0131r. Mike, bu \u00e7a\u011fr\u0131ya kay\u0131ts\u0131z kalamaz. \u00c7\u00fcnk\u00fc Jess&#8217;in sessizli\u011finde yank\u0131lanan \u015fey, yaln\u0131zca \u00e7\u00f6z\u00fclmemi\u015f bir cinayet de\u011fil, insanl\u0131k tarihine uzanan bir kehanettir. Mike, orta\u00e7a\u011f mistisizmiyle g\u00fcn\u00fcm\u00fcz teknolojisi aras\u0131nda s\u00fcr\u00fcklenirken ak\u0131l, inan\u00e7 ve ger\u00e7eklik aras\u0131ndaki \u00e7izgiler bulan\u0131kla\u015f\u0131r.  \u00c7\u00f6z\u00fclmeyi bekleyen bilmece art\u0131k sadece k\u00e2\u011f\u0131t \u00fczerindeki sembollerle de\u011fil; kanla, a\u015fkla ve kadim bir s\u0131rla yaz\u0131lm\u0131\u015ft\u0131r. Cevap, insan zihninin derinliklerinde gizli\u2026Ve baz\u0131 cevaplar bulunmaktan \u00e7ok, ke\u015ffedilmeyi bekler.<\/p>\n","protected":false},"excerpt":{"rendered":"<p>Baz\u0131 s\u0131rlar sonsuza dek m\u00fch\u00fcrl\u00fc kalmak i\u00e7inyarat\u0131lm\u0131\u015f olabilir mi? Mike Brink, ge\u00e7irdi\u011fi beyin travmas\u0131 sonras\u0131 zihninde ola\u011fan\u00fcst\u00fc bir kap\u0131 a\u00e7\u0131lan d\u00e2hiyane bir bulmaca ustas\u0131d\u0131r. S\u0131rad\u0131\u015f\u0131 yetene\u011fiyle<span class=\"excerpt-hellip\"> [\u2026]<\/span><\/p>\n","protected":false},"featured_media":0,"template":"","meta":{"_monsterinsights_skip_tracking":false,"_monsterinsights_sitenote_active":false,"_monsterinsights_sitenote_note":"","_monsterinsights_sitenote_category":0},"product_brand":[],"product_cat":[12291,15445],"product_tag":[],"class_list":{"0":"post-773464","1":"product","2":"type-product","3":"status-publish","5":"product_cat-edebiyat","6":"product_cat-polisiye","7":"pa_cilt-ciltsiz","8":"pa_tur-kitap","9":"pa_yayinevi-nemesis-kitap","10":"pa_yazar-danielle-trussoni","12":"first","13":"instock","14":"sale","15":"shipping-taxable","16":"purchasable","17":"product-type-simple"},"_links":{"self":[{"href":"https:\/\/roveyayinevi.com.tr\/index.php\/wp-json\/wp\/v2\/product\/773464","targetHints":{"allow":["GET"]}}],"collection":[{"href":"https:\/\/roveyayinevi.com.tr\/index.php\/wp-json\/wp\/v2\/product"}],"about":[{"href":"https:\/\/roveyayinevi.com.tr\/index.php\/wp-json\/wp\/v2\/types\/product"}],"wp:attachment":[{"href":"https:\/\/roveyayinevi.com.tr\/index.php\/wp-json\/wp\/v2\/media?parent=773464"}],"wp:term":[{"taxonomy":"product_brand","embeddable":true,"href":"https:\/\/roveyayinevi.com.tr\/index.php\/wp-json\/wp\/v2\/product_brand?post=773464"},{"taxonomy":"product_cat","embeddable":true,"href":"https:\/\/roveyayinevi.com.tr\/index.php\/wp-json\/wp\/v2\/product_cat?post=773464"},{"taxonomy":"product_tag","embeddable":true,"href":"https:\/\/roveyayinevi.com.tr\/index.php\/wp-json\/wp\/v2\/product_tag?post=773464"}],"curies":[{"name":"wp","href":"https:\/\/api.w.org\/{rel}","templated":true}]}}