{"id":773462,"date":"2025-08-28T16:17:17","date_gmt":"2025-08-28T13:17:17","guid":{"rendered":"https:\/\/roveyayinevi.com.tr\/index.php\/urun\/sesli-dokun-hisset-ciftlik\/"},"modified":"2026-04-15T03:39:47","modified_gmt":"2026-04-15T00:39:47","slug":"sesli-dokun-hisset-ciftlik","status":"publish","type":"product","link":"https:\/\/roveyayinevi.com.tr\/index.php\/urun\/sesli-dokun-hisset-ciftlik\/","title":{"rendered":"Sesli Dokun &amp; Hisset &#8211; \u00c7iftlik"},"content":{"rendered":"<p>HEM DOKUN&amp;H\u0130SSET HEM SESLER\u0130 TANI ! 5 FARKLI DOKUN H\u0130SSET VE SES BUTONU \u0130LE E\u011e\u0130T\u0130C\u0130 E\u011eLENCEL\u0130 B\u0130R ETK\u0130LE\u015e\u0130M K\u0130TABI. M\u0130N\u0130K ELLER\u0130NLE BASMAYA VE \u00d6\u011eRENMEYE HAZIR MISIN ? <\/p>\n","protected":false},"excerpt":{"rendered":"<p>HEM DOKUN&amp;H\u0130SSET HEM SESLER\u0130 TANI ! 5 FARKLI DOKUN H\u0130SSET VE SES BUTONU \u0130LE E\u011e\u0130T\u0130C\u0130 E\u011eLENCEL\u0130 B\u0130R ETK\u0130LE\u015e\u0130M K\u0130TABI. M\u0130N\u0130K ELLER\u0130NLE BASMAYA VE \u00d6\u011eRENMEYE HAZIR MISIN<span class=\"excerpt-hellip\"> [\u2026]<\/span><\/p>\n","protected":false},"featured_media":0,"template":"","meta":{"_monsterinsights_skip_tracking":false,"_monsterinsights_sitenote_active":false,"_monsterinsights_sitenote_note":"","_monsterinsights_sitenote_category":0},"product_brand":[],"product_cat":[12274,12518],"product_tag":[],"class_list":{"0":"post-773462","1":"product","2":"type-product","3":"status-publish","5":"product_cat-cocuk-ve-genclik-kitaplari","6":"product_cat-okul-oncesi-kitaplar","7":"pa_cilt-ciltsiz","8":"pa_tur-kitap","9":"pa_yayinevi-net-cocuk-yayinlari","10":"pa_yazar-kolektif","12":"first","13":"instock","14":"sale","15":"shipping-taxable","16":"purchasable","17":"product-type-simple"},"_links":{"self":[{"href":"https:\/\/roveyayinevi.com.tr\/index.php\/wp-json\/wp\/v2\/product\/773462","targetHints":{"allow":["GET"]}}],"collection":[{"href":"https:\/\/roveyayinevi.com.tr\/index.php\/wp-json\/wp\/v2\/product"}],"about":[{"href":"https:\/\/roveyayinevi.com.tr\/index.php\/wp-json\/wp\/v2\/types\/product"}],"wp:attachment":[{"href":"https:\/\/roveyayinevi.com.tr\/index.php\/wp-json\/wp\/v2\/media?parent=773462"}],"wp:term":[{"taxonomy":"product_brand","embeddable":true,"href":"https:\/\/roveyayinevi.com.tr\/index.php\/wp-json\/wp\/v2\/product_brand?post=773462"},{"taxonomy":"product_cat","embeddable":true,"href":"https:\/\/roveyayinevi.com.tr\/index.php\/wp-json\/wp\/v2\/product_cat?post=773462"},{"taxonomy":"product_tag","embeddable":true,"href":"https:\/\/roveyayinevi.com.tr\/index.php\/wp-json\/wp\/v2\/product_tag?post=773462"}],"curies":[{"name":"wp","href":"https:\/\/api.w.org\/{rel}","templated":true}]}}