{"id":773459,"date":"2025-08-28T16:17:11","date_gmt":"2025-08-28T13:17:11","guid":{"rendered":"https:\/\/roveyayinevi.com.tr\/index.php\/urun\/50-yilin-toplu-oykuleri-ciltli\/"},"modified":"2026-04-15T03:39:47","modified_gmt":"2026-04-15T00:39:47","slug":"50-yilin-toplu-oykuleri-ciltli","status":"publish","type":"product","link":"https:\/\/roveyayinevi.com.tr\/index.php\/urun\/50-yilin-toplu-oykuleri-ciltli\/","title":{"rendered":"50 Y\u0131l\u0131n Toplu \u00d6yk\u00fcleri (Ciltli)"},"content":{"rendered":"<p>50 Y\u0131l\u0131n Toplu \u00d6yk\u00fcleri. Buket Uzuner\u2019in son 50 y\u0131ld\u0131r yazd\u0131\u011f\u0131 \u00f6yk\u00fcler. 50 y\u0131l m\u0131? Bir yanl\u0131\u015fl\u0131k olmas\u0131n? O kadar uzun zaman ge\u00e7mi\u015f olabilir mi? O halde, kolumun alt\u0131nda, elyazmas\u0131 bir \u00f6yk\u00fc dosyas\u0131yla Attil\u00e2 \u0130lhan\u2019\u0131n o k\u00fc\u00e7\u00fcc\u00fck edit\u00f6r odas\u0131na girip, yazd\u0131klar\u0131m\u0131n yay\u0131mlanmas\u0131 i\u00e7in \u00e7ok zorlu ve uzun m\u00fccadeleye ba\u015flad\u0131\u011f\u0131mda neredeyse \u00e7ocukmu\u015fum! Ve demek ki, \u015fimdi \u00fcniversitelilere art\u0131k \u201c\u00e7ocuk\u201d diyecek bir ya\u015fa gelmi\u015fim! \u015ea\u015f\u0131r\u0131yorum: O 50 y\u0131l\u0131n nas\u0131l bu kadar \u00e7abuk, h\u0131zl\u0131, zor, yorucu, s\u0131k s\u0131k d\u00fc\u015f\u00fcp yaralanarak, sonra kalk\u0131p yeniden ko\u015fmaya ba\u015flayarak, k\u0131r\u0131larak, d\u0131\u015flanarak, u\u011fra\u015farak, sans\u00fcr\u00fcn her t\u00fcr\u00fcnden \u00e7ekinerek, ba\u015f\u0131na \u201cbir \u015fey\u201d gelmesinden endi\u015felenerek, kad\u0131n yazar olman\u0131n toplumun her kesiminde kad\u0131na y\u00f6nelik ayr\u0131ca fazladan tehlike ve tehditlerini bilerek, devaml\u0131 tetikte olarak ve bunlara ra\u011fmen o 50 y\u0131l\u0131n nas\u0131l b\u00f6yle heyecanl\u0131, canl\u0131, hareketli, ne\u015feli, sevin\u00e7li, enerjik, yepyeni fikirlerle dolu ge\u00e7ti\u011fine \u015fa\u015f\u0131r\u0131yorum. Seviniyorum, her \u015feye ra\u011fmen \u201cYazmasam \u00f6l\u00fcr\u00fcm!\u201d diyen Sait Faik\u2019in yaz\u0131 soyundan gelip, \u201cAslolan ya\u015famakt\u0131r,\u201d diyerek \u201ck\u0131z ne\u015fesi\u201dni en zor g\u00fcn\u00fcnde bile yitirmemi\u015f Sevgi Soysal\u2019\u0131n ne\u015fe g\u00fcc\u00fcnden beslenen, yazmaya adanm\u0131\u015f, yaz\u0131ya, edebiyata \u00e2\u015f\u0131k bir 50 y\u0131l ge\u00e7mi\u015f. Umudum, sonuna dek yazarak, okuyarak, okur, d\u00fc\u015f\u00fcn\u00fcr, iyi insanlarla bulu\u015farak, sevdiklerimi kucaklayarak ge\u00e7ecek, yani \u201ci\u015fe yaram\u0131\u015f bir ya\u015fam\u201d. Bir hayattan zaten ba\u015fka ne istenir ki\u2026 \u2014Buket Uzuner<\/p>\n","protected":false},"excerpt":{"rendered":"<p>50 Y\u0131l\u0131n Toplu \u00d6yk\u00fcleri. Buket Uzuner\u2019in son 50 y\u0131ld\u0131r yazd\u0131\u011f\u0131 \u00f6yk\u00fcler. 50 y\u0131l m\u0131? Bir yanl\u0131\u015fl\u0131k olmas\u0131n? O kadar uzun zaman ge\u00e7mi\u015f olabilir mi? O halde,<span class=\"excerpt-hellip\"> [\u2026]<\/span><\/p>\n","protected":false},"featured_media":0,"template":"","meta":{"_monsterinsights_skip_tracking":false,"_monsterinsights_sitenote_active":false,"_monsterinsights_sitenote_note":"","_monsterinsights_sitenote_category":0},"product_brand":[],"product_cat":[12291,12711],"product_tag":[],"class_list":{"0":"post-773459","1":"product","2":"type-product","3":"status-publish","5":"product_cat-edebiyat","6":"product_cat-roman-oyku","7":"pa_cilt-ciltli","8":"pa_tur-kitap","9":"pa_yayinevi-everest-yayinlari","10":"pa_yazar-buket-uzuner","12":"first","13":"instock","14":"sale","15":"shipping-taxable","16":"purchasable","17":"product-type-simple"},"_links":{"self":[{"href":"https:\/\/roveyayinevi.com.tr\/index.php\/wp-json\/wp\/v2\/product\/773459","targetHints":{"allow":["GET"]}}],"collection":[{"href":"https:\/\/roveyayinevi.com.tr\/index.php\/wp-json\/wp\/v2\/product"}],"about":[{"href":"https:\/\/roveyayinevi.com.tr\/index.php\/wp-json\/wp\/v2\/types\/product"}],"wp:attachment":[{"href":"https:\/\/roveyayinevi.com.tr\/index.php\/wp-json\/wp\/v2\/media?parent=773459"}],"wp:term":[{"taxonomy":"product_brand","embeddable":true,"href":"https:\/\/roveyayinevi.com.tr\/index.php\/wp-json\/wp\/v2\/product_brand?post=773459"},{"taxonomy":"product_cat","embeddable":true,"href":"https:\/\/roveyayinevi.com.tr\/index.php\/wp-json\/wp\/v2\/product_cat?post=773459"},{"taxonomy":"product_tag","embeddable":true,"href":"https:\/\/roveyayinevi.com.tr\/index.php\/wp-json\/wp\/v2\/product_tag?post=773459"}],"curies":[{"name":"wp","href":"https:\/\/api.w.org\/{rel}","templated":true}]}}