{"id":773455,"date":"2025-08-28T16:17:02","date_gmt":"2025-08-28T13:17:02","guid":{"rendered":"https:\/\/roveyayinevi.com.tr\/index.php\/urun\/guvercin-gec-yatmasin\/"},"modified":"2026-04-15T03:39:47","modified_gmt":"2026-04-15T00:39:47","slug":"guvercin-gec-yatmasin","status":"publish","type":"product","link":"https:\/\/roveyayinevi.com.tr\/index.php\/urun\/guvercin-gec-yatmasin\/","title":{"rendered":"G\u00fcvercin Ge\u00e7 Yatmas\u0131n!"},"content":{"rendered":"<p>Neredeyse gece oldu ama g\u00fcvercin h\u00e2l\u00e2 uyumak istemiyor!Sen olsan biraz ge\u00e7 yatmas\u0131na izin verir miydin?Mo Willems, New York Times\u2019\u0131n \u00e7ok satan yazar\u0131 ve \u00e7izeridir. Resimli kitaplar\u0131yla Caldecott Onur \u00d6d\u00fcl\u00fc, Teodor Seuss Geisel Madalyas\u0131 ve Geisel Onur \u00d6d\u00fcl\u00fc alarak \u00f6nemli ba\u015far\u0131lara imza atm\u0131\u015ft\u0131r. Ayr\u0131ca d\u00f6nemin \u00fcnl\u00fc program\u0131 Susam Soka\u011f\u0131\u2019nda yazar ve animat\u00f6r olarak \u00e7al\u0131\u015fm\u0131\u015f ve alt\u0131 tane Emmy \u00d6d\u00fcl\u00fc kazanm\u0131\u015ft\u0131r. Willems \u015fu an ailesiyle birlikte Massachusetts\u2019te ya\u015famaktad\u0131r.<\/p>\n","protected":false},"excerpt":{"rendered":"<p>Neredeyse gece oldu ama g\u00fcvercin h\u00e2l\u00e2 uyumak istemiyor!Sen olsan biraz ge\u00e7 yatmas\u0131na izin verir miydin?Mo Willems, New York Times\u2019\u0131n \u00e7ok satan yazar\u0131 ve \u00e7izeridir. Resimli kitaplar\u0131yla<span class=\"excerpt-hellip\"> [\u2026]<\/span><\/p>\n","protected":false},"featured_media":0,"template":"","meta":{"_monsterinsights_skip_tracking":false,"_monsterinsights_sitenote_active":false,"_monsterinsights_sitenote_note":"","_monsterinsights_sitenote_category":0},"product_brand":[],"product_cat":[12274,12284],"product_tag":[],"class_list":{"0":"post-773455","1":"product","2":"type-product","3":"status-publish","5":"product_cat-cocuk-ve-genclik-kitaplari","6":"product_cat-hikayeler","7":"pa_cilt-ciltsiz","8":"pa_tur-kitap","9":"pa_yayinevi-ucan-fil-yayinlari","10":"pa_yazar-mo-willems","12":"first","13":"instock","14":"sale","15":"shipping-taxable","16":"purchasable","17":"product-type-simple"},"_links":{"self":[{"href":"https:\/\/roveyayinevi.com.tr\/index.php\/wp-json\/wp\/v2\/product\/773455","targetHints":{"allow":["GET"]}}],"collection":[{"href":"https:\/\/roveyayinevi.com.tr\/index.php\/wp-json\/wp\/v2\/product"}],"about":[{"href":"https:\/\/roveyayinevi.com.tr\/index.php\/wp-json\/wp\/v2\/types\/product"}],"wp:attachment":[{"href":"https:\/\/roveyayinevi.com.tr\/index.php\/wp-json\/wp\/v2\/media?parent=773455"}],"wp:term":[{"taxonomy":"product_brand","embeddable":true,"href":"https:\/\/roveyayinevi.com.tr\/index.php\/wp-json\/wp\/v2\/product_brand?post=773455"},{"taxonomy":"product_cat","embeddable":true,"href":"https:\/\/roveyayinevi.com.tr\/index.php\/wp-json\/wp\/v2\/product_cat?post=773455"},{"taxonomy":"product_tag","embeddable":true,"href":"https:\/\/roveyayinevi.com.tr\/index.php\/wp-json\/wp\/v2\/product_tag?post=773455"}],"curies":[{"name":"wp","href":"https:\/\/api.w.org\/{rel}","templated":true}]}}