{"id":773454,"date":"2025-08-28T16:17:00","date_gmt":"2025-08-28T13:17:00","guid":{"rendered":"https:\/\/roveyayinevi.com.tr\/index.php\/urun\/gulun-adi-ve-ortacag\/"},"modified":"2026-04-15T03:39:47","modified_gmt":"2026-04-15T00:39:47","slug":"gulun-adi-ve-ortacag","status":"publish","type":"product","link":"https:\/\/roveyayinevi.com.tr\/index.php\/urun\/gulun-adi-ve-ortacag\/","title":{"rendered":"G\u00fcl\u00fcn Ad\u0131 ve Orta\u00e7a\u011f"},"content":{"rendered":"<p>Umberto Eco\u2019nun d\u00fcnyan\u0131n her k\u00f6\u015fesinden y\u00fczbinlerce okura ula\u015fan G\u00fcl\u00fcn Ad\u0131 adl\u0131 yap\u0131t\u0131, sadece bir polisiye roman m\u0131d\u0131r, yoksa Eco\u2019nun orta\u00e7a\u011f ve H\u0131ristiyanl\u0131k nam\u0131na t\u00fcm bilgi ve birikimini bize sundu\u011fu bir tarih\u00e7e mi?       G\u00fcl\u00fcn Ad\u0131, t\u00fcm edebiyat \u00e7evrelerinin de kabul edece\u011fi \u00fczere okunmas\u0131 her zaman g\u00fc\u00e7 bir eser olarak an\u0131lagelmi\u015ftir; e\u011fer orta\u00e7a\u011f ve H\u0131ristiyanl\u0131kla ilgili okumalar\u0131m\u0131zda eksikler varsa bizim i\u00e7in bo\u015fluklarla dolu bir macera olmaktan \u00f6teye gidemez. Halbuki G\u00fcl\u00fcn Ad\u0131, ayn\u0131 zamanda \u00f6nemli bir tarihi roman ve postmodernizmin de se\u00e7kin bir \u00f6rne\u011fidir.       \u0130talyacadan yapt\u0131\u011f\u0131 onlarca nitelikli \u00e7eviriyle edebiyat d\u00fcnyas\u0131 ve okurlar\u0131n\u0131n yak\u0131ndan tan\u0131d\u0131\u011f\u0131 Yelda G\u00fcrlek\u2019in titizlikle ara\u015ft\u0131r\u0131p kaleme ald\u0131\u011f\u0131 bu eser, G\u00fcl\u00fcn Ad\u0131&#8217;n\u0131 t\u00fcm alt metinleriyle, rahat\u00e7a anlayarak okuman\u0131z\u0131 sa\u011flayacak bir rehber olma niteli\u011fi ta\u015f\u0131yor. <\/p>\n","protected":false},"excerpt":{"rendered":"<p>Umberto Eco\u2019nun d\u00fcnyan\u0131n her k\u00f6\u015fesinden y\u00fczbinlerce okura ula\u015fan G\u00fcl\u00fcn Ad\u0131 adl\u0131 yap\u0131t\u0131, sadece bir polisiye roman m\u0131d\u0131r, yoksa Eco\u2019nun orta\u00e7a\u011f ve H\u0131ristiyanl\u0131k nam\u0131na t\u00fcm bilgi ve<span class=\"excerpt-hellip\"> [\u2026]<\/span><\/p>\n","protected":false},"featured_media":0,"template":"","meta":{"_monsterinsights_skip_tracking":false,"_monsterinsights_sitenote_active":false,"_monsterinsights_sitenote_note":"","_monsterinsights_sitenote_category":0},"product_brand":[],"product_cat":[13072,12291],"product_tag":[],"class_list":{"0":"post-773454","1":"product","2":"type-product","3":"status-publish","5":"product_cat-arastirma-inceleme-referans","6":"product_cat-edebiyat","7":"pa_cilt-ciltsiz","8":"pa_tur-kitap","9":"pa_yayinevi-kafka-yayinevi","10":"pa_yazar-yelda-gurlek","12":"first","13":"instock","14":"sale","15":"shipping-taxable","16":"purchasable","17":"product-type-simple"},"_links":{"self":[{"href":"https:\/\/roveyayinevi.com.tr\/index.php\/wp-json\/wp\/v2\/product\/773454","targetHints":{"allow":["GET"]}}],"collection":[{"href":"https:\/\/roveyayinevi.com.tr\/index.php\/wp-json\/wp\/v2\/product"}],"about":[{"href":"https:\/\/roveyayinevi.com.tr\/index.php\/wp-json\/wp\/v2\/types\/product"}],"wp:attachment":[{"href":"https:\/\/roveyayinevi.com.tr\/index.php\/wp-json\/wp\/v2\/media?parent=773454"}],"wp:term":[{"taxonomy":"product_brand","embeddable":true,"href":"https:\/\/roveyayinevi.com.tr\/index.php\/wp-json\/wp\/v2\/product_brand?post=773454"},{"taxonomy":"product_cat","embeddable":true,"href":"https:\/\/roveyayinevi.com.tr\/index.php\/wp-json\/wp\/v2\/product_cat?post=773454"},{"taxonomy":"product_tag","embeddable":true,"href":"https:\/\/roveyayinevi.com.tr\/index.php\/wp-json\/wp\/v2\/product_tag?post=773454"}],"curies":[{"name":"wp","href":"https:\/\/api.w.org\/{rel}","templated":true}]}}