{"id":773453,"date":"2025-08-28T16:16:58","date_gmt":"2025-08-28T13:16:58","guid":{"rendered":"https:\/\/roveyayinevi.com.tr\/index.php\/urun\/sen-benim-en-iyi-arkadasimsin\/"},"modified":"2026-04-15T03:39:47","modified_gmt":"2026-04-15T00:39:47","slug":"sen-benim-en-iyi-arkadasimsin","status":"publish","type":"product","link":"https:\/\/roveyayinevi.com.tr\/index.php\/urun\/sen-benim-en-iyi-arkadasimsin\/","title":{"rendered":"Sen Benim En \u0130yi Arkada\u015f\u0131ms\u0131n"},"content":{"rendered":"<p>Bu \u00f6yk\u00fc-\u015fiirlerde iki \u00e7ocuk aras\u0131nda insan\u0131 insan k\u0131lan sevginin, \u00e7ocuk kalbinden ta\u015farak petekten damlayan bal tad\u0131na ula\u015ft\u0131\u011f\u0131n\u0131 g\u00f6receksiniz. \u0130nsan sevgisinin hayvan ve do\u011fa sevgisinden ayr\u0131lmaz oldu\u011funu, payla\u015fma duygusunun y\u00fcceli\u011fini duyumsayacaks\u0131n\u0131z. \u00c7ocu\u011fun hayal d\u00fcnyas\u0131ndan s\u00fcz\u00fclen ve zekice esprilerle renk kazanan \u015fiirler, \u00e7ocuk evreninizde yeni pencereler a\u00e7acakt\u0131r size. Yetmi\u015f ya\u015f\u0131ndaki bir \u2018\u00e7ocu\u011fun\u2019 iyilik ve sevgi kozas\u0131n\u0131 bir ipekb\u00f6ce\u011fi inceli\u011fiyle \u00f6rd\u00fc\u011f\u00fcn\u00fc g\u00f6rmek mutlu edecektir sizi. <\/p>\n","protected":false},"excerpt":{"rendered":"<p>Bu \u00f6yk\u00fc-\u015fiirlerde iki \u00e7ocuk aras\u0131nda insan\u0131 insan k\u0131lan sevginin, \u00e7ocuk kalbinden ta\u015farak petekten damlayan bal tad\u0131na ula\u015ft\u0131\u011f\u0131n\u0131 g\u00f6receksiniz. \u0130nsan sevgisinin hayvan ve do\u011fa sevgisinden ayr\u0131lmaz oldu\u011funu,<span class=\"excerpt-hellip\"> [\u2026]<\/span><\/p>\n","protected":false},"featured_media":0,"template":"","meta":{"_monsterinsights_skip_tracking":false,"_monsterinsights_sitenote_active":false,"_monsterinsights_sitenote_note":"","_monsterinsights_sitenote_category":0},"product_brand":[],"product_cat":[12291,12509],"product_tag":[],"class_list":{"0":"post-773453","1":"product","2":"type-product","3":"status-publish","5":"product_cat-edebiyat","6":"product_cat-siir","7":"pa_cilt-ciltsiz","8":"pa_tur-kitap","9":"pa_yayinevi-cumhuriyet-kitaplari","10":"pa_yazar-necdet-neydim","12":"first","13":"instock","14":"sale","15":"shipping-taxable","16":"purchasable","17":"product-type-simple"},"_links":{"self":[{"href":"https:\/\/roveyayinevi.com.tr\/index.php\/wp-json\/wp\/v2\/product\/773453","targetHints":{"allow":["GET"]}}],"collection":[{"href":"https:\/\/roveyayinevi.com.tr\/index.php\/wp-json\/wp\/v2\/product"}],"about":[{"href":"https:\/\/roveyayinevi.com.tr\/index.php\/wp-json\/wp\/v2\/types\/product"}],"wp:attachment":[{"href":"https:\/\/roveyayinevi.com.tr\/index.php\/wp-json\/wp\/v2\/media?parent=773453"}],"wp:term":[{"taxonomy":"product_brand","embeddable":true,"href":"https:\/\/roveyayinevi.com.tr\/index.php\/wp-json\/wp\/v2\/product_brand?post=773453"},{"taxonomy":"product_cat","embeddable":true,"href":"https:\/\/roveyayinevi.com.tr\/index.php\/wp-json\/wp\/v2\/product_cat?post=773453"},{"taxonomy":"product_tag","embeddable":true,"href":"https:\/\/roveyayinevi.com.tr\/index.php\/wp-json\/wp\/v2\/product_tag?post=773453"}],"curies":[{"name":"wp","href":"https:\/\/api.w.org\/{rel}","templated":true}]}}