{"id":773449,"date":"2025-08-28T16:16:50","date_gmt":"2025-08-28T13:16:50","guid":{"rendered":"https:\/\/roveyayinevi.com.tr\/index.php\/urun\/arinis\/"},"modified":"2026-04-15T03:39:46","modified_gmt":"2026-04-15T00:39:46","slug":"arinis","status":"publish","type":"product","link":"https:\/\/roveyayinevi.com.tr\/index.php\/urun\/arinis\/","title":{"rendered":"Ar\u0131n\u0131\u015f"},"content":{"rendered":"<p>BU K\u0130TAP, OKUMAN \u0130\u00c7\u0130N DE\u011e\u0130L, HATIRLAMAN \u0130\u00c7\u0130N YAZILDI.   Ar\u0131n\u0131\u015f, modern \u00e7a\u011f\u0131n karma\u015fas\u0131nda yolunu kaybetmi\u015f ruhlara uzat\u0131lm\u0131\u015f bir hat\u0131rlay\u0131\u015f bah\u00e7esi&#8230;   Yaln\u0131zca zihne de\u011fil, kalbe ve ruha da dokunan bu eser; a\u015fk, tek\u00e2m\u00fcl, kader, numeroloji, enerji ve ilahi sistem gibi katmanlar\u0131, \u015fiirle d\u00fczyaz\u0131 aras\u0131nda akan bir ilham diliyle anlat\u0131yor.   Okurken yaln\u0131zca c\u00fcmleleri de\u011fil, kendinizi de tefekk\u00fcr edeceksiniz.   Kimi zaman Hz. Yusuf\u2019un kuyusunda, kimi zaman Z\u00fcleyha\u2019n\u0131n g\u00f6zlerinde, kimi zaman da kendi ruhunuzun derinliklerinde bulacaks\u0131n\u0131z kendinizi.   Bu kitap bir ba\u015fucu rehberi, bir tefe\u2019\u00fcl pusulas\u0131, bir uyan\u0131\u015f \u00e7a\u011fr\u0131s\u0131d\u0131r.   Sayfalar\u0131n\u0131 rasgele a\u00e7\u0131n&#8230;   Belki de arad\u0131\u011f\u0131n\u0131z cevap \u00e7oktan sizi bekliyordur. <\/p>\n","protected":false},"excerpt":{"rendered":"<p>BU K\u0130TAP, OKUMAN \u0130\u00c7\u0130N DE\u011e\u0130L, HATIRLAMAN \u0130\u00c7\u0130N YAZILDI. Ar\u0131n\u0131\u015f, modern \u00e7a\u011f\u0131n karma\u015fas\u0131nda yolunu kaybetmi\u015f ruhlara uzat\u0131lm\u0131\u015f bir hat\u0131rlay\u0131\u015f bah\u00e7esi&#8230; Yaln\u0131zca zihne de\u011fil, kalbe ve ruha da<span class=\"excerpt-hellip\"> [\u2026]<\/span><\/p>\n","protected":false},"featured_media":0,"template":"","meta":{"_monsterinsights_skip_tracking":false,"_monsterinsights_sitenote_active":false,"_monsterinsights_sitenote_note":"","_monsterinsights_sitenote_category":0},"product_brand":[],"product_cat":[12364,12376],"product_tag":[],"class_list":{"0":"post-773449","1":"product","2":"type-product","3":"status-publish","5":"product_cat-genel-konular","6":"product_cat-kisisel-gelisim","7":"pa_cilt-ciltsiz","8":"pa_tur-kitap","9":"pa_yayinevi-destek-yayinlari","10":"pa_yazar-emrah-eker","12":"first","13":"instock","14":"sale","15":"shipping-taxable","16":"purchasable","17":"product-type-simple"},"_links":{"self":[{"href":"https:\/\/roveyayinevi.com.tr\/index.php\/wp-json\/wp\/v2\/product\/773449","targetHints":{"allow":["GET"]}}],"collection":[{"href":"https:\/\/roveyayinevi.com.tr\/index.php\/wp-json\/wp\/v2\/product"}],"about":[{"href":"https:\/\/roveyayinevi.com.tr\/index.php\/wp-json\/wp\/v2\/types\/product"}],"wp:attachment":[{"href":"https:\/\/roveyayinevi.com.tr\/index.php\/wp-json\/wp\/v2\/media?parent=773449"}],"wp:term":[{"taxonomy":"product_brand","embeddable":true,"href":"https:\/\/roveyayinevi.com.tr\/index.php\/wp-json\/wp\/v2\/product_brand?post=773449"},{"taxonomy":"product_cat","embeddable":true,"href":"https:\/\/roveyayinevi.com.tr\/index.php\/wp-json\/wp\/v2\/product_cat?post=773449"},{"taxonomy":"product_tag","embeddable":true,"href":"https:\/\/roveyayinevi.com.tr\/index.php\/wp-json\/wp\/v2\/product_tag?post=773449"}],"curies":[{"name":"wp","href":"https:\/\/api.w.org\/{rel}","templated":true}]}}