{"id":773445,"date":"2025-08-28T16:16:41","date_gmt":"2025-08-28T13:16:41","guid":{"rendered":"https:\/\/roveyayinevi.com.tr\/index.php\/urun\/halkin-mucahitleri-orgutu-ve-ideolojik-donusumleri\/"},"modified":"2026-04-15T03:39:46","modified_gmt":"2026-04-15T00:39:46","slug":"halkin-mucahitleri-orgutu-ve-ideolojik-donusumleri","status":"publish","type":"product","link":"https:\/\/roveyayinevi.com.tr\/index.php\/urun\/halkin-mucahitleri-orgutu-ve-ideolojik-donusumleri\/","title":{"rendered":"Halk\u0131n M\u00fccahitleri \u00d6rg\u00fct\u00fc ve \u0130deolojik D\u00f6n\u00fc\u015f\u00fcmleri"},"content":{"rendered":"<p>Halk\u0131n M\u00fccahitleri \u00d6rg\u00fct\u00fc ve \u0130deolojik D\u00f6n\u00fc\u015f\u00fcmleri<\/p>\n","protected":false},"excerpt":{"rendered":"<p>Halk\u0131n M\u00fccahitleri \u00d6rg\u00fct\u00fc ve \u0130deolojik D\u00f6n\u00fc\u015f\u00fcmleri<\/p>\n","protected":false},"featured_media":0,"template":"","meta":{"_monsterinsights_skip_tracking":false,"_monsterinsights_sitenote_active":false,"_monsterinsights_sitenote_note":"","_monsterinsights_sitenote_category":0},"product_brand":[],"product_cat":[13590,12337],"product_tag":[],"class_list":{"0":"post-773445","1":"product","2":"type-product","3":"status-publish","5":"product_cat-arastirma-inceleme-politika-siyaset","6":"product_cat-politika-siyaset","7":"pa_cilt-ciltsiz","8":"pa_tur-kitap","9":"pa_yayinevi-soncag-akademik-kitaplar","10":"pa_yazar-deniz-caner","12":"first","13":"instock","14":"sale","15":"shipping-taxable","16":"purchasable","17":"product-type-simple"},"_links":{"self":[{"href":"https:\/\/roveyayinevi.com.tr\/index.php\/wp-json\/wp\/v2\/product\/773445","targetHints":{"allow":["GET"]}}],"collection":[{"href":"https:\/\/roveyayinevi.com.tr\/index.php\/wp-json\/wp\/v2\/product"}],"about":[{"href":"https:\/\/roveyayinevi.com.tr\/index.php\/wp-json\/wp\/v2\/types\/product"}],"wp:attachment":[{"href":"https:\/\/roveyayinevi.com.tr\/index.php\/wp-json\/wp\/v2\/media?parent=773445"}],"wp:term":[{"taxonomy":"product_brand","embeddable":true,"href":"https:\/\/roveyayinevi.com.tr\/index.php\/wp-json\/wp\/v2\/product_brand?post=773445"},{"taxonomy":"product_cat","embeddable":true,"href":"https:\/\/roveyayinevi.com.tr\/index.php\/wp-json\/wp\/v2\/product_cat?post=773445"},{"taxonomy":"product_tag","embeddable":true,"href":"https:\/\/roveyayinevi.com.tr\/index.php\/wp-json\/wp\/v2\/product_tag?post=773445"}],"curies":[{"name":"wp","href":"https:\/\/api.w.org\/{rel}","templated":true}]}}