{"id":773444,"date":"2025-08-28T16:16:39","date_gmt":"2025-08-28T13:16:39","guid":{"rendered":"https:\/\/roveyayinevi.com.tr\/index.php\/urun\/osmanli-doneminde-sakiz-adasi-1566-1913\/"},"modified":"2026-04-15T03:39:46","modified_gmt":"2026-04-15T00:39:46","slug":"osmanli-doneminde-sakiz-adasi-1566-1913","status":"publish","type":"product","link":"https:\/\/roveyayinevi.com.tr\/index.php\/urun\/osmanli-doneminde-sakiz-adasi-1566-1913\/","title":{"rendered":"Osmanl\u0131 D\u00f6nemi\u2019nde Sak\u0131z Adas\u0131 (1566-1913)"},"content":{"rendered":"<p>T\u00fcrkler ve Rumlar 1071 Malazgirt Sava\u015f\u0131\u2019ndan itibaren Anadolu\u2019da ve di\u011fer co\u011frafyalarda kom\u015fu olarak bir arada ya\u015fam\u0131\u015f iki ayr\u0131 toplumdur. Tarih, inan\u00e7, etnik k\u00f6ken ve dilleri farkl\u0131 olsa da ortak \u00e7\u0131karlar ve zorunluluklar s\u00f6z konusu oldu\u011funda bar\u0131\u015f ve uyum i\u00e7inde ya\u015fayarak bir\u00e7ok sorunun \u00fcstesinden gelmeyi ba\u015farm\u0131\u015flard\u0131r. Anadolu, Akdeniz, Ege Adalar\u0131 ve Rumeli\u2019de uzun y\u00fczy\u0131llar boyunca bar\u0131\u015f ve uyum i\u00e7inde ya\u015fayan b\u00f6ylesi iki ayr\u0131 toplumu Avrupa tarihinde bulmak kolay de\u011fildir. T\u00fcrklerin en kolay uyum sa\u011flad\u0131\u011f\u0131 yabanc\u0131 topluluklardan birisi Rumlar olurken Rumlar\u0131n en fazla benimseyerek i\u00e7selle\u015ftirdi\u011fi y\u00f6netim T\u00fcrk y\u00f6netimi olmu\u015ftur. K\u00fclt\u00fcrel d\u00fczeyde bu durum iki toplum aras\u0131ndaki e\u011flence anlay\u0131\u015f\u0131, m\u00fczik al\u0131\u015fkanl\u0131klar\u0131, folklor, gastronomi ve g\u00fcndelik konu\u015fmalarda kullan\u0131lan ortak kelimelerde kendini belli eder. Tarih insanl\u0131\u011f\u0131n ortak haf\u0131zas\u0131d\u0131r. Bu haf\u0131zay\u0131, canl\u0131 tutmak g\u00fcncel sorunlar\u0131n \u00e7\u00f6z\u00fcm\u00fcnde toplum ve h\u00fck\u00fcmetlere yard\u0131mc\u0131 olacakt\u0131r. T\u00fcrkiye ve Yunanistan, Adalar Denizi\u2019nin iki yakas\u0131nda kom\u015fu olan iki ayr\u0131 devlettir. G\u00fcncel siyasetin g\u00f6lgesinde tart\u0131\u015f\u0131lan, karasular\u0131 meselesinden K\u0131br\u0131s meselesine kadar bir\u00e7ok sorun \u00fclke g\u00fcndemlerini me\u015fgul etmesine ra\u011fmen bu sorunlar\u0131n g\u00f6lgesi tarihte ya\u015fanm\u0131\u015f ortak ge\u00e7mi\u015fin \u00fczerini \u00f6rtmemelidir. Bu ge\u00e7mi\u015fin i\u00e7inde kar\u015f\u0131l\u0131kl\u0131 dayan\u0131\u015fma, i\u015fbirli\u011fi, ho\u015fg\u00f6r\u00fc, farkl\u0131l\u0131klara sayg\u0131 ve ortak \u00e7\u0131karlar i\u00e7in ortak m\u00fccadele vermek gibi g\u00fcn\u00fcm\u00fcz sorunlar\u0131 i\u00e7in de \u00e7\u00f6z\u00fcm olabilecek \u00e7ok say\u0131da olumlu \u00f6rnek bulunmaktad\u0131r. Bu kitap bahse konu iki toplum aras\u0131nda kar\u015f\u0131l\u0131kl\u0131 anlay\u0131\u015f, i\u015fbirli\u011fi ve dayan\u0131\u015fman\u0131n geli\u015fmesine katk\u0131 sunmak amac\u0131yla kaleme al\u0131nm\u0131\u015ft\u0131r. <\/p>\n","protected":false},"excerpt":{"rendered":"<p>T\u00fcrkler ve Rumlar 1071 Malazgirt Sava\u015f\u0131\u2019ndan itibaren Anadolu\u2019da ve di\u011fer co\u011frafyalarda kom\u015fu olarak bir arada ya\u015fam\u0131\u015f iki ayr\u0131 toplumdur. Tarih, inan\u00e7, etnik k\u00f6ken ve dilleri farkl\u0131<span class=\"excerpt-hellip\"> [\u2026]<\/span><\/p>\n","protected":false},"featured_media":0,"template":"","meta":{"_monsterinsights_skip_tracking":false,"_monsterinsights_sitenote_active":false,"_monsterinsights_sitenote_note":"","_monsterinsights_sitenote_category":0},"product_brand":[],"product_cat":[13517,12304],"product_tag":[],"class_list":{"0":"post-773444","1":"product","2":"type-product","3":"status-publish","5":"product_cat-osmanli-tarihi","6":"product_cat-tarih","7":"pa_cilt-ciltsiz","8":"pa_tur-kitap","9":"pa_yayinevi-soncag-akademik-kitaplar","10":"pa_yazar-mehmet-tas","12":"first","13":"instock","14":"sale","15":"shipping-taxable","16":"purchasable","17":"product-type-simple"},"_links":{"self":[{"href":"https:\/\/roveyayinevi.com.tr\/index.php\/wp-json\/wp\/v2\/product\/773444","targetHints":{"allow":["GET"]}}],"collection":[{"href":"https:\/\/roveyayinevi.com.tr\/index.php\/wp-json\/wp\/v2\/product"}],"about":[{"href":"https:\/\/roveyayinevi.com.tr\/index.php\/wp-json\/wp\/v2\/types\/product"}],"wp:attachment":[{"href":"https:\/\/roveyayinevi.com.tr\/index.php\/wp-json\/wp\/v2\/media?parent=773444"}],"wp:term":[{"taxonomy":"product_brand","embeddable":true,"href":"https:\/\/roveyayinevi.com.tr\/index.php\/wp-json\/wp\/v2\/product_brand?post=773444"},{"taxonomy":"product_cat","embeddable":true,"href":"https:\/\/roveyayinevi.com.tr\/index.php\/wp-json\/wp\/v2\/product_cat?post=773444"},{"taxonomy":"product_tag","embeddable":true,"href":"https:\/\/roveyayinevi.com.tr\/index.php\/wp-json\/wp\/v2\/product_tag?post=773444"}],"curies":[{"name":"wp","href":"https:\/\/api.w.org\/{rel}","templated":true}]}}