{"id":773443,"date":"2025-08-28T16:16:38","date_gmt":"2025-08-28T13:16:38","guid":{"rendered":"https:\/\/roveyayinevi.com.tr\/index.php\/urun\/mezheblerin-hadis-anlayisi\/"},"modified":"2026-04-15T03:39:46","modified_gmt":"2026-04-15T00:39:46","slug":"mezheblerin-hadis-anlayisi","status":"publish","type":"product","link":"https:\/\/roveyayinevi.com.tr\/index.php\/urun\/mezheblerin-hadis-anlayisi\/","title":{"rendered":"Mezheblerin Hadis Anlay\u0131\u015f\u0131"},"content":{"rendered":"<p>M\u00fcsl\u00fcmanlar, genel olarak amel\u00ee a\u00e7\u0131dan d\u00f6rt mezhebe ba\u011fl\u0131d\u0131rlar: (1) \u015e\u00e2fi\u00ee, (2) Hanef\u00ee, (3) M\u00e2lik\u00ee ve (4) Hanbel\u00ee. Bu d\u00f6rd\u00fc de Ehl-i S\u00fcnnet taraf\u0131ndan hak kabul edilmi\u015ftir. Her bir M\u00fcsl\u00fcman amelde bu d\u00f6rt mezhepten birini, telf\u00eeke ba\u015fvurmadan bir b\u00fct\u00fcn olarak se\u00e7ebilir ve o mezhebin ilkelerine g\u00f6re hayat\u0131n\u0131 tasarlayabilir. Bu d\u00f6rt mezheb d\u0131\u015f\u0131nda kalan f\u0131rkalar, hepsi ayn\u0131 boyutta olmasa da Kur\u2019\u00e2n ve s\u00fcnnetten sapma g\u00f6sterdikleri i\u00e7in ehl-i bid\u2019a kabul edilmi\u015f ve onlara uymak, onlar\u0131n ilkeleriyle amel etmek do\u011fru ve caiz g\u00f6r\u00fclmemi\u015ftir. Bu durum itikad\u00ee mezhepler i\u00e7in de s\u00f6z konusudur. Ehl-i S\u00fcnnet, itikad\u00ee olarak E\u015f\u2019ar\u00eelik ve M\u00e2turid\u00eelik ekollerini hak kabul ederken bu iki ekol d\u0131\u015f\u0131nda kalanlar ayn\u0131 olmasa da Kur\u2019an ve s\u00fcnnete ayk\u0131r\u0131 fikirler ta\u015f\u0131d\u0131klar\u0131ndan bid\u2019a olarak kabul etmi\u015f ve onlar\u0131n g\u00f6r\u00fc\u015fleriyle hareket etmek do\u011fru g\u00f6r\u00fclmemi\u015ftir. Ne yaz\u0131k ki itikad\u00ee ve amel\u00ee olarak hem Ehl-i S\u00fcnnet b\u00fcnyesinde hem ehl-i bid\u2019a kavram\u0131 alt\u0131nda pek \u00e7ok mezheb ve ekol ortaya \u00e7\u0131km\u0131\u015ft\u0131r. Ancak g\u00fcn\u00fcm\u00fcze kadar ula\u015fanlar\u0131n say\u0131s\u0131 onu bulmamaktad\u0131r. Di\u011ferleri ya tarihin sayfalar\u0131na g\u00f6m\u00fclm\u00fc\u015f veya az say\u0131da mensubu olsa da-sadece sayfalarda kalm\u0131\u015ft\u0131r. G\u00fcn\u00fcm\u00fcze kadar devam eden mezheb ve ekollerin had\u00eesi d\u0131\u015flayarak g\u00f6r\u00fc\u015flerini temellendirmeleri m\u00fcmk\u00fcn olmad\u0131\u011f\u0131ndan kendilerine g\u00f6re had\u00eese yakla\u015fm\u0131\u015flar ve kendi inan\u00e7lar\u0131 do\u011frultusunda de\u011ferlendirmi\u015flerdir. Bir k\u0131sm\u0131 bu anlamda kendince had\u00ees metodolojisi olu\u015fturmalar\u0131na ra\u011fmen bir k\u0131sm\u0131 olu\u015fturmam\u0131\u015flard\u0131r. Olu\u015fturanlar\u0131n ekserisi Ehl-i S\u00fcnnet ekol\u00fcn\u00fcn metodolojisini kendilerine uyarlam\u0131\u015f, ekleme ve \u00e7\u0131karmalar yaparak had\u00eesleri de\u011ferlendirme y\u00f6ntemini olu\u015fturmaya \u00e7al\u0131\u015fm\u0131\u015flard\u0131r&#8230; <\/p>\n","protected":false},"excerpt":{"rendered":"<p>M\u00fcsl\u00fcmanlar, genel olarak amel\u00ee a\u00e7\u0131dan d\u00f6rt mezhebe ba\u011fl\u0131d\u0131rlar: (1) \u015e\u00e2fi\u00ee, (2) Hanef\u00ee, (3) M\u00e2lik\u00ee ve (4) Hanbel\u00ee. Bu d\u00f6rd\u00fc de Ehl-i S\u00fcnnet taraf\u0131ndan hak kabul edilmi\u015ftir.<span class=\"excerpt-hellip\"> [\u2026]<\/span><\/p>\n","protected":false},"featured_media":0,"template":"","meta":{"_monsterinsights_skip_tracking":false,"_monsterinsights_sitenote_active":false,"_monsterinsights_sitenote_note":"","_monsterinsights_sitenote_category":0},"product_brand":[],"product_cat":[12718,12719],"product_tag":[],"class_list":{"0":"post-773443","1":"product","2":"type-product","3":"status-publish","5":"product_cat-din","6":"product_cat-islam","7":"pa_cilt-ciltsiz","8":"pa_tur-kitap","9":"pa_yayinevi-soncag-akademik-kitaplar","10":"pa_yazar-abdullah-unalan","12":"first","13":"instock","14":"sale","15":"shipping-taxable","16":"purchasable","17":"product-type-simple"},"_links":{"self":[{"href":"https:\/\/roveyayinevi.com.tr\/index.php\/wp-json\/wp\/v2\/product\/773443","targetHints":{"allow":["GET"]}}],"collection":[{"href":"https:\/\/roveyayinevi.com.tr\/index.php\/wp-json\/wp\/v2\/product"}],"about":[{"href":"https:\/\/roveyayinevi.com.tr\/index.php\/wp-json\/wp\/v2\/types\/product"}],"wp:attachment":[{"href":"https:\/\/roveyayinevi.com.tr\/index.php\/wp-json\/wp\/v2\/media?parent=773443"}],"wp:term":[{"taxonomy":"product_brand","embeddable":true,"href":"https:\/\/roveyayinevi.com.tr\/index.php\/wp-json\/wp\/v2\/product_brand?post=773443"},{"taxonomy":"product_cat","embeddable":true,"href":"https:\/\/roveyayinevi.com.tr\/index.php\/wp-json\/wp\/v2\/product_cat?post=773443"},{"taxonomy":"product_tag","embeddable":true,"href":"https:\/\/roveyayinevi.com.tr\/index.php\/wp-json\/wp\/v2\/product_tag?post=773443"}],"curies":[{"name":"wp","href":"https:\/\/api.w.org\/{rel}","templated":true}]}}