{"id":773441,"date":"2025-08-28T16:16:34","date_gmt":"2025-08-28T13:16:34","guid":{"rendered":"https:\/\/roveyayinevi.com.tr\/index.php\/urun\/acaba-kim-bu-su-altindaki-ciltli\/"},"modified":"2026-04-15T03:39:46","modified_gmt":"2026-04-15T00:39:46","slug":"acaba-kim-bu-su-altindaki-ciltli","status":"publish","type":"product","link":"https:\/\/roveyayinevi.com.tr\/index.php\/urun\/acaba-kim-bu-su-altindaki-ciltli\/","title":{"rendered":"Acaba Kim Bu? \u2013 Su Alt\u0131ndaki (Ciltli)"},"content":{"rendered":"<p>Kimin kocaman g\u00f6zleri var? Ve sekiz, uzunnn baca\u011f\u0131\u2026   Sayfalar\u0131n i\u00e7inden kim \u00e7\u0131kacak? Tahmin et, sayfalar\u0131 a\u00e7 ve resimlere bak. Bu oyunu sen de \u00e7ok seveceksin! <\/p>\n","protected":false},"excerpt":{"rendered":"<p>Kimin kocaman g\u00f6zleri var? Ve sekiz, uzunnn baca\u011f\u0131\u2026 Sayfalar\u0131n i\u00e7inden kim \u00e7\u0131kacak? Tahmin et, sayfalar\u0131 a\u00e7 ve resimlere bak. Bu oyunu sen de \u00e7ok seveceksin!<\/p>\n","protected":false},"featured_media":0,"template":"","meta":{"_monsterinsights_skip_tracking":false,"_monsterinsights_sitenote_active":false,"_monsterinsights_sitenote_note":"","_monsterinsights_sitenote_category":0},"product_brand":[],"product_cat":[12274,12518],"product_tag":[],"class_list":{"0":"post-773441","1":"product","2":"type-product","3":"status-publish","5":"product_cat-cocuk-ve-genclik-kitaplari","6":"product_cat-okul-oncesi-kitaplar","7":"pa_cilt-ciltli","8":"pa_tur-kitap","9":"pa_yayinevi-indigo-cocuk","10":"pa_yazar-luke-robertson","12":"first","13":"instock","14":"sale","15":"shipping-taxable","16":"purchasable","17":"product-type-simple"},"_links":{"self":[{"href":"https:\/\/roveyayinevi.com.tr\/index.php\/wp-json\/wp\/v2\/product\/773441","targetHints":{"allow":["GET"]}}],"collection":[{"href":"https:\/\/roveyayinevi.com.tr\/index.php\/wp-json\/wp\/v2\/product"}],"about":[{"href":"https:\/\/roveyayinevi.com.tr\/index.php\/wp-json\/wp\/v2\/types\/product"}],"wp:attachment":[{"href":"https:\/\/roveyayinevi.com.tr\/index.php\/wp-json\/wp\/v2\/media?parent=773441"}],"wp:term":[{"taxonomy":"product_brand","embeddable":true,"href":"https:\/\/roveyayinevi.com.tr\/index.php\/wp-json\/wp\/v2\/product_brand?post=773441"},{"taxonomy":"product_cat","embeddable":true,"href":"https:\/\/roveyayinevi.com.tr\/index.php\/wp-json\/wp\/v2\/product_cat?post=773441"},{"taxonomy":"product_tag","embeddable":true,"href":"https:\/\/roveyayinevi.com.tr\/index.php\/wp-json\/wp\/v2\/product_tag?post=773441"}],"curies":[{"name":"wp","href":"https:\/\/api.w.org\/{rel}","templated":true}]}}