{"id":773439,"date":"2025-08-28T16:16:30","date_gmt":"2025-08-28T13:16:30","guid":{"rendered":"https:\/\/roveyayinevi.com.tr\/index.php\/urun\/cee-e-dino-ve-arkadaslari-pop-up-ciltli\/"},"modified":"2026-04-15T03:39:46","modified_gmt":"2026-04-15T00:39:46","slug":"cee-e-dino-ve-arkadaslari-pop-up-ciltli","status":"publish","type":"product","link":"https:\/\/roveyayinevi.com.tr\/index.php\/urun\/cee-e-dino-ve-arkadaslari-pop-up-ciltli\/","title":{"rendered":"Cee-e Dino ve Arkada\u015flar\u0131 (Pop-up) Ciltli"},"content":{"rendered":"<p>T-Rex\u2019in arkada\u015flar\u0131n\u0131 bulmas\u0131na yard\u0131m eder misin? Hem saklamba\u00e7 her zaman ko\u015farak oynanmaz ki\u2026 Bazen de kitaplara saklan\u0131r de\u011fil mi? En e\u011flenceli saklamba\u00e7 kitab\u0131 bu!   <\/p>\n","protected":false},"excerpt":{"rendered":"<p>T-Rex\u2019in arkada\u015flar\u0131n\u0131 bulmas\u0131na yard\u0131m eder misin? Hem saklamba\u00e7 her zaman ko\u015farak oynanmaz ki\u2026 Bazen de kitaplara saklan\u0131r de\u011fil mi? En e\u011flenceli saklamba\u00e7 kitab\u0131 bu!<\/p>\n","protected":false},"featured_media":0,"template":"","meta":{"_monsterinsights_skip_tracking":false,"_monsterinsights_sitenote_active":false,"_monsterinsights_sitenote_note":"","_monsterinsights_sitenote_category":0},"product_brand":[],"product_cat":[12274,12518],"product_tag":[],"class_list":{"0":"post-773439","1":"product","2":"type-product","3":"status-publish","5":"product_cat-cocuk-ve-genclik-kitaplari","6":"product_cat-okul-oncesi-kitaplar","7":"pa_cilt-ciltli","8":"pa_tur-kitap","9":"pa_yayinevi-indigo-cocuk","10":"pa_yazar-luke-robertson","12":"first","13":"instock","14":"sale","15":"shipping-taxable","16":"purchasable","17":"product-type-simple"},"_links":{"self":[{"href":"https:\/\/roveyayinevi.com.tr\/index.php\/wp-json\/wp\/v2\/product\/773439","targetHints":{"allow":["GET"]}}],"collection":[{"href":"https:\/\/roveyayinevi.com.tr\/index.php\/wp-json\/wp\/v2\/product"}],"about":[{"href":"https:\/\/roveyayinevi.com.tr\/index.php\/wp-json\/wp\/v2\/types\/product"}],"wp:attachment":[{"href":"https:\/\/roveyayinevi.com.tr\/index.php\/wp-json\/wp\/v2\/media?parent=773439"}],"wp:term":[{"taxonomy":"product_brand","embeddable":true,"href":"https:\/\/roveyayinevi.com.tr\/index.php\/wp-json\/wp\/v2\/product_brand?post=773439"},{"taxonomy":"product_cat","embeddable":true,"href":"https:\/\/roveyayinevi.com.tr\/index.php\/wp-json\/wp\/v2\/product_cat?post=773439"},{"taxonomy":"product_tag","embeddable":true,"href":"https:\/\/roveyayinevi.com.tr\/index.php\/wp-json\/wp\/v2\/product_tag?post=773439"}],"curies":[{"name":"wp","href":"https:\/\/api.w.org\/{rel}","templated":true}]}}