{"id":773435,"date":"2025-08-28T16:16:22","date_gmt":"2025-08-28T13:16:22","guid":{"rendered":"https:\/\/roveyayinevi.com.tr\/index.php\/urun\/halktan-bir-kadinin-yasami-yasliligi-ve-olumu\/"},"modified":"2026-04-15T03:39:46","modified_gmt":"2026-04-15T00:39:46","slug":"halktan-bir-kadinin-yasami-yasliligi-ve-olumu","status":"publish","type":"product","link":"https:\/\/roveyayinevi.com.tr\/index.php\/urun\/halktan-bir-kadinin-yasami-yasliligi-ve-olumu\/","title":{"rendered":"Halktan Bir Kad\u0131n\u0131n Ya\u015fam\u0131, Ya\u015fl\u0131l\u0131\u011f\u0131 ve \u00d6l\u00fcm\u00fc"},"content":{"rendered":"<p>Didier Eribon ve karde\u015fleri, gerek fiziksel gerek zihinsel ba\u011f\u0131ms\u0131zl\u0131\u011f\u0131n\u0131 yava\u015f yava\u015f kaybeden annelerini bir bak\u0131mevine yerle\u015ftirirler. Ancak bunu istemeyen ya\u015fl\u0131 kad\u0131n i\u00e7in bak\u0131mevine giri\u015fin \u015foku \u00e7ok \u015fiddetli olur ve birka\u00e7 hafta i\u00e7inde hayat\u0131n\u0131 kaybeder&#8230; Didier Eribon, babas\u0131n\u0131n \u00f6l\u00fcm\u00fcnden sonra Reims\u2019e D\u00f6n\u00fc\u015f ba\u015fl\u0131kl\u0131 kitab\u0131nda ba\u015flad\u0131\u011f\u0131 ki\u015fisel ve kuramsal ara\u015ft\u0131rmalar\u0131na annesinin \u00f6l\u00fcm\u00fcn\u00fc takiben devam ediyor. Halktan Bir Kad\u0131n\u0131n Ya\u015fam\u0131, Ya\u015fl\u0131l\u0131\u011f\u0131 ve \u00d6l\u00fcm\u00fc\u2019nde annesinin ya\u015fad\u0131klar\u0131ndan hareketle ya\u015fl\u0131l\u0131k ve hastal\u0131k, ya\u015fl\u0131larla ve \u00f6l\u00fcmle olan ili\u015fkimiz ve ya\u015flanma deneyimini ele al\u0131yor. Bak\u0131ma muhta\u00e7 ki\u015filerin bak\u0131m ko\u015fullar\u0131n\u0131 sorguluyor. Ya\u015flanma deneyimini d\u00fc\u015f\u00fcnmenin bizim i\u00e7in zor olmas\u0131n\u0131n nedeninin, bunun Bat\u0131 felsefesinde u\u00e7 bir deneyim olmas\u0131 ve felsefenin t\u00fcm kavramlar\u0131n\u0131n ya\u015fl\u0131l\u0131\u011f\u0131n d\u0131\u015flanmas\u0131na dayanmas\u0131 oldu\u011funu g\u00f6steriyor. Eribon, annesinin hayat\u0131n\u0131, \u00f6zellikle temizlik\u00e7i, i\u015f\u00e7i ve emekli oldu\u011fu d\u00f6nemleri, grevlere kat\u0131l\u0131m\u0131ndan tak\u0131nt\u0131l\u0131 \u0131rk\u00e7\u0131l\u0131\u011f\u0131na kadar t\u00fcm karma\u015f\u0131kl\u0131\u011f\u0131yla ele al\u0131rken, ayn\u0131 zamanda ya\u015fl\u0131l\u0131k halini siyasal ba\u011flam\u0131 i\u00e7inde sorguluyor: Hareket kabiliyetini ve konu\u015fma yetene\u011fini yitirmi\u015f, dolay\u0131s\u0131yla \u201cbiz\u201d diyemeyen insanlar nas\u0131l harekete ge\u00e7ebilir? Kimse seslerini duyurmak i\u00e7in onlar ad\u0131na konu\u015fmazsa, ya\u015fl\u0131lar konu\u015fabilirler mi?<\/p>\n","protected":false},"excerpt":{"rendered":"<p>Didier Eribon ve karde\u015fleri, gerek fiziksel gerek zihinsel ba\u011f\u0131ms\u0131zl\u0131\u011f\u0131n\u0131 yava\u015f yava\u015f kaybeden annelerini bir bak\u0131mevine yerle\u015ftirirler. Ancak bunu istemeyen ya\u015fl\u0131 kad\u0131n i\u00e7in bak\u0131mevine giri\u015fin \u015foku \u00e7ok<span class=\"excerpt-hellip\"> [\u2026]<\/span><\/p>\n","protected":false},"featured_media":0,"template":"","meta":{"_monsterinsights_skip_tracking":false,"_monsterinsights_sitenote_active":false,"_monsterinsights_sitenote_note":"","_monsterinsights_sitenote_category":0},"product_brand":[],"product_cat":[18545,12291],"product_tag":[],"class_list":{"0":"post-773435","1":"product","2":"type-product","3":"status-publish","5":"product_cat-anlati","6":"product_cat-edebiyat","7":"pa_cilt-ciltsiz","8":"pa_tur-kitap","9":"pa_yayinevi-iletisim-yayinlari","10":"pa_yazar-didier-eribon","12":"first","13":"instock","14":"sale","15":"shipping-taxable","16":"purchasable","17":"product-type-simple"},"_links":{"self":[{"href":"https:\/\/roveyayinevi.com.tr\/index.php\/wp-json\/wp\/v2\/product\/773435","targetHints":{"allow":["GET"]}}],"collection":[{"href":"https:\/\/roveyayinevi.com.tr\/index.php\/wp-json\/wp\/v2\/product"}],"about":[{"href":"https:\/\/roveyayinevi.com.tr\/index.php\/wp-json\/wp\/v2\/types\/product"}],"wp:attachment":[{"href":"https:\/\/roveyayinevi.com.tr\/index.php\/wp-json\/wp\/v2\/media?parent=773435"}],"wp:term":[{"taxonomy":"product_brand","embeddable":true,"href":"https:\/\/roveyayinevi.com.tr\/index.php\/wp-json\/wp\/v2\/product_brand?post=773435"},{"taxonomy":"product_cat","embeddable":true,"href":"https:\/\/roveyayinevi.com.tr\/index.php\/wp-json\/wp\/v2\/product_cat?post=773435"},{"taxonomy":"product_tag","embeddable":true,"href":"https:\/\/roveyayinevi.com.tr\/index.php\/wp-json\/wp\/v2\/product_tag?post=773435"}],"curies":[{"name":"wp","href":"https:\/\/api.w.org\/{rel}","templated":true}]}}