{"id":773433,"date":"2025-08-28T16:16:19","date_gmt":"2025-08-28T13:16:19","guid":{"rendered":"https:\/\/roveyayinevi.com.tr\/index.php\/urun\/sagin-kasveti\/"},"modified":"2026-04-15T03:39:46","modified_gmt":"2026-04-15T00:39:46","slug":"sagin-kasveti","status":"publish","type":"product","link":"https:\/\/roveyayinevi.com.tr\/index.php\/urun\/sagin-kasveti\/","title":{"rendered":"Sa\u011f\u0131n Kasveti"},"content":{"rendered":"<p>\u201cDonald Trump, Jair Bolsonaro, Viktor Orb\u00e1n gibi siyasi liderlerin kurma m\u00fccadelesi verdi\u011fi ve Tayyip Erdo\u011fan gibi siyasi liderlerin peki\u015ftirmeye \u00e7al\u0131\u015ft\u0131\u011f\u0131 siyasal rejimleri nas\u0131l tan\u0131mlamam\u0131z gerekiyor? Pop\u00fclizm ve otoriterizm kavram\u0131 bu olan biteni a\u00e7\u0131klamak i\u00e7in bizlere yeterli bir \u00e7er\u00e7eve sunuyor mu? Benzersiz bir kriz d\u00f6neminden mi ge\u00e7iyoruz, yoksa olan biten kapitalizmin, modern devletin ve modern kitle toplumunun bitimsiz krizlerinin bir ba\u015fka g\u00f6r\u00fcn\u00fcm\u00fc m\u00fc?\u201d Modern toplumun tarihin farkl\u0131 kesitlerinde birbirinden ay\u0131rt edilebilir krizler i\u00e7erisinden ge\u00e7ti\u011fini biliyoruz ve bug\u00fcnden geriye do\u011fru bak\u0131ld\u0131\u011f\u0131nda bunlar\u0131 \u00e7e\u015fitli analitik ara\u00e7larla anlamland\u0131rabiliyoruz. Fakat tarih akarken ya\u015fanan krizi tan\u0131mlaman\u0131n ve anlamland\u0131rman\u0131n bir hayli zor oldu\u011fu da a\u015fik\u00e2r. Bu nedenle cari krizin ne \u00fczerine temellendi\u011fi (iktisat, maneviyat, din, post-materyalizm vb.) ve toplumsal ya\u015fam\u0131 nas\u0131l bi\u00e7imlendirdi\u011fi canl\u0131 bir tart\u0131\u015fma olmaya devam ediyor. Zafer Y\u0131lmaz\u2019\u0131n Sa\u011f\u0131n Kasveti: Otoriter Liderler ve \u00c7al\u0131nan \u0130syan kitab\u0131, her \u015feyden \u00f6nce krizin tan\u0131mlanma bi\u00e7imlerine esasl\u0131 bir itiraz. Muar\u0131z\u0131n\u0131 da \u201cbozan\u201d, yani ele\u015ftirel d\u00fc\u015f\u00fcnceyi de tan\u0131mlad\u0131\u011f\u0131 sorunun bir par\u00e7as\u0131 k\u0131lan tuhaf krizler zaman\u0131n\u0131n tan\u0131mlay\u0131c\u0131 \u00f6zelliklerini sergileyerek perspektif de\u011fi\u015fiminin zorunlulu\u011funu ortaya koyuyor. Ya\u015fad\u0131\u011f\u0131m\u0131z krizlere alternatif bak\u0131\u015f a\u00e7\u0131lar\u0131 getirmekle ve olan biteni anlamland\u0131rmakla me\u015fgul olan okurlara \u201c\u00e7a\u011f\u0131m\u0131z\u0131n bilimsel ufkunun \u00f6tesine ge\u00e7me cesaretini\u201d g\u00f6sterme \u00e7a\u011fr\u0131s\u0131\u2026 <\/p>\n","protected":false},"excerpt":{"rendered":"<p>\u201cDonald Trump, Jair Bolsonaro, Viktor Orb\u00e1n gibi siyasi liderlerin kurma m\u00fccadelesi verdi\u011fi ve Tayyip Erdo\u011fan gibi siyasi liderlerin peki\u015ftirmeye \u00e7al\u0131\u015ft\u0131\u011f\u0131 siyasal rejimleri nas\u0131l tan\u0131mlamam\u0131z gerekiyor? Pop\u00fclizm<span class=\"excerpt-hellip\"> [\u2026]<\/span><\/p>\n","protected":false},"featured_media":0,"template":"","meta":{"_monsterinsights_skip_tracking":false,"_monsterinsights_sitenote_active":false,"_monsterinsights_sitenote_note":"","_monsterinsights_sitenote_category":0},"product_brand":[],"product_cat":[13590,12337],"product_tag":[],"class_list":{"0":"post-773433","1":"product","2":"type-product","3":"status-publish","5":"product_cat-arastirma-inceleme-politika-siyaset","6":"product_cat-politika-siyaset","7":"pa_cilt-ciltsiz","8":"pa_tur-kitap","9":"pa_yayinevi-iletisim-yayinlari","10":"pa_yazar-zafer-yilmaz","12":"first","13":"instock","14":"sale","15":"shipping-taxable","16":"purchasable","17":"product-type-simple"},"_links":{"self":[{"href":"https:\/\/roveyayinevi.com.tr\/index.php\/wp-json\/wp\/v2\/product\/773433","targetHints":{"allow":["GET"]}}],"collection":[{"href":"https:\/\/roveyayinevi.com.tr\/index.php\/wp-json\/wp\/v2\/product"}],"about":[{"href":"https:\/\/roveyayinevi.com.tr\/index.php\/wp-json\/wp\/v2\/types\/product"}],"wp:attachment":[{"href":"https:\/\/roveyayinevi.com.tr\/index.php\/wp-json\/wp\/v2\/media?parent=773433"}],"wp:term":[{"taxonomy":"product_brand","embeddable":true,"href":"https:\/\/roveyayinevi.com.tr\/index.php\/wp-json\/wp\/v2\/product_brand?post=773433"},{"taxonomy":"product_cat","embeddable":true,"href":"https:\/\/roveyayinevi.com.tr\/index.php\/wp-json\/wp\/v2\/product_cat?post=773433"},{"taxonomy":"product_tag","embeddable":true,"href":"https:\/\/roveyayinevi.com.tr\/index.php\/wp-json\/wp\/v2\/product_tag?post=773433"}],"curies":[{"name":"wp","href":"https:\/\/api.w.org\/{rel}","templated":true}]}}