{"id":773430,"date":"2025-08-28T16:16:11","date_gmt":"2025-08-28T13:16:11","guid":{"rendered":"https:\/\/roveyayinevi.com.tr\/index.php\/urun\/renksiz-4\/"},"modified":"2026-04-15T03:39:46","modified_gmt":"2026-04-15T00:39:46","slug":"renksiz-4","status":"publish","type":"product","link":"https:\/\/roveyayinevi.com.tr\/index.php\/urun\/renksiz-4\/","title":{"rendered":"Renksiz &#8211; 4"},"content":{"rendered":"<p>D\u00dcNYA B\u00dcY\u00dcK B\u0130R G\u00dcNE\u015e PATLAMASIYLA B\u00dcT\u00dcN RENKLER\u0130N\u0130 KAYBETT\u0130.Renklerini kaybetmi\u015f d\u00fcnyada insanl\u0131k ba\u015fkala\u015f\u0131m ge\u00e7irip gerileme ya\u015fad\u0131.Tarikat\u2019\u0131n suikast\u00e7\u0131lar\u0131 Ninmu, Jikamu ve ard\u0131ndan Fusemu\u2019ya yap\u0131lan zorlu m\u00fccadeleleri geride b\u0131rakan Avidia ve dostlar\u0131, giderek \u015fiddetlenen bu sava\u015fta hayatlar\u0131n\u0131 tehlikeye atacak bir deneye giri\u015fmeye karar veriyor. Fakat t\u00fcm kurbanlar\u0131n\u0131 toplam\u0131\u015f durumdaki Tarikat, kutsal metin do\u011frultusunda ilerlemeye devam ediyor.\u201cRenk Tanr\u0131s\u0131\u2019n\u0131n tezah\u00fcr\u00fc yak\u0131nd\u0131r.\u201d<\/p>\n","protected":false},"excerpt":{"rendered":"<p>D\u00dcNYA B\u00dcY\u00dcK B\u0130R G\u00dcNE\u015e PATLAMASIYLA B\u00dcT\u00dcN RENKLER\u0130N\u0130 KAYBETT\u0130.Renklerini kaybetmi\u015f d\u00fcnyada insanl\u0131k ba\u015fkala\u015f\u0131m ge\u00e7irip gerileme ya\u015fad\u0131.Tarikat\u2019\u0131n suikast\u00e7\u0131lar\u0131 Ninmu, Jikamu ve ard\u0131ndan Fusemu\u2019ya yap\u0131lan zorlu m\u00fccadeleleri geride b\u0131rakan<span class=\"excerpt-hellip\"> [\u2026]<\/span><\/p>\n","protected":false},"featured_media":0,"template":"","meta":{"_monsterinsights_skip_tracking":false,"_monsterinsights_sitenote_active":false,"_monsterinsights_sitenote_note":"","_monsterinsights_sitenote_category":0},"product_brand":[],"product_cat":[12416,12291],"product_tag":[],"class_list":{"0":"post-773430","1":"product","2":"type-product","3":"status-publish","5":"product_cat-cizgi-roman","6":"product_cat-edebiyat","7":"pa_cilt-ciltsiz","8":"pa_tur-kitap","9":"pa_yayinevi-kayip-kita-yayinlari","10":"pa_yazar-kent","12":"first","13":"instock","14":"sale","15":"shipping-taxable","16":"purchasable","17":"product-type-simple"},"_links":{"self":[{"href":"https:\/\/roveyayinevi.com.tr\/index.php\/wp-json\/wp\/v2\/product\/773430","targetHints":{"allow":["GET"]}}],"collection":[{"href":"https:\/\/roveyayinevi.com.tr\/index.php\/wp-json\/wp\/v2\/product"}],"about":[{"href":"https:\/\/roveyayinevi.com.tr\/index.php\/wp-json\/wp\/v2\/types\/product"}],"wp:attachment":[{"href":"https:\/\/roveyayinevi.com.tr\/index.php\/wp-json\/wp\/v2\/media?parent=773430"}],"wp:term":[{"taxonomy":"product_brand","embeddable":true,"href":"https:\/\/roveyayinevi.com.tr\/index.php\/wp-json\/wp\/v2\/product_brand?post=773430"},{"taxonomy":"product_cat","embeddable":true,"href":"https:\/\/roveyayinevi.com.tr\/index.php\/wp-json\/wp\/v2\/product_cat?post=773430"},{"taxonomy":"product_tag","embeddable":true,"href":"https:\/\/roveyayinevi.com.tr\/index.php\/wp-json\/wp\/v2\/product_tag?post=773430"}],"curies":[{"name":"wp","href":"https:\/\/api.w.org\/{rel}","templated":true}]}}