{"id":773429,"date":"2025-08-28T16:15:36","date_gmt":"2025-08-28T13:15:36","guid":{"rendered":"https:\/\/roveyayinevi.com.tr\/index.php\/urun\/okul-yillari\/"},"modified":"2026-04-15T03:39:46","modified_gmt":"2026-04-15T00:39:46","slug":"okul-yillari","status":"publish","type":"product","link":"https:\/\/roveyayinevi.com.tr\/index.php\/urun\/okul-yillari\/","title":{"rendered":"Okul Y\u0131llar\u0131"},"content":{"rendered":"<p>26 dile \u00e7evrilen Anne Baba Sihri Serisinden \u00c7ocu\u011funuz d\u00fcnyay\u0131 ke\u015ffetmeye ba\u015flad\u0131\u011f\u0131nda baz\u0131 s\u0131n\u0131rlar\u0131 nas\u0131l \u00f6\u011freteceksiniz?Peki yolunu kendi bulmak istedi\u011finde ona nas\u0131l rehberlik edeceksiniz?\u0130lkokula ba\u015flamalar\u0131 ile birlikte \u00e7ocuklar, ini\u015f \u00e7\u0131k\u0131\u015flar ve belirsizliklerle dolu, \u00f6nemli bir geli\u015fim d\u00f6nemine girerler. \u0130lk kez daha b\u00fcy\u00fck bir toplulukta yerlerini bulmaya, \u201cben\u201d olman\u0131n ne demek oldu\u011funu anlamaya \u00e7al\u0131\u015f\u0131rlar.D\u0131\u015flanma, itibar kaybetme korkusu b\u00fcy\u00fckt\u00fcr; \u00e7ocuklar matematik \u00f6devleri, k\u0131r\u0131lgan arkada\u015fl\u0131klar ve ba\u015fka endi\u015felerle dolu bir hayatta sosyal acemilerdir. Bu s\u00fcre\u00e7te size d\u00fc\u015fen, f\u0131rt\u0131nalar\u0131 birlikte atlatmak i\u00e7in yanlar\u0131nda olmak ve \u00e7ocu\u011funuzun bu d\u00fcnyan\u0131n bir par\u00e7as\u0131 olmas\u0131 i\u00e7in g\u00fcvenli ortam\u0131 yarat\u0131p yolu haz\u0131rlamakt\u0131r.\u00dcnl\u00fc psikolog ve aile terapisti Hedvig Montgomery, 26 dilde yay\u0131mlanan Anne Baba Sihri serisinin d\u00f6rd\u00fcnc\u00fc kitab\u0131 Okul Y\u0131llar\u0131\u2019nda, anne babalara ilk\u00f6\u011fretim \u00e7a\u011f\u0131 \u00e7ocuklar\u0131n\u0131n ihtiya\u00e7lar\u0131n\u0131 anlamalar\u0131 i\u00e7in hem profesyonel hem de ailevi deneyimlerini a\u00e7\u0131ky\u00fcreklilikle payla\u015farak yol g\u00f6steriyor.Duygusal dalgalanmalar, aile ve arkada\u015fl\u0131k ili\u015fkileri, zorbal\u0131k ve okul sorumluluklar\u0131n\u0131 yerine getirmedeki g\u00fc\u00e7l\u00fckler gibi \u00e7ocuklar\u0131n bu d\u00f6neminin \u00f6nemli sorunlar\u0131n\u0131 ba\u015far\u0131yla y\u00f6netebilmeleri ve kalbinin sesini dinleyen \u00e7ocuklar yeti\u015ftirebilmeleri i\u00e7in rehberlik ediyor.<\/p>\n","protected":false},"excerpt":{"rendered":"<p>26 dile \u00e7evrilen Anne Baba Sihri Serisinden \u00c7ocu\u011funuz d\u00fcnyay\u0131 ke\u015ffetmeye ba\u015flad\u0131\u011f\u0131nda baz\u0131 s\u0131n\u0131rlar\u0131 nas\u0131l \u00f6\u011freteceksiniz?Peki yolunu kendi bulmak istedi\u011finde ona nas\u0131l rehberlik edeceksiniz?\u0130lkokula ba\u015flamalar\u0131 ile birlikte<span class=\"excerpt-hellip\"> [\u2026]<\/span><\/p>\n","protected":false},"featured_media":0,"template":"","meta":{"_monsterinsights_skip_tracking":false,"_monsterinsights_sitenote_active":false,"_monsterinsights_sitenote_note":"","_monsterinsights_sitenote_category":0},"product_brand":[],"product_cat":[12679,12357],"product_tag":[],"class_list":{"0":"post-773429","1":"product","2":"type-product","3":"status-publish","5":"product_cat-cocuk-psikolojisi","6":"product_cat-psikoloji","7":"pa_cilt-ciltsiz","8":"pa_tur-kitap","9":"pa_yayinevi-domingo-yayinevi","10":"pa_yazar-hedvig-montgomery","12":"first","13":"instock","14":"sale","15":"shipping-taxable","16":"purchasable","17":"product-type-simple"},"_links":{"self":[{"href":"https:\/\/roveyayinevi.com.tr\/index.php\/wp-json\/wp\/v2\/product\/773429","targetHints":{"allow":["GET"]}}],"collection":[{"href":"https:\/\/roveyayinevi.com.tr\/index.php\/wp-json\/wp\/v2\/product"}],"about":[{"href":"https:\/\/roveyayinevi.com.tr\/index.php\/wp-json\/wp\/v2\/types\/product"}],"wp:attachment":[{"href":"https:\/\/roveyayinevi.com.tr\/index.php\/wp-json\/wp\/v2\/media?parent=773429"}],"wp:term":[{"taxonomy":"product_brand","embeddable":true,"href":"https:\/\/roveyayinevi.com.tr\/index.php\/wp-json\/wp\/v2\/product_brand?post=773429"},{"taxonomy":"product_cat","embeddable":true,"href":"https:\/\/roveyayinevi.com.tr\/index.php\/wp-json\/wp\/v2\/product_cat?post=773429"},{"taxonomy":"product_tag","embeddable":true,"href":"https:\/\/roveyayinevi.com.tr\/index.php\/wp-json\/wp\/v2\/product_tag?post=773429"}],"curies":[{"name":"wp","href":"https:\/\/api.w.org\/{rel}","templated":true}]}}