{"id":773428,"date":"2025-08-28T16:15:33","date_gmt":"2025-08-28T13:15:33","guid":{"rendered":"https:\/\/roveyayinevi.com.tr\/index.php\/urun\/disney-en-guzel-maceralar-siki-dostlar\/"},"modified":"2026-04-15T03:39:46","modified_gmt":"2026-04-15T00:39:46","slug":"disney-en-guzel-maceralar-siki-dostlar","status":"publish","type":"product","link":"https:\/\/roveyayinevi.com.tr\/index.php\/urun\/disney-en-guzel-maceralar-siki-dostlar\/","title":{"rendered":"Disney En G\u00fczel Maceralar &#8211; S\u0131k\u0131 Dostlar"},"content":{"rendered":"<p>Disney d\u00fcnyas\u0131n\u0131n sevilen kahramanlar\u0131 s\u0131k\u0131 dostluklar\u0131n\u0131 g\u00f6zler \u00f6n\u00fcne seren \u00e7izgi maceralarda ba\u015frolde!<\/p>\n","protected":false},"excerpt":{"rendered":"<p>Disney d\u00fcnyas\u0131n\u0131n sevilen kahramanlar\u0131 s\u0131k\u0131 dostluklar\u0131n\u0131 g\u00f6zler \u00f6n\u00fcne seren \u00e7izgi maceralarda ba\u015frolde!<\/p>\n","protected":false},"featured_media":0,"template":"","meta":{"_monsterinsights_skip_tracking":false,"_monsterinsights_sitenote_active":false,"_monsterinsights_sitenote_note":"","_monsterinsights_sitenote_category":0},"product_brand":[],"product_cat":[12689,12274],"product_tag":[],"class_list":{"0":"post-773428","1":"product","2":"type-product","3":"status-publish","5":"product_cat-cizgi-roman-cocuk-ve-genclik-kitaplari","6":"product_cat-cocuk-ve-genclik-kitaplari","7":"pa_cilt-ciltsiz","8":"pa_tur-kitap","9":"pa_yayinevi-beta-kids","10":"pa_yazar-disney-editor-ekibi","12":"first","13":"instock","14":"sale","15":"shipping-taxable","16":"purchasable","17":"product-type-simple"},"_links":{"self":[{"href":"https:\/\/roveyayinevi.com.tr\/index.php\/wp-json\/wp\/v2\/product\/773428","targetHints":{"allow":["GET"]}}],"collection":[{"href":"https:\/\/roveyayinevi.com.tr\/index.php\/wp-json\/wp\/v2\/product"}],"about":[{"href":"https:\/\/roveyayinevi.com.tr\/index.php\/wp-json\/wp\/v2\/types\/product"}],"wp:attachment":[{"href":"https:\/\/roveyayinevi.com.tr\/index.php\/wp-json\/wp\/v2\/media?parent=773428"}],"wp:term":[{"taxonomy":"product_brand","embeddable":true,"href":"https:\/\/roveyayinevi.com.tr\/index.php\/wp-json\/wp\/v2\/product_brand?post=773428"},{"taxonomy":"product_cat","embeddable":true,"href":"https:\/\/roveyayinevi.com.tr\/index.php\/wp-json\/wp\/v2\/product_cat?post=773428"},{"taxonomy":"product_tag","embeddable":true,"href":"https:\/\/roveyayinevi.com.tr\/index.php\/wp-json\/wp\/v2\/product_tag?post=773428"}],"curies":[{"name":"wp","href":"https:\/\/api.w.org\/{rel}","templated":true}]}}