{"id":773425,"date":"2025-08-28T16:15:27","date_gmt":"2025-08-28T13:15:27","guid":{"rendered":"https:\/\/roveyayinevi.com.tr\/index.php\/urun\/yapisal-cevrenin-yesil-donusumu\/"},"modified":"2025-12-30T11:43:57","modified_gmt":"2025-12-30T08:43:57","slug":"yapisal-cevrenin-yesil-donusumu","status":"publish","type":"product","link":"https:\/\/roveyayinevi.com.tr\/index.php\/urun\/yapisal-cevrenin-yesil-donusumu\/","title":{"rendered":"Yap\u0131sal \u00c7evrenin Ye\u015fil D\u00f6n\u00fc\u015f\u00fcm\u00fc"},"content":{"rendered":"<p>Ye\u015fil binalar ve emlak geli\u015ftirme, \u00e7evresel motivasyonu olan bir ekolojik konumdan maliyet-duyarl\u0131 bir ak\u0131ma d\u00f6n\u00fc\u015febilir mi? Temiz enerji ve d\u00fc\u015f\u00fck karbon ekonomisine tamamen ge\u00e7meye g\u00fcc\u00fcm\u00fcz yeter mi? Ayr\u0131nt\u0131l\u0131 bir orijinal \u00e7al\u0131\u015fmayla, \u201cYap\u0131sal \u00c7evrenin Ye\u015fil D\u00f6n\u00fc\u015f\u00fcm\u00fc\u201d finansal, sa\u011fl\u0131k, ruhsal ve \u00e7evresel parametrelerden yola \u00e7\u0131karak ye\u015fil teknolojiler ve stratejilerin maliyet ve faydalar\u0131n\u0131 ortaya koymaktad\u0131r.  Binalar\u0131n\u0131 ve yerle\u015fimlerini maliyet etkin ye\u015fil yapmak isteyen rekabet avantaj\u0131 yaratmaya \u00e7al\u0131\u015fan ve ciddi oranda karbondioksit azalt\u0131m\u0131 hedefleyen profesyoneller i\u00e7in e\u015fi bulunmaz bir kaynakt\u0131r. Kats ve Erten ABD ve T\u00fcrkiye\u2019deki ye\u015fil sekt\u00f6r\u00fc ve yap\u0131lan \u00e7al\u0131\u015fmalar\u0131 akademik bir ders kitab\u0131 olarak kullan\u0131labilecek \u015fekilde ortaya koymu\u015flard\u0131r. ** \u0130klim de\u011fi\u015fikli\u011fini ciddiye alan herkes bu kitab\u0131 almal\u0131d\u0131r. Enerji ve in\u015faat konusunda en derin bilgiler vererek ye\u015fil in\u015faat\u0131n getirilerinin maliyetlerin \u00fcst\u00fcne \u00e7\u0131kt\u0131\u011f\u0131n\u0131 ve yenilenebilir enerji kullan\u0131m\u0131n\u0131n ye\u015fil in\u015faat sayesinde ulusal bir canlanmaya yol a\u00e7abilece\u011fini g\u00f6stermi\u015ftir. Don Kennedy, Stanford \u00dcniversitesi Emeritus Rekt\u00f6r\u00fc &amp; Bing \u00c7evre Bilimleri ve Politikalar\u0131 Profes\u00f6r\u00fc   Nerden bakarsan\u0131z, ye\u015fil binalar\u0131n zaman\u0131 tam da \u015fimdidir. Kats ve Erten\u2019in bu alanda s\u00fcreklili\u011fi devam eden \u00e7al\u0131\u015fmalar\u0131, maliyet etkin bir \u015fekilde neden ve nas\u0131l d\u00fcnyalar\u0131n\u0131 ye\u015file d\u00f6n\u00fc\u015ft\u00fcrmeleri gerekti\u011fi konusunda, bina yapanlar, belediyeler ve \u015firketler i\u00e7in paha bi\u00e7ilmez bir kaynak olacakt\u0131r. Rick Fedrizzi, ABD Ye\u015fil Binalar Derne\u011fi Ba\u015fkan\u0131 ve CEO\u2019su   Ye\u015fil in\u015faa etmek sa\u011fl\u0131k ve ekonomik faydalar\u0131 da beraberinde getirir. \u00dclkeler sa\u011fl\u0131\u011f\u0131 iyile\u015ftirirken maliyetleri d\u00fc\u015f\u00fcrmek gibi ikili g\u00f6revlerle y\u00fczle\u015firken, kitapta ortaya konan tam fayda sa\u011flayan muhasebe paha bi\u00e7ilmezdir. Howard Frumkin, ABD Ulusal \u00c7evresel Sa\u011fl\u0131k Merkezi Direkt\u00f6r\u00fc\/ATSTR, Ulusal Hastal\u0131k Kontrol ve \u00d6nleme Merkezleri   T\u00fcrkiye\u2019de ye\u015fil d\u00f6n\u00fc\u015f\u00fcm\u00fcn \u00f6nc\u00fcl\u00fc\u011f\u00fcn\u00fc yapan Ye\u015fil Bina Konseyinin kurucusu Dr. Erten, bu \u00f6nemli kitab\u0131 T\u00fcrk\u00e7eye \u00e7evirerek ve T\u00fcrkiye\u2019den \u00f6rnekleri anlatt\u0131\u011f\u0131 ek b\u00f6l\u00fcmler ile bu kitab\u0131n orijinal mesaj\u0131n\u0131 g\u00fc\u00e7lendirmi\u015f ve T\u00fcrkiye\u2019ye faydal\u0131 hale getirmi\u015ftir. Huston Eubank, WGBC Kurucu Sekreter ve Direkt\u00f6r\u00fc (2004-2007) <\/p>\n","protected":false},"excerpt":{"rendered":"<p>Ye\u015fil binalar ve emlak geli\u015ftirme, \u00e7evresel motivasyonu olan bir ekolojik konumdan maliyet-duyarl\u0131 bir ak\u0131ma d\u00f6n\u00fc\u015febilir mi? Temiz enerji ve d\u00fc\u015f\u00fck karbon ekonomisine tamamen ge\u00e7meye g\u00fcc\u00fcm\u00fcz yeter<span class=\"excerpt-hellip\"> [\u2026]<\/span><\/p>\n","protected":false},"featured_media":0,"template":"","meta":{"_monsterinsights_skip_tracking":false,"_monsterinsights_sitenote_active":false,"_monsterinsights_sitenote_note":"","_monsterinsights_sitenote_category":0},"product_brand":[],"product_cat":[12767,12324],"product_tag":[],"class_list":{"0":"post-773425","1":"product","2":"type-product","3":"status-publish","5":"product_cat-kentlesme-modernlesme","6":"product_cat-sosyoloji","7":"pa_cilt-ciltsiz","8":"pa_tur-kitap","9":"pa_yayinevi-idealkent-yayincilik","10":"pa_yazar-greg-kats-duygu-erten","12":"first","13":"instock","14":"sale","15":"shipping-taxable","16":"purchasable","17":"product-type-simple"},"_links":{"self":[{"href":"https:\/\/roveyayinevi.com.tr\/index.php\/wp-json\/wp\/v2\/product\/773425","targetHints":{"allow":["GET"]}}],"collection":[{"href":"https:\/\/roveyayinevi.com.tr\/index.php\/wp-json\/wp\/v2\/product"}],"about":[{"href":"https:\/\/roveyayinevi.com.tr\/index.php\/wp-json\/wp\/v2\/types\/product"}],"wp:attachment":[{"href":"https:\/\/roveyayinevi.com.tr\/index.php\/wp-json\/wp\/v2\/media?parent=773425"}],"wp:term":[{"taxonomy":"product_brand","embeddable":true,"href":"https:\/\/roveyayinevi.com.tr\/index.php\/wp-json\/wp\/v2\/product_brand?post=773425"},{"taxonomy":"product_cat","embeddable":true,"href":"https:\/\/roveyayinevi.com.tr\/index.php\/wp-json\/wp\/v2\/product_cat?post=773425"},{"taxonomy":"product_tag","embeddable":true,"href":"https:\/\/roveyayinevi.com.tr\/index.php\/wp-json\/wp\/v2\/product_tag?post=773425"}],"curies":[{"name":"wp","href":"https:\/\/api.w.org\/{rel}","templated":true}]}}