{"id":773424,"date":"2025-08-28T16:15:24","date_gmt":"2025-08-28T13:15:24","guid":{"rendered":"https:\/\/roveyayinevi.com.tr\/index.php\/urun\/afili-mahalle-4-ucan-otobus\/"},"modified":"2026-04-15T03:39:46","modified_gmt":"2026-04-15T00:39:46","slug":"afili-mahalle-4-ucan-otobus","status":"publish","type":"product","link":"https:\/\/roveyayinevi.com.tr\/index.php\/urun\/afili-mahalle-4-ucan-otobus\/","title":{"rendered":"Afili Mahalle \u2013 4  U\u00e7an Otob\u00fcs"},"content":{"rendered":"<p>Hamdi ve arkada\u015flar\u0131n\u0131n s\u0131radan gibi g\u00f6r\u00fcnen bir g\u00fcnde ba\u015flayan yolculuklar\u0131, mahallelerine inen garip bir otob\u00fcsle bamba\u015fka bir boyut kazan\u0131yor. Bu otob\u00fcs ne s\u0131radan bir otob\u00fcs ne de yolcular\u0131 s\u0131radan \u00e7ocuklar!Sayfalar aras\u0131nda s\u00fcz\u00fclen bu macerada, okuman\u0131n sadece bilgi de\u011fil hayal g\u00fcc\u00fc, cesaret ve dostluk da katt\u0131\u011f\u0131n\u0131 ke\u015ffedeceksiniz.Her kitap bir yolculuktur ama baz\u0131lar\u0131 ger\u00e7ekten u\u00e7urur!<\/p>\n","protected":false},"excerpt":{"rendered":"<p>Hamdi ve arkada\u015flar\u0131n\u0131n s\u0131radan gibi g\u00f6r\u00fcnen bir g\u00fcnde ba\u015flayan yolculuklar\u0131, mahallelerine inen garip bir otob\u00fcsle bamba\u015fka bir boyut kazan\u0131yor. Bu otob\u00fcs ne s\u0131radan bir otob\u00fcs ne<span class=\"excerpt-hellip\"> [\u2026]<\/span><\/p>\n","protected":false},"featured_media":0,"template":"","meta":{"_monsterinsights_skip_tracking":false,"_monsterinsights_sitenote_active":false,"_monsterinsights_sitenote_note":"","_monsterinsights_sitenote_category":0},"product_brand":[],"product_cat":[12291,18202],"product_tag":[],"class_list":{"0":"post-773424","1":"product","2":"type-product","3":"status-publish","5":"product_cat-edebiyat","6":"product_cat-hikaye","7":"pa_cilt-ciltsiz","8":"pa_tur-kitap","9":"pa_yayinevi-nesil-yayinlari","10":"pa_yazar-abdil-mert","12":"first","13":"instock","14":"sale","15":"shipping-taxable","16":"purchasable","17":"product-type-simple"},"_links":{"self":[{"href":"https:\/\/roveyayinevi.com.tr\/index.php\/wp-json\/wp\/v2\/product\/773424","targetHints":{"allow":["GET"]}}],"collection":[{"href":"https:\/\/roveyayinevi.com.tr\/index.php\/wp-json\/wp\/v2\/product"}],"about":[{"href":"https:\/\/roveyayinevi.com.tr\/index.php\/wp-json\/wp\/v2\/types\/product"}],"wp:attachment":[{"href":"https:\/\/roveyayinevi.com.tr\/index.php\/wp-json\/wp\/v2\/media?parent=773424"}],"wp:term":[{"taxonomy":"product_brand","embeddable":true,"href":"https:\/\/roveyayinevi.com.tr\/index.php\/wp-json\/wp\/v2\/product_brand?post=773424"},{"taxonomy":"product_cat","embeddable":true,"href":"https:\/\/roveyayinevi.com.tr\/index.php\/wp-json\/wp\/v2\/product_cat?post=773424"},{"taxonomy":"product_tag","embeddable":true,"href":"https:\/\/roveyayinevi.com.tr\/index.php\/wp-json\/wp\/v2\/product_tag?post=773424"}],"curies":[{"name":"wp","href":"https:\/\/api.w.org\/{rel}","templated":true}]}}