{"id":773423,"date":"2025-08-28T16:15:23","date_gmt":"2025-08-28T13:15:23","guid":{"rendered":"https:\/\/roveyayinevi.com.tr\/index.php\/urun\/kente-ve-cevreye-karsi-islenen-suclar-1\/"},"modified":"2026-04-15T03:39:46","modified_gmt":"2026-04-15T00:39:46","slug":"kente-ve-cevreye-karsi-islenen-suclar-1","status":"publish","type":"product","link":"https:\/\/roveyayinevi.com.tr\/index.php\/urun\/kente-ve-cevreye-karsi-islenen-suclar-1\/","title":{"rendered":"Kente ve \u00c7evreye Kar\u015f\u0131 \u0130\u015flenen Su\u00e7lar-1"},"content":{"rendered":"<p>Kente ve \u00c7evreye Kar\u015f\u0131 \u0130\u015flenen Su\u00e7lar-1   Kente ve \u00e7evreye kar\u015f\u0131 i\u015flenen su\u00e7lar, g\u00fcn\u00fcm\u00fczde yaln\u0131zca birer hukuki ihlal ya da estetik sorun de\u011fil, ayn\u0131 zamanda toplumsal yap\u0131y\u0131 tehdit eden derin bir k\u0131r\u0131lman\u0131n ifadesidir. Plans\u0131z yap\u0131la\u015fma, do\u011fal varl\u0131klar\u0131n tahribi, k\u00fclt\u00fcrel ve tarih\u00ee de\u011ferlerin yok say\u0131lmas\u0131, kent mek\u00e2nlar\u0131n\u0131n rant u\u011fruna feda edilmesi; sadece kentlerin fiziksel dokusunu de\u011fil, kentli haklar\u0131n\u0131, toplumsal adaleti ve kamu vicdan\u0131n\u0131 da do\u011frudan etkilemektedir. Bu iki ciltlik eser, yaln\u0131zca bir akademik \u00e7al\u0131\u015fma de\u011fil; ayn\u0131 zamanda bir uyar\u0131, bir belgeleme ve bir sorumluluk \u00e7a\u011fr\u0131s\u0131d\u0131r. Kent planlamas\u0131ndan \u00e7evre hukukuna, mimarl\u0131ktan kamu y\u00f6netimine kadar farkl\u0131 disiplinlerin katk\u0131s\u0131yla haz\u0131rlanan kitap, kente ve \u00e7evreye y\u00f6nelen sistematik ihlalleri \u00e7ok boyutlu bir \u00e7er\u00e7evede ele almakta; kavramsal tart\u0131\u015fmalarla birlikte g\u00fcncel \u00f6rnekleri de i\u00e7ermektedir. Prof. Dr. Ru\u015fen Kele\u015f ve Prof. Dr. Mithat Arman Karasunun edit\u00f6rl\u00fc\u011f\u00fcnde haz\u0131rlanan bu \u00e7al\u0131\u015fma, sessiz kalman\u0131n en b\u00fcy\u00fck su\u00e7 oldu\u011fu bir d\u00f6nemde, toplumsal sorumluluk ta\u015f\u0131yan herkes i\u00e7in bir vicdan metni niteli\u011findedir. Bu kitap, kent hakk\u0131n\u0131 ve \u00e7evre hakk\u0131n\u0131 yaln\u0131zca savunmakla kalmaz; ayn\u0131 zamanda gelecek ku\u015faklara kar\u015f\u0131 duydu\u011fumuz ahlaki y\u00fck\u00fcml\u00fcl\u00fc\u011f\u00fcn de alt\u0131n\u0131 \u00e7izer. Gelece\u011fin kentleri bug\u00fcn\u00fcn suskunlu\u011funda \u015fekillenir. Bu nedenle, hem\u015fehrilik bilinciyle hareket etmek ve hukuku, do\u011fay\u0131, tarihi birlikte savunmak her birimizin g\u00f6revidir.   \u0130\u00e7indekiler   \u00d6ns\u00f6z Ru\u015fen Kele\u015f, Mithat Arman Karasu   Kente ve \u00c7evreye Kar\u015f\u0131 Su\u00e7 Nedir? Ru\u015fen Kele\u015f   Kente Kar\u015f\u0131 \u0130\u015flenen En B\u00fcy\u00fck Su\u00e7: Kentk\u0131r\u0131m Mithat Arman Karasu, Ali Burak Aksungur   \u00c7evre Hakk\u0131 Birol Ertan   Kamu Yarar\u0131 Deniz \u0130\u015f\u00e7io\u011flu   Kent-Su\u00e7 \u0130li\u015fkisinde Karma\u015f\u0131k \u0130ki Kavram \u00dczerine Bir De\u011ferlendirme: Kentsel Su\u00e7 ve Kente Kar\u015f\u0131 Su\u00e7 Esra Banu Sipahi   Gelecek Ku\u015faklar\u0131n Haklar\u0131 ve Hukuki Niteli\u011fi C\u00fcneyd Alt\u0131parmak   Kente Kar\u015f\u0131 Su\u00e7 ve Kentlilik Bilincinin \u00d6nemi Hayriye \u015eeng\u00fcn   Kent ve \u0130nsan Haklar\u0131: Kentli Haklar\u0131n\u0131n Uygulanmas\u0131 \u00dczerine Bir Model \u00d6nerisi K\u0131v\u0131lc\u0131m Akkoyunlu Ertan   Bar\u0131nma ve Konut Hakk\u0131 Tayfun \u00c7\u0131nar   \u0130nsan Hakk\u0131 Perspektifinden Kentli Toplumlarda Su G\u00fcvenli\u011finin Sa\u011flanmas\u0131 Elif \u00c7olako\u011flu   Kentte Spor Yapma Hakk\u0131 Bilge Ka\u011fan \u015eakac\u0131, Sel\u00e7uk \u00d6zkaya, Merve G\u00fcnesen   Kentte G\u00fcvenlik Hakk\u0131 ve Kad\u0131n Nil\u00fcfer Negiz   Kentsel Mek\u00e2nda Kamu Hizmetlerine Eri\u015filebilirlik Meltem Y\u0131lmaz   Bir Kentli Hakk\u0131 Olarak Konut Hakk\u0131n\u0131n A\u0130HM Kararlar\u0131 Kapsam\u0131nda De\u011ferlendirilmesi Nazl\u0131 Y\u00fccel Batmaz, \u015eenol Sancak   Kentsel Haklar ve Ayr\u0131mc\u0131l\u0131k \u0130li\u015fkisi Ba\u011flam\u0131nda Edirne Romanlar\u0131 Burak Mert Parl\u0131yan, Mahmut G\u00fcler   K\u00fclt\u00fcrel Miras Ba\u011flam\u0131nda Kente Kar\u015f\u0131 \u0130\u015flenen Su\u00e7lar \u00dczerine Bir De\u011ferlendirme Lale \u00d6zgenel   Depremlerin Kent, Kent Kimli\u011fi ve Kentsel Bellek \u00dczerine Etkisi Sevcan G\u00fcle\u00e7   Kente Kar\u015f\u0131 \u0130mar Plan\u0131 De\u011fi\u015fiklikleri Yoluyla Su\u00e7: Ba\u015fkent Ankarada G\u00f6k\u00e7ek D\u00f6nemi Sava\u015f Zafer \u015eahin   \u0130stanbul&#8217;un Kentsel Geli\u015fme S\u00fcrecinde \u0130ki \u00d6nemli Yarg\u0131 Konusu H. \u00c7a\u011fatay Keskinok   \u0130mar Plan\u0131 De\u011fi\u015fiklikleri ile Kentsel Mek\u00e2na M\u00fcdahale: \u00c7ankaya&#8217;da Ya\u015fanan D\u00f6n\u00fc\u015f\u00fcm \u0130rem Akkaya B\u00fcy\u00fckcivelek, \u00c7i\u011fdem Varol   Kente Kar\u015f\u0131 Su\u00e7 Ba\u011flam\u0131nda 21. Y\u00fczy\u0131lda \u00dclkemizde Tahrip Olunan Tarihi ve Mimari Yap\u0131lar Enis Yeter <\/p>\n","protected":false},"excerpt":{"rendered":"<p>Kente ve \u00c7evreye Kar\u015f\u0131 \u0130\u015flenen Su\u00e7lar-1 Kente ve \u00e7evreye kar\u015f\u0131 i\u015flenen su\u00e7lar, g\u00fcn\u00fcm\u00fczde yaln\u0131zca birer hukuki ihlal ya da estetik sorun de\u011fil, ayn\u0131 zamanda toplumsal yap\u0131y\u0131<span class=\"excerpt-hellip\"> [\u2026]<\/span><\/p>\n","protected":false},"featured_media":0,"template":"","meta":{"_monsterinsights_skip_tracking":false,"_monsterinsights_sitenote_active":false,"_monsterinsights_sitenote_note":"","_monsterinsights_sitenote_category":0},"product_brand":[],"product_cat":[12767,12324],"product_tag":[],"class_list":{"0":"post-773423","1":"product","2":"type-product","3":"status-publish","5":"product_cat-kentlesme-modernlesme","6":"product_cat-sosyoloji","7":"pa_cilt-ciltsiz","8":"pa_tur-kitap","9":"pa_yayinevi-idealkent-yayincilik","10":"pa_yazar-kolektif","12":"first","13":"instock","14":"sale","15":"shipping-taxable","16":"purchasable","17":"product-type-simple"},"_links":{"self":[{"href":"https:\/\/roveyayinevi.com.tr\/index.php\/wp-json\/wp\/v2\/product\/773423","targetHints":{"allow":["GET"]}}],"collection":[{"href":"https:\/\/roveyayinevi.com.tr\/index.php\/wp-json\/wp\/v2\/product"}],"about":[{"href":"https:\/\/roveyayinevi.com.tr\/index.php\/wp-json\/wp\/v2\/types\/product"}],"wp:attachment":[{"href":"https:\/\/roveyayinevi.com.tr\/index.php\/wp-json\/wp\/v2\/media?parent=773423"}],"wp:term":[{"taxonomy":"product_brand","embeddable":true,"href":"https:\/\/roveyayinevi.com.tr\/index.php\/wp-json\/wp\/v2\/product_brand?post=773423"},{"taxonomy":"product_cat","embeddable":true,"href":"https:\/\/roveyayinevi.com.tr\/index.php\/wp-json\/wp\/v2\/product_cat?post=773423"},{"taxonomy":"product_tag","embeddable":true,"href":"https:\/\/roveyayinevi.com.tr\/index.php\/wp-json\/wp\/v2\/product_tag?post=773423"}],"curies":[{"name":"wp","href":"https:\/\/api.w.org\/{rel}","templated":true}]}}