{"id":773422,"date":"2025-08-28T16:15:21","date_gmt":"2025-08-28T13:15:21","guid":{"rendered":"https:\/\/roveyayinevi.com.tr\/index.php\/urun\/guncel-kentsel-sorunlar\/"},"modified":"2026-04-15T03:39:46","modified_gmt":"2026-04-15T00:39:46","slug":"guncel-kentsel-sorunlar","status":"publish","type":"product","link":"https:\/\/roveyayinevi.com.tr\/index.php\/urun\/guncel-kentsel-sorunlar\/","title":{"rendered":"G\u00fcncel Kentsel Sorunlar"},"content":{"rendered":"<p>Elinizdeki &#8220;G\u00fcncel Kentsel Sorunlar&#8221; kitab\u0131, T\u00fcrkiyede h\u0131zla de\u011fi\u015fen ve d\u00f6n\u00fc\u015fen kentsel yap\u0131n\u0131n \u00e7ok katmanl\u0131 sorunlar\u0131n\u0131 kapsaml\u0131 bir \u015fekilde ele al\u0131yor. Murat Sezikin haz\u0131rlad\u0131\u011f\u0131 kitapta, g\u00f6\u00e7 hareketlerinden kentsel d\u00f6n\u00fc\u015f\u00fcm politikalar\u0131na, kent yoksullu\u011fundan \u00e7evre sorunlar\u0131na, yerel y\u00f6netimlerin ya\u015fanabilir kent vizyonlar\u0131ndan ula\u015f\u0131m planlamalar\u0131na kadar geni\u015f bir yelpazede bilgi sunuluyor. Kitapta; zorunlu g\u00f6\u00e7lerin kentler \u00fczerindeki etkileri, kentle\u015fme ve kentlile\u015fme s\u00fcre\u00e7leri, imar d\u00fczenlemeleri, planlama paradokslar\u0131 ve kent rant\u0131na dair tart\u0131\u015fmalar, g\u00fcn\u00fcm\u00fcz \u015fehirle\u015fme deneyiminin temel yap\u0131 ta\u015flar\u0131 olarak i\u015fleniyor. Ayn\u0131 zamanda afet y\u00f6netimi, \u00e7evresel riskler, kent g\u00fcvenli\u011fi ve yerel kalk\u0131nma gibi kritik ba\u015fl\u0131klara yer verilerek s\u00fcrd\u00fcr\u00fclebilir ve diren\u00e7li kent anlay\u0131\u015f\u0131n\u0131n teorik ve pratik y\u00f6nleri irdeleniyor. G\u00fcn\u00fcm\u00fcz kentlerinin ya\u015fad\u0131\u011f\u0131 zorluklara sadece bir sorun listesiyle de\u011fil, \u00e7\u00f6z\u00fcm \u00f6nerileri ve politika ara\u00e7lar\u0131yla yakla\u015fan bu eser; \u015fehircilik, sosyoloji, kamu y\u00f6netimi ve planlama alanlar\u0131na ilgi duyan ara\u015ft\u0131rmac\u0131lar, \u00f6\u011frenciler ve yerel y\u00f6netim profesyonelleri i\u00e7in \u00f6nemli bir kaynak. <\/p>\n","protected":false},"excerpt":{"rendered":"<p>Elinizdeki &#8220;G\u00fcncel Kentsel Sorunlar&#8221; kitab\u0131, T\u00fcrkiyede h\u0131zla de\u011fi\u015fen ve d\u00f6n\u00fc\u015fen kentsel yap\u0131n\u0131n \u00e7ok katmanl\u0131 sorunlar\u0131n\u0131 kapsaml\u0131 bir \u015fekilde ele al\u0131yor. Murat Sezikin haz\u0131rlad\u0131\u011f\u0131 kitapta, g\u00f6\u00e7 hareketlerinden<span class=\"excerpt-hellip\"> [\u2026]<\/span><\/p>\n","protected":false},"featured_media":0,"template":"","meta":{"_monsterinsights_skip_tracking":false,"_monsterinsights_sitenote_active":false,"_monsterinsights_sitenote_note":"","_monsterinsights_sitenote_category":0},"product_brand":[],"product_cat":[12767,12324],"product_tag":[],"class_list":{"0":"post-773422","1":"product","2":"type-product","3":"status-publish","5":"product_cat-kentlesme-modernlesme","6":"product_cat-sosyoloji","7":"pa_cilt-ciltsiz","8":"pa_tur-kitap","9":"pa_yayinevi-idealkent-yayincilik","10":"pa_yazar-kolektif","12":"first","13":"instock","14":"sale","15":"shipping-taxable","16":"purchasable","17":"product-type-simple"},"_links":{"self":[{"href":"https:\/\/roveyayinevi.com.tr\/index.php\/wp-json\/wp\/v2\/product\/773422","targetHints":{"allow":["GET"]}}],"collection":[{"href":"https:\/\/roveyayinevi.com.tr\/index.php\/wp-json\/wp\/v2\/product"}],"about":[{"href":"https:\/\/roveyayinevi.com.tr\/index.php\/wp-json\/wp\/v2\/types\/product"}],"wp:attachment":[{"href":"https:\/\/roveyayinevi.com.tr\/index.php\/wp-json\/wp\/v2\/media?parent=773422"}],"wp:term":[{"taxonomy":"product_brand","embeddable":true,"href":"https:\/\/roveyayinevi.com.tr\/index.php\/wp-json\/wp\/v2\/product_brand?post=773422"},{"taxonomy":"product_cat","embeddable":true,"href":"https:\/\/roveyayinevi.com.tr\/index.php\/wp-json\/wp\/v2\/product_cat?post=773422"},{"taxonomy":"product_tag","embeddable":true,"href":"https:\/\/roveyayinevi.com.tr\/index.php\/wp-json\/wp\/v2\/product_tag?post=773422"}],"curies":[{"name":"wp","href":"https:\/\/api.w.org\/{rel}","templated":true}]}}