{"id":773421,"date":"2025-08-28T16:15:20","date_gmt":"2025-08-28T13:15:20","guid":{"rendered":"https:\/\/roveyayinevi.com.tr\/index.php\/urun\/cumhuriyet-utopyasinda-ideal-kent-ankara-istanbul-bursa\/"},"modified":"2026-04-15T03:39:46","modified_gmt":"2026-04-15T00:39:46","slug":"cumhuriyet-utopyasinda-ideal-kent-ankara-istanbul-bursa","status":"publish","type":"product","link":"https:\/\/roveyayinevi.com.tr\/index.php\/urun\/cumhuriyet-utopyasinda-ideal-kent-ankara-istanbul-bursa\/","title":{"rendered":"Cumhuriyet \u00dctopyas\u0131nda \u0130deal Kent: Ankara, \u0130stanbul, Bursa"},"content":{"rendered":"<p>Cumhuriyet \u00dctopyas\u0131nda \u0130deal Kent: Ankara, \u0130stanbul, Bursa, T\u00fcrkiye Cumhuriyeti\u2019nin erken d\u00f6neminde mek\u00e2nsal tahayy\u00fcl\u00fcn ve ideal toplum aray\u0131\u015f\u0131n\u0131n izini s\u00fcr\u00fcyor. \u00dctopyalar\u0131n yaln\u0131zca hayal de\u011fil, ayn\u0131 zamanda toplumsal ele\u015ftirinin ve yeniden in\u015fa arzusunun birer ifadesi oldu\u011funu hat\u0131rlatan bu \u00e7al\u0131\u015fma; modernle\u015fme, Bat\u0131l\u0131la\u015fma ve ideal kent tasar\u0131m\u0131 aras\u0131ndaki karma\u015f\u0131k ili\u015fkiyi \u00fc\u00e7 \u015fehir \u00fczerinden ele al\u0131yor. Ankara, Cumhuriyet\u2019in simgesel ba\u015fkenti olarak ge\u00e7mi\u015ften kopu\u015fu ve yeni bir ulusun in\u015fas\u0131n\u0131 temsil ederken; \u0130stanbul, tarihsel mirasla modernle\u015fme aras\u0131nda d\u00f6n\u00fc\u015ft\u00fcr\u00fclmesi gereken bir metropol olarak ele al\u0131n\u0131r. Bursa ise, hem do\u011fal hem tarihsel nitelikleriyle Cumhuriyet\u2019in modernlik vizyonuna e\u015flik eden \u00f6zg\u00fcn bir kent modeli olarak \u00f6ne \u00e7\u0131kar. Bu kitap, \u00fctopyac\u0131 bir mercekten bakarak T\u00fcrkiye\u2019nin kentsel modernle\u015fme s\u00fcrecini inceliyor. Erken Cumhuriyet d\u00f6neminde ideal toplum i\u00e7in ideal mek\u00e2n nas\u0131l tan\u0131mland\u0131? \u015eehirler yaln\u0131zca ya\u015fanacak yerler de\u011fil, ayn\u0131 zamanda toplumsal d\u00fczenin g\u00f6r\u00fcn\u00fcr oldu\u011fu sahneler miydi? Cumhuriyet\u2019in mek\u00e2nsal hayalini anlamak isteyen herkes i\u00e7in bu \u00e7al\u0131\u015fma, sadece bir anlat\u0131 de\u011fil, ayn\u0131 zamanda bir d\u00fc\u015f\u00fcnsel yolculuk sunuyor. Kent, art\u0131k yaln\u0131zca bir yer de\u011fil; bir \u00fctopyan\u0131n ger\u00e7ekle\u015fme zemini. <\/p>\n","protected":false},"excerpt":{"rendered":"<p>Cumhuriyet \u00dctopyas\u0131nda \u0130deal Kent: Ankara, \u0130stanbul, Bursa, T\u00fcrkiye Cumhuriyeti\u2019nin erken d\u00f6neminde mek\u00e2nsal tahayy\u00fcl\u00fcn ve ideal toplum aray\u0131\u015f\u0131n\u0131n izini s\u00fcr\u00fcyor. \u00dctopyalar\u0131n yaln\u0131zca hayal de\u011fil, ayn\u0131 zamanda toplumsal<span class=\"excerpt-hellip\"> [\u2026]<\/span><\/p>\n","protected":false},"featured_media":0,"template":"","meta":{"_monsterinsights_skip_tracking":false,"_monsterinsights_sitenote_active":false,"_monsterinsights_sitenote_note":"","_monsterinsights_sitenote_category":0},"product_brand":[],"product_cat":[12304,13493],"product_tag":[],"class_list":{"0":"post-773421","1":"product","2":"type-product","3":"status-publish","5":"product_cat-tarih","6":"product_cat-turkiye-ve-cumhuriyet-tarihi","7":"pa_cilt-ciltsiz","8":"pa_tur-kitap","9":"pa_yayinevi-idealkent-yayincilik","10":"pa_yazar-erdal-sahin","12":"first","13":"instock","14":"sale","15":"shipping-taxable","16":"purchasable","17":"product-type-simple"},"_links":{"self":[{"href":"https:\/\/roveyayinevi.com.tr\/index.php\/wp-json\/wp\/v2\/product\/773421","targetHints":{"allow":["GET"]}}],"collection":[{"href":"https:\/\/roveyayinevi.com.tr\/index.php\/wp-json\/wp\/v2\/product"}],"about":[{"href":"https:\/\/roveyayinevi.com.tr\/index.php\/wp-json\/wp\/v2\/types\/product"}],"wp:attachment":[{"href":"https:\/\/roveyayinevi.com.tr\/index.php\/wp-json\/wp\/v2\/media?parent=773421"}],"wp:term":[{"taxonomy":"product_brand","embeddable":true,"href":"https:\/\/roveyayinevi.com.tr\/index.php\/wp-json\/wp\/v2\/product_brand?post=773421"},{"taxonomy":"product_cat","embeddable":true,"href":"https:\/\/roveyayinevi.com.tr\/index.php\/wp-json\/wp\/v2\/product_cat?post=773421"},{"taxonomy":"product_tag","embeddable":true,"href":"https:\/\/roveyayinevi.com.tr\/index.php\/wp-json\/wp\/v2\/product_tag?post=773421"}],"curies":[{"name":"wp","href":"https:\/\/api.w.org\/{rel}","templated":true}]}}