{"id":773420,"date":"2025-08-28T16:15:18","date_gmt":"2025-08-28T13:15:18","guid":{"rendered":"https:\/\/roveyayinevi.com.tr\/index.php\/urun\/kente-ve-cevreye-karsi-islenen-suclar-2\/"},"modified":"2026-04-15T03:39:45","modified_gmt":"2026-04-15T00:39:45","slug":"kente-ve-cevreye-karsi-islenen-suclar-2","status":"publish","type":"product","link":"https:\/\/roveyayinevi.com.tr\/index.php\/urun\/kente-ve-cevreye-karsi-islenen-suclar-2\/","title":{"rendered":"Kente ve \u00c7evreye Kar\u015f\u0131 \u0130\u015flenen Su\u00e7lar-2"},"content":{"rendered":"<p>Kente ve \u00c7evreye Kar\u015f\u0131 \u0130\u015flenen Su\u00e7lar-2Kente ve \u00e7evreye kar\u015f\u0131 i\u015flenen su\u00e7lar, g\u00fcn\u00fcm\u00fczde yaln\u0131zca birer hukuki ihlal ya da estetik sorun de\u011fil, ayn\u0131 zamanda toplumsal yap\u0131y\u0131 tehdit eden derin bir k\u0131r\u0131lman\u0131n ifadesidir. Plans\u0131z yap\u0131la\u015fma, do\u011fal varl\u0131klar\u0131n tahribi, k\u00fclt\u00fcrel ve tarih\u00ee de\u011ferlerin yok say\u0131lmas\u0131, kent mek\u00e2nlar\u0131n\u0131n rant u\u011fruna feda edilmesi; sadece kentlerin fiziksel dokusunu de\u011fil, kentli haklar\u0131n\u0131, toplumsal adaleti ve kamu vicdan\u0131n\u0131 da do\u011frudan etkilemektedir. Bu iki ciltlik eser, yaln\u0131zca bir akademik \u00e7al\u0131\u015fma de\u011fil; ayn\u0131 zamanda bir uyar\u0131, bir belgeleme ve bir sorumluluk \u00e7a\u011fr\u0131s\u0131d\u0131r. Kent planlamas\u0131ndan \u00e7evre hukukuna, mimarl\u0131ktan kamu y\u00f6netimine kadar farkl\u0131 disiplinlerin katk\u0131s\u0131yla haz\u0131rlanan kitap, kente ve \u00e7evreye y\u00f6nelen sistematik ihlalleri \u00e7ok boyutlu bir \u00e7er\u00e7evede ele almakta; kavramsal tart\u0131\u015fmalarla birlikte g\u00fcncel \u00f6rnekleri de i\u00e7ermektedir. Prof. Dr. Ru\u015fen Kele\u015f ve Prof. Dr. Mithat Arman Karasunun edit\u00f6rl\u00fc\u011f\u00fcnde haz\u0131rlanan bu \u00e7al\u0131\u015fma, sessiz kalman\u0131n en b\u00fcy\u00fck su\u00e7 oldu\u011fu bir d\u00f6nemde, toplumsal sorumluluk ta\u015f\u0131yan herkes i\u00e7in bir vicdan metni niteli\u011findedir. Bu kitap, kent hakk\u0131n\u0131 ve \u00e7evre hakk\u0131n\u0131 yaln\u0131zca savunmakla kalmaz; ayn\u0131 zamanda gelecek ku\u015faklara kar\u015f\u0131 duydu\u011fumuz ahlaki y\u00fck\u00fcml\u00fcl\u00fc\u011f\u00fcn de alt\u0131n\u0131 \u00e7izer. Gelece\u011fin kentleri bug\u00fcn\u00fcn suskunlu\u011funda \u015fekillenir. Bu nedenle, hem\u015fehrilik bilinciyle hareket etmek ve hukuku, do\u011fay\u0131, tarihi birlikte savunmak her birimizin g\u00f6revidir.\u0130\u00e7indekiler\u00d6ns\u00f6zRu\u015fen Kele\u015f, Mithat Arman KarasuKente ve \u00c7evreye Kar\u015f\u0131 Su\u00e7lar ve \u0130klim Diren\u00e7li KentlerH\u00fcseyin G\u00fcl, Ahmet \u00d6zaslanT\u00fcrkiyenin \u00c7\u00f6p \u0130thalat\u0131 Yasal, Ekonomi Politik ve Ekolojik Boyutlar\u0131yla Bir De\u011ferlendirmeEylem Beyaz\u0131t, Umut Seren Yar\u0131m Altunay6 \u015eubat 2023 Depremlerinin Y\u0131k\u0131c\u0131 Etkilerinin \u00c7evreye Kar\u015f\u0131 Su\u00e7lar Ba\u011flam\u0131nda De\u011ferlendirilmesiAsmin KavasT\u00fcrkiyede Kentsel Mek\u00e2nda G\u00fcr\u00fclt\u00fc Kirlili\u011finin \u00d6nlenmesi Politikas\u0131n\u0131n De\u011ferlendirilmesiCan Umut \u00c7inerKente ve \u00c7evreye Kar\u015f\u0131 Su\u00e7lar Ba\u011flam\u0131nda Kentsel At\u0131klarFerhunde Hay\u0131rsever Top\u00e7uKoruma Ama\u00e7l\u0131 \u0130mar Planlamas\u0131 S\u00fcrecinde Kente Kar\u015f\u0131 Su\u00e7: Antalya Ka\u015f \u00d6rne\u011fiSe\u00e7il G\u00fcl Meydan Y\u0131ld\u0131z, H\u00fcsne TemurGelece\u011fi Planlanan Bir Kente Yap\u0131lan Maden Sald\u0131r\u0131s\u0131: Yalova \u00d6rnek Olay\u0131Yusuf ErbayKamu Eliyle \u00c7evre Tahribat\u0131: Abant Tabiat Park\u0131 \u00d6rne\u011fiMehmet Tun\u00e7er, Banu \u00d6zt\u00fcrkKa\u015f &#8211; Kaybedilme Yolunda E\u015fsiz Bir Co\u011frafyaAhmet Murat AkoyKente Kar\u015f\u0131 Su\u00e7la M\u00fccadelede Bir Y\u00f6netim Bi\u00e7imi Olarak \u0130yi Y\u00f6neti\u015fimAy\u015feg\u00fcl MengiAnakent Halk\u0131n\u0131n Adil Temsil Hakk\u0131 A\u00e7\u0131s\u0131ndan B\u00fcy\u00fck\u015fehir Belediye Meclislerinde Temsil Dengesizli\u011fi SorunuU\u011fur \u00d6m\u00fcrg\u00f6n\u00fcl\u015fen, M. B\u00f6rte\u00e7ine DumluKente ve \u00c7evreye Kar\u015f\u0131 \u0130\u015flenen Su\u00e7lar Sosyal Medya \u00dczerinden Kat\u0131l\u0131mAy\u015fe F\u00fcsun G\u00f6n\u00fclKent Hakk\u0131 Ba\u011flam\u0131nda T\u00fcrkiyede Kentsel ProtestolarU\u011fur \u00dclger, \u00d6mer Faruk Gen\u00e7kayaT\u00fcrkiyede Kent Konseyleri Gelene\u011fi Olmayan Bir Yerel Kat\u0131l\u0131m\u0131 Nas\u0131l \u0130n\u015fa Edece\u011fiz?Muharrem G\u00fcne\u015fYe\u015fil Aklaman\u0131n Potansiyel Riskleri, Politikalar ve T\u00fcrkiyeAhmet MutluT\u00fcrkiyede Konut Kira Denetimi Uygulamalar\u0131 ve EtkileriMonsurat Ayojimi Salami, Harun Tanr\u0131vermi\u015fCumhurba\u015fkanl\u0131\u011f\u0131 H\u00fck\u00fcmet Sistemi Sonras\u0131nda Merkez-Yerel \u0130li\u015fkilerinde D\u00f6n\u00fc\u015f\u00fcm, Yeni Sorun Alanlar\u0131 ve Mekansal Yans\u0131malar\u0131\u015eenol Ad\u0131g\u00fczelTersine G\u00f6\u00e7 Kavram\u0131 \u00dczerineYe\u015fim Tanr\u0131vermi\u015fMekansal E\u015fitsizli\u011fin Ekonomi Politi\u011fi: Neoliberal Politikalar ve Adil Gelir Da\u011f\u0131l\u0131m\u0131 SorunuHazal Ilg\u0131n Bah\u00e7eci Ba\u015farmakT\u00fcrkiyede Kent Yoksullu\u011funa \u0130li\u015fkin Politikalar\u00c7i\u011fdem Tu\u011fa\u00e7T\u00fcrkiyede Kentsel D\u00f6n\u00fc\u015f\u00fcm Politikalar\u0131 ve Uygulamalar\u0131A. Menaf Turan, Berfin G\u00f6ksoy Sevin\u00e7liT\u00fcrkiyede \u0130mar Plan\u0131 De\u011fi\u015fiklikleri ve Neden Oldu\u011fu De\u011fer Art\u0131\u015f\u0131n\u0131n Kamuya TransferiErdem Ercan, Esra Keskin <\/p>\n","protected":false},"excerpt":{"rendered":"<p>Kente ve \u00c7evreye Kar\u015f\u0131 \u0130\u015flenen Su\u00e7lar-2Kente ve \u00e7evreye kar\u015f\u0131 i\u015flenen su\u00e7lar, g\u00fcn\u00fcm\u00fczde yaln\u0131zca birer hukuki ihlal ya da estetik sorun de\u011fil, ayn\u0131 zamanda toplumsal yap\u0131y\u0131 tehdit<span class=\"excerpt-hellip\"> [\u2026]<\/span><\/p>\n","protected":false},"featured_media":0,"template":"","meta":{"_monsterinsights_skip_tracking":false,"_monsterinsights_sitenote_active":false,"_monsterinsights_sitenote_note":"","_monsterinsights_sitenote_category":0},"product_brand":[],"product_cat":[12767,12324],"product_tag":[],"class_list":{"0":"post-773420","1":"product","2":"type-product","3":"status-publish","5":"product_cat-kentlesme-modernlesme","6":"product_cat-sosyoloji","7":"pa_cilt-ciltsiz","8":"pa_tur-kitap","9":"pa_yayinevi-idealkent-yayincilik","10":"pa_yazar-rusen-keles-mithat-arman-karasu","12":"first","13":"instock","14":"sale","15":"shipping-taxable","16":"purchasable","17":"product-type-simple"},"_links":{"self":[{"href":"https:\/\/roveyayinevi.com.tr\/index.php\/wp-json\/wp\/v2\/product\/773420","targetHints":{"allow":["GET"]}}],"collection":[{"href":"https:\/\/roveyayinevi.com.tr\/index.php\/wp-json\/wp\/v2\/product"}],"about":[{"href":"https:\/\/roveyayinevi.com.tr\/index.php\/wp-json\/wp\/v2\/types\/product"}],"wp:attachment":[{"href":"https:\/\/roveyayinevi.com.tr\/index.php\/wp-json\/wp\/v2\/media?parent=773420"}],"wp:term":[{"taxonomy":"product_brand","embeddable":true,"href":"https:\/\/roveyayinevi.com.tr\/index.php\/wp-json\/wp\/v2\/product_brand?post=773420"},{"taxonomy":"product_cat","embeddable":true,"href":"https:\/\/roveyayinevi.com.tr\/index.php\/wp-json\/wp\/v2\/product_cat?post=773420"},{"taxonomy":"product_tag","embeddable":true,"href":"https:\/\/roveyayinevi.com.tr\/index.php\/wp-json\/wp\/v2\/product_tag?post=773420"}],"curies":[{"name":"wp","href":"https:\/\/api.w.org\/{rel}","templated":true}]}}