{"id":773417,"date":"2025-08-28T16:15:14","date_gmt":"2025-08-28T13:15:14","guid":{"rendered":"https:\/\/roveyayinevi.com.tr\/index.php\/urun\/national-geographic-kids-garip-ama-gercek-7\/"},"modified":"2026-04-15T03:39:45","modified_gmt":"2026-04-15T00:39:45","slug":"national-geographic-kids-garip-ama-gercek-7","status":"publish","type":"product","link":"https:\/\/roveyayinevi.com.tr\/index.php\/urun\/national-geographic-kids-garip-ama-gercek-7\/","title":{"rendered":"National Geographic Kids &#8211; Garip Ama Ger\u00e7ek 7"},"content":{"rendered":"<p>Delice ger\u00e7eklere haz\u0131r m\u0131s\u0131n\u0131z? \u00c7ok satan Garip ama Ger\u00e7ek serisinin en yeni bu kitab\u0131nda bilimden hayvanlara, uzaydan yiyeceklere kadar onlarca farkl\u0131 konuda y\u00fczlerce ilgin\u00e7 ger\u00e7ek sizi bekliyor. Tamam\u0131 renkli ve b\u00fcy\u00fcleyici \u00e7izimlerle sunulan bu bilgiler \u00e7ocuklar\u0131n \u00f6\u011frenirken e\u011flenmesini sa\u011fl\u0131yor.<\/p>\n","protected":false},"excerpt":{"rendered":"<p>Delice ger\u00e7eklere haz\u0131r m\u0131s\u0131n\u0131z? \u00c7ok satan Garip ama Ger\u00e7ek serisinin en yeni bu kitab\u0131nda bilimden hayvanlara, uzaydan yiyeceklere kadar onlarca farkl\u0131 konuda y\u00fczlerce ilgin\u00e7 ger\u00e7ek sizi<span class=\"excerpt-hellip\"> [\u2026]<\/span><\/p>\n","protected":false},"featured_media":0,"template":"","meta":{"_monsterinsights_skip_tracking":false,"_monsterinsights_sitenote_active":false,"_monsterinsights_sitenote_note":"","_monsterinsights_sitenote_category":0},"product_brand":[],"product_cat":[13829,12274],"product_tag":[],"class_list":{"0":"post-773417","1":"product","2":"type-product","3":"status-publish","5":"product_cat-bilimsel-kitaplar","6":"product_cat-cocuk-ve-genclik-kitaplari","7":"pa_cilt-ciltsiz","8":"pa_tur-kitap","9":"pa_yayinevi-beta-kids","10":"pa_yazar-michelle-harris","12":"first","13":"instock","14":"sale","15":"shipping-taxable","16":"purchasable","17":"product-type-simple"},"_links":{"self":[{"href":"https:\/\/roveyayinevi.com.tr\/index.php\/wp-json\/wp\/v2\/product\/773417","targetHints":{"allow":["GET"]}}],"collection":[{"href":"https:\/\/roveyayinevi.com.tr\/index.php\/wp-json\/wp\/v2\/product"}],"about":[{"href":"https:\/\/roveyayinevi.com.tr\/index.php\/wp-json\/wp\/v2\/types\/product"}],"wp:attachment":[{"href":"https:\/\/roveyayinevi.com.tr\/index.php\/wp-json\/wp\/v2\/media?parent=773417"}],"wp:term":[{"taxonomy":"product_brand","embeddable":true,"href":"https:\/\/roveyayinevi.com.tr\/index.php\/wp-json\/wp\/v2\/product_brand?post=773417"},{"taxonomy":"product_cat","embeddable":true,"href":"https:\/\/roveyayinevi.com.tr\/index.php\/wp-json\/wp\/v2\/product_cat?post=773417"},{"taxonomy":"product_tag","embeddable":true,"href":"https:\/\/roveyayinevi.com.tr\/index.php\/wp-json\/wp\/v2\/product_tag?post=773417"}],"curies":[{"name":"wp","href":"https:\/\/api.w.org\/{rel}","templated":true}]}}