{"id":773415,"date":"2025-08-28T16:15:10","date_gmt":"2025-08-28T13:15:10","guid":{"rendered":"https:\/\/roveyayinevi.com.tr\/index.php\/urun\/karma\/"},"modified":"2026-03-12T03:37:46","modified_gmt":"2026-03-12T00:37:46","slug":"karma","status":"publish","type":"product","link":"https:\/\/roveyayinevi.com.tr\/index.php\/urun\/karma\/","title":{"rendered":"Karma"},"content":{"rendered":"<p>Bir Tek\u00e2m\u00fcl Yolculu\u011fu   Her \u015fey bir se\u00e7imle ba\u015flad\u0131. Belki bu hayatta, belki \u00e7ok \u00f6nce&#8230; Ve \u015fimdi, o se\u00e7imin yank\u0131s\u0131 i\u00e7imizde \u00e7\u0131nl\u0131yor.   Karma, sadece ge\u00e7mi\u015fin hesab\u0131 de\u011fil, ruhun hat\u0131rlay\u0131\u015f\u0131d\u0131r. Serkan Kayac\u0131k\u2019tan, kader, irade ve ruhsal s\u00f6zle\u015fmeler \u00fczerine sars\u0131c\u0131 bir i\u00e7 yolculuk.   Bu yolculukta karma d\u00f6ng\u00fcs\u00fc ve ruhun tek\u00e2m\u00fcl\u00fc, yedi bedene yay\u0131lan deneyimlerle, monologlar \u00fczerinden sahnelenen bir performans tiyatrosu olarak anlat\u0131l\u0131yor.   Unutma: Kimse ya\u015fatt\u0131\u011f\u0131n\u0131 ya\u015fatmadan \u00f6lmeyecek. Ve uyanmazsan, ders yeniden ba\u015flar. <\/p>\n","protected":false},"excerpt":{"rendered":"<p>Bir Tek\u00e2m\u00fcl Yolculu\u011fu Her \u015fey bir se\u00e7imle ba\u015flad\u0131. Belki bu hayatta, belki \u00e7ok \u00f6nce&#8230; Ve \u015fimdi, o se\u00e7imin yank\u0131s\u0131 i\u00e7imizde \u00e7\u0131nl\u0131yor. Karma, sadece ge\u00e7mi\u015fin hesab\u0131 de\u011fil,<span class=\"excerpt-hellip\"> [\u2026]<\/span><\/p>\n","protected":false},"featured_media":0,"template":"","meta":{"_monsterinsights_skip_tracking":false,"_monsterinsights_sitenote_active":false,"_monsterinsights_sitenote_note":"","_monsterinsights_sitenote_category":0},"product_brand":[],"product_cat":[12291,14272],"product_tag":[],"class_list":{"0":"post-773415","1":"product","2":"type-product","3":"status-publish","5":"product_cat-edebiyat","6":"product_cat-tiyatro","7":"pa_cilt-ciltsiz","8":"pa_tur-kitap","9":"pa_yayinevi-kirmizi-cati-yayinlari","10":"pa_yazar-serkan-kayacik","12":"first","13":"instock","14":"sale","15":"shipping-taxable","16":"purchasable","17":"product-type-simple"},"_links":{"self":[{"href":"https:\/\/roveyayinevi.com.tr\/index.php\/wp-json\/wp\/v2\/product\/773415","targetHints":{"allow":["GET"]}}],"collection":[{"href":"https:\/\/roveyayinevi.com.tr\/index.php\/wp-json\/wp\/v2\/product"}],"about":[{"href":"https:\/\/roveyayinevi.com.tr\/index.php\/wp-json\/wp\/v2\/types\/product"}],"wp:attachment":[{"href":"https:\/\/roveyayinevi.com.tr\/index.php\/wp-json\/wp\/v2\/media?parent=773415"}],"wp:term":[{"taxonomy":"product_brand","embeddable":true,"href":"https:\/\/roveyayinevi.com.tr\/index.php\/wp-json\/wp\/v2\/product_brand?post=773415"},{"taxonomy":"product_cat","embeddable":true,"href":"https:\/\/roveyayinevi.com.tr\/index.php\/wp-json\/wp\/v2\/product_cat?post=773415"},{"taxonomy":"product_tag","embeddable":true,"href":"https:\/\/roveyayinevi.com.tr\/index.php\/wp-json\/wp\/v2\/product_tag?post=773415"}],"curies":[{"name":"wp","href":"https:\/\/api.w.org\/{rel}","templated":true}]}}