{"id":773414,"date":"2025-08-28T16:15:08","date_gmt":"2025-08-28T13:15:08","guid":{"rendered":"https:\/\/roveyayinevi.com.tr\/index.php\/urun\/olmek-istiyorum-ama-hala-tteokbokki-yemek-istiyorum\/"},"modified":"2026-04-15T03:39:45","modified_gmt":"2026-04-15T00:39:45","slug":"olmek-istiyorum-ama-hala-tteokbokki-yemek-istiyorum","status":"publish","type":"product","link":"https:\/\/roveyayinevi.com.tr\/index.php\/urun\/olmek-istiyorum-ama-hala-tteokbokki-yemek-istiyorum\/","title":{"rendered":"\u00d6lmek \u0130stiyorum Ama Hala Tteokbokki Yemek \u0130stiyorum"},"content":{"rendered":"<p>Bu kitap depresyonunu tamamen iyile\u015ftirmek isteyenler i\u00e7in faydal\u0131 bir rehber de\u011fil. Fakat birinin i\u00e7indeki en derin yaralar\u0131 g\u00f6stermek, okurun kendi i\u00e7 karanl\u0131\u011f\u0131na bakmas\u0131na yard\u0131mc\u0131 oluyorsa, bu benim i\u00e7in yeterli.   Baek Sehee, psikiyatristiyle yapt\u0131\u011f\u0131 seanslar\u0131 kaydetmeye ba\u015flad\u0131\u011f\u0131nda, bu kay\u0131tlar\u0131n yaln\u0131zca kendisi i\u00e7in bir referans kayna\u011f\u0131 olaca\u011f\u0131n\u0131 d\u00fc\u015f\u00fcnm\u00fc\u015ft\u00fc. Sesinin bu kadar \u00e7ok ki\u015fiye, \u00f6zellikle de gen\u00e7lere ula\u015faca\u011f\u0131n\u0131 hi\u00e7 beklemiyordu. \u00d6lmek \u0130stiyorum Ama Tteokbokki de Yemek \u0130stiyorum ba\u015fta G\u00fcney Kore, Japonya, \u00c7in olmak \u00fczere pek \u00e7ok \u00fclkede b\u00fcy\u00fck ilgi g\u00f6rd\u00fc; depresyon ve kayg\u0131y\u0131 bu denli i\u00e7tenlikle ele al\u0131\u015f\u0131, geni\u015f bir okur kitlesi taraf\u0131ndan takdir edildi.   \u0130yile\u015fmek kolay de\u011fil; Baek\u2019in tedavi s\u00fcrecinde ya\u015fad\u0131\u011f\u0131 i\u00e7sel \u00e7at\u0131\u015fmalarsa daha derin ve karma\u015f\u0131k. \u00d6lmek \u0130stiyorum Ama H\u00e2l\u00e2 Tteokbokki Yemek \u0130stiyorum ile Baek Sehee, \u00e7aresizlikle ve umutsuzlukla ba\u015f etmeyi ya\u015fam boyu s\u00fcren bir yolculuk olarak g\u00f6ren herkese elini bir kez daha uzat\u0131yor. \u201c\u00c7arp\u0131c\u0131 bi\u00e7imde d\u00fcr\u00fcst ve savunmas\u0131z.\u201d \u2013Glamour   #anksiyete #panik #depresyon #yaln\u0131zl\u0131k <\/p>\n","protected":false},"excerpt":{"rendered":"<p>Bu kitap depresyonunu tamamen iyile\u015ftirmek isteyenler i\u00e7in faydal\u0131 bir rehber de\u011fil. Fakat birinin i\u00e7indeki en derin yaralar\u0131 g\u00f6stermek, okurun kendi i\u00e7 karanl\u0131\u011f\u0131na bakmas\u0131na yard\u0131mc\u0131 oluyorsa, bu<span class=\"excerpt-hellip\"> [\u2026]<\/span><\/p>\n","protected":false},"featured_media":0,"template":"","meta":{"_monsterinsights_skip_tracking":false,"_monsterinsights_sitenote_active":false,"_monsterinsights_sitenote_note":"","_monsterinsights_sitenote_category":0},"product_brand":[],"product_cat":[12364,12376],"product_tag":[],"class_list":{"0":"post-773414","1":"product","2":"type-product","3":"status-publish","5":"product_cat-genel-konular","6":"product_cat-kisisel-gelisim","7":"pa_cilt-ciltsiz","8":"pa_tur-kitap","9":"pa_yayinevi-nova-kitap","10":"pa_yazar-baek-sehee","12":"first","13":"instock","14":"sale","15":"shipping-taxable","16":"purchasable","17":"product-type-simple"},"_links":{"self":[{"href":"https:\/\/roveyayinevi.com.tr\/index.php\/wp-json\/wp\/v2\/product\/773414","targetHints":{"allow":["GET"]}}],"collection":[{"href":"https:\/\/roveyayinevi.com.tr\/index.php\/wp-json\/wp\/v2\/product"}],"about":[{"href":"https:\/\/roveyayinevi.com.tr\/index.php\/wp-json\/wp\/v2\/types\/product"}],"wp:attachment":[{"href":"https:\/\/roveyayinevi.com.tr\/index.php\/wp-json\/wp\/v2\/media?parent=773414"}],"wp:term":[{"taxonomy":"product_brand","embeddable":true,"href":"https:\/\/roveyayinevi.com.tr\/index.php\/wp-json\/wp\/v2\/product_brand?post=773414"},{"taxonomy":"product_cat","embeddable":true,"href":"https:\/\/roveyayinevi.com.tr\/index.php\/wp-json\/wp\/v2\/product_cat?post=773414"},{"taxonomy":"product_tag","embeddable":true,"href":"https:\/\/roveyayinevi.com.tr\/index.php\/wp-json\/wp\/v2\/product_tag?post=773414"}],"curies":[{"name":"wp","href":"https:\/\/api.w.org\/{rel}","templated":true}]}}