{"id":773411,"date":"2025-08-28T16:15:02","date_gmt":"2025-08-28T13:15:02","guid":{"rendered":"https:\/\/roveyayinevi.com.tr\/index.php\/urun\/dogu-asyada-ekonomik-kalkinma-ve-sanayilesmenin-politik-ekonomisi\/"},"modified":"2026-04-15T03:39:45","modified_gmt":"2026-04-15T00:39:45","slug":"dogu-asyada-ekonomik-kalkinma-ve-sanayilesmenin-politik-ekonomisi","status":"publish","type":"product","link":"https:\/\/roveyayinevi.com.tr\/index.php\/urun\/dogu-asyada-ekonomik-kalkinma-ve-sanayilesmenin-politik-ekonomisi\/","title":{"rendered":"Do\u011fu Asya\u2019da Ekonomik Kalk\u0131nma ve Sanayile\u015fmenin Politik Ekonomisi"},"content":{"rendered":"<p>D\u00fcnya ekonomisinin merkezi giderek Asya Pasifik B\u00f6lgesi\u2019ne do\u011fru kay\u0131yor. 19. y\u00fczy\u0131l\u0131n sonlar\u0131nda Japonya\u2019yla ba\u015flayan Do\u011fu Asya\u2019n\u0131n Y\u00fckseli\u015fi, 20. y\u00fczy\u0131l\u0131n ikinci yar\u0131s\u0131nda Asya Kaplanlar\u0131 olarak adland\u0131r\u0131lan Kore, Singapur ve Tayvan, 21. Y\u00fczy\u0131lda da \u00c7in\u2019in kat\u0131l\u0131m\u0131yla ba\u015f d\u00f6nd\u00fcr\u00fcc\u00fc bir sanayile\u015fme ve ekonomik kalk\u0131nma hamlesiyle devam etti. H\u00fck\u00fcmet m\u00fcdahalelerine dayanan sanayi politikalar\u0131n\u0131n bunda oynad\u0131\u011f\u0131 rol yads\u0131namaz. \u00d6te yandan, b\u00f6lgedeki her \u00fclke kalk\u0131nmaya farkl\u0131 \u015fartlarda ba\u015flad\u0131\u011f\u0131 gibi, birbirinden farkl\u0131 nitelikte stratejiler benimsedi. Do\u011fu Asya\u2019n\u0131n ve bu b\u00f6lgedeki her \u00fclkenin politik ekonomisini iyi anlamak gerekiyor. Do\u011fu Asya\u2019n\u0131n h\u0131zl\u0131 ekonomik kalk\u0131nmas\u0131 salt bir iktisadi olgu de\u011fildir; tarihi ve sosyal ko\u015fullar ile siyasi akt\u00f6rler ve liderlerin belirledi\u011fi politikalardan da etkilenmi\u015ftir. Bunlar i\u00e7inde ba\u015far\u0131l\u0131 olanlar kadar ba\u015far\u0131s\u0131zl\u0131k \u00f6rnekleri de vard\u0131r. T\u00fcrkiye\u2019de alan\u0131nda T\u00fcrk\u00e7e yaz\u0131lm\u0131\u015f ender kaynaklardan biri olan bu eser, Do\u011fu Asya\u2019n\u0131n politik ekonomisini incelerken, iktisat teorisi altyap\u0131s\u0131n\u0131n yan\u0131 s\u0131ra, tarihi ve siyasi arka plan\u0131n\u0131 da sunuyor. Bunu yaparken, h\u00e2kim iktisat paradigmas\u0131ndan biraz ayr\u0131larak heterodoks bir bak\u0131\u015f sunuyor. Do\u011fu Asya\u2019n\u0131n ekonomik kalk\u0131nmas\u0131n\u0131 sanayile\u015fme oda\u011f\u0131nda ele alan bu kapsaml\u0131 \u00e7al\u0131\u015fma sadece bu konu \u00fczerinde \u00e7al\u0131\u015fan ara\u015ft\u0131rmac\u0131lar ve \u00f6\u011frenciler i\u00e7in de\u011fil, genel olarak bu konuya ilgi duyan herkese hitap ediyor.<\/p>\n","protected":false},"excerpt":{"rendered":"<p>D\u00fcnya ekonomisinin merkezi giderek Asya Pasifik B\u00f6lgesi\u2019ne do\u011fru kay\u0131yor. 19. y\u00fczy\u0131l\u0131n sonlar\u0131nda Japonya\u2019yla ba\u015flayan Do\u011fu Asya\u2019n\u0131n Y\u00fckseli\u015fi, 20. y\u00fczy\u0131l\u0131n ikinci yar\u0131s\u0131nda Asya Kaplanlar\u0131 olarak adland\u0131r\u0131lan Kore,<span class=\"excerpt-hellip\"> [\u2026]<\/span><\/p>\n","protected":false},"featured_media":0,"template":"","meta":{"_monsterinsights_skip_tracking":false,"_monsterinsights_sitenote_active":false,"_monsterinsights_sitenote_note":"","_monsterinsights_sitenote_category":0},"product_brand":[],"product_cat":[13044,13043],"product_tag":[],"class_list":{"0":"post-773411","1":"product","2":"type-product","3":"status-publish","5":"product_cat-dunya-ekonomisi","6":"product_cat-ekonomi","7":"pa_cilt-ciltsiz","8":"pa_tur-kitap","9":"pa_yayinevi-efil-yayinevi","10":"pa_yazar-kolektif","12":"first","13":"instock","14":"sale","15":"shipping-taxable","16":"purchasable","17":"product-type-simple"},"_links":{"self":[{"href":"https:\/\/roveyayinevi.com.tr\/index.php\/wp-json\/wp\/v2\/product\/773411","targetHints":{"allow":["GET"]}}],"collection":[{"href":"https:\/\/roveyayinevi.com.tr\/index.php\/wp-json\/wp\/v2\/product"}],"about":[{"href":"https:\/\/roveyayinevi.com.tr\/index.php\/wp-json\/wp\/v2\/types\/product"}],"wp:attachment":[{"href":"https:\/\/roveyayinevi.com.tr\/index.php\/wp-json\/wp\/v2\/media?parent=773411"}],"wp:term":[{"taxonomy":"product_brand","embeddable":true,"href":"https:\/\/roveyayinevi.com.tr\/index.php\/wp-json\/wp\/v2\/product_brand?post=773411"},{"taxonomy":"product_cat","embeddable":true,"href":"https:\/\/roveyayinevi.com.tr\/index.php\/wp-json\/wp\/v2\/product_cat?post=773411"},{"taxonomy":"product_tag","embeddable":true,"href":"https:\/\/roveyayinevi.com.tr\/index.php\/wp-json\/wp\/v2\/product_tag?post=773411"}],"curies":[{"name":"wp","href":"https:\/\/api.w.org\/{rel}","templated":true}]}}