{"id":773409,"date":"2025-08-28T16:14:59","date_gmt":"2025-08-28T13:14:59","guid":{"rendered":"https:\/\/roveyayinevi.com.tr\/index.php\/urun\/okcularda-ek-agirliklarla-yapilan-antrenmanlarin-bazi-fiziksel-ve-fizyolojik-parametreler-ile-kronik-kas-hasarina-etkisi\/"},"modified":"2026-04-15T03:39:45","modified_gmt":"2026-04-15T00:39:45","slug":"okcularda-ek-agirliklarla-yapilan-antrenmanlarin-bazi-fiziksel-ve-fizyolojik-parametreler-ile-kronik-kas-hasarina-etkisi","status":"publish","type":"product","link":"https:\/\/roveyayinevi.com.tr\/index.php\/urun\/okcularda-ek-agirliklarla-yapilan-antrenmanlarin-bazi-fiziksel-ve-fizyolojik-parametreler-ile-kronik-kas-hasarina-etkisi\/","title":{"rendered":"Ok\u00e7ularda Ek A\u011f\u0131rl\u0131klarla Yap\u0131lan Antrenmanlar\u0131n Baz\u0131 Fiziksel Ve Fizyolojik Parametreler \u0130le Kronik Kas Hasar\u0131na Etkisi"},"content":{"rendered":"<p>1. G\u0130R\u0130\u015e          2. GERE\u00c7 VE Y\u00d6NTEM          3. BULGULAR          4. TARTI\u015eMA          5. KAYNAK\u00c7A      <\/p>\n","protected":false},"excerpt":{"rendered":"<p>1. G\u0130R\u0130\u015e 2. GERE\u00c7 VE Y\u00d6NTEM 3. BULGULAR 4. TARTI\u015eMA 5. KAYNAK\u00c7A<\/p>\n","protected":false},"featured_media":0,"template":"","meta":{"_monsterinsights_skip_tracking":false,"_monsterinsights_sitenote_active":false,"_monsterinsights_sitenote_note":"","_monsterinsights_sitenote_category":0},"product_brand":[],"product_cat":[12573,12566],"product_tag":[],"class_list":{"0":"post-773409","1":"product","2":"type-product","3":"status-publish","5":"product_cat-akademik-kitaplar","6":"product_cat-egitim","7":"pa_cilt-ciltsiz","8":"pa_tur-kitap","9":"pa_yayinevi-gazi-kitabevi","10":"pa_yazar-baha-engin-celikel","12":"first","13":"instock","14":"sale","15":"shipping-taxable","16":"purchasable","17":"product-type-simple"},"_links":{"self":[{"href":"https:\/\/roveyayinevi.com.tr\/index.php\/wp-json\/wp\/v2\/product\/773409","targetHints":{"allow":["GET"]}}],"collection":[{"href":"https:\/\/roveyayinevi.com.tr\/index.php\/wp-json\/wp\/v2\/product"}],"about":[{"href":"https:\/\/roveyayinevi.com.tr\/index.php\/wp-json\/wp\/v2\/types\/product"}],"wp:attachment":[{"href":"https:\/\/roveyayinevi.com.tr\/index.php\/wp-json\/wp\/v2\/media?parent=773409"}],"wp:term":[{"taxonomy":"product_brand","embeddable":true,"href":"https:\/\/roveyayinevi.com.tr\/index.php\/wp-json\/wp\/v2\/product_brand?post=773409"},{"taxonomy":"product_cat","embeddable":true,"href":"https:\/\/roveyayinevi.com.tr\/index.php\/wp-json\/wp\/v2\/product_cat?post=773409"},{"taxonomy":"product_tag","embeddable":true,"href":"https:\/\/roveyayinevi.com.tr\/index.php\/wp-json\/wp\/v2\/product_tag?post=773409"}],"curies":[{"name":"wp","href":"https:\/\/api.w.org\/{rel}","templated":true}]}}