{"id":773408,"date":"2025-08-28T16:14:57","date_gmt":"2025-08-28T13:14:57","guid":{"rendered":"https:\/\/roveyayinevi.com.tr\/index.php\/urun\/peygamber-meslekleri-ara-bul\/"},"modified":"2026-04-15T03:39:45","modified_gmt":"2026-04-15T00:39:45","slug":"peygamber-meslekleri-ara-bul","status":"publish","type":"product","link":"https:\/\/roveyayinevi.com.tr\/index.php\/urun\/peygamber-meslekleri-ara-bul\/","title":{"rendered":"Peygamber Meslekleri &#8211; Ara Bul"},"content":{"rendered":"<p>Peygamberlerin hem g\u00fczel ahlaklar\u0131yla hem de yapt\u0131klar\u0131 mesleklerle bizlere \u00f6rnek olduklar\u0131n\u0131 biliyor musun? Bu kitapta \u00e7ocuklar, peygamberlerin mesleklerini e\u011flenceli &#8220;Ara Bul&#8221; etkinlikleriyle \u00f6\u011frenecek.  E\u011flenirken \u00f6\u011frenmek, rol modellerle tan\u0131\u015fmak ve meslekleri ke\u015ffetmek i\u00e7in harika bir ba\u015flang\u0131\u00e7! Haydi, &#8220;Peygamber Meslekleri&#8221; kitab\u0131yla ke\u015fif ba\u015flas\u0131n!<\/p>\n","protected":false},"excerpt":{"rendered":"<p>Peygamberlerin hem g\u00fczel ahlaklar\u0131yla hem de yapt\u0131klar\u0131 mesleklerle bizlere \u00f6rnek olduklar\u0131n\u0131 biliyor musun? Bu kitapta \u00e7ocuklar, peygamberlerin mesleklerini e\u011flenceli &#8220;Ara Bul&#8221; etkinlikleriyle \u00f6\u011frenecek. E\u011flenirken \u00f6\u011frenmek, rol<span class=\"excerpt-hellip\"> [\u2026]<\/span><\/p>\n","protected":false},"featured_media":0,"template":"","meta":{"_monsterinsights_skip_tracking":false,"_monsterinsights_sitenote_active":false,"_monsterinsights_sitenote_note":"","_monsterinsights_sitenote_category":0},"product_brand":[],"product_cat":[12274,18802],"product_tag":[],"class_list":{"0":"post-773408","1":"product","2":"type-product","3":"status-publish","5":"product_cat-cocuk-ve-genclik-kitaplari","6":"product_cat-din-egitimi","7":"pa_cilt-ciltsiz","8":"pa_tur-kitap","9":"pa_yayinevi-gulce-kitap","10":"pa_yazar-asuman-kilic","12":"first","13":"instock","14":"sale","15":"shipping-taxable","16":"purchasable","17":"product-type-simple"},"_links":{"self":[{"href":"https:\/\/roveyayinevi.com.tr\/index.php\/wp-json\/wp\/v2\/product\/773408","targetHints":{"allow":["GET"]}}],"collection":[{"href":"https:\/\/roveyayinevi.com.tr\/index.php\/wp-json\/wp\/v2\/product"}],"about":[{"href":"https:\/\/roveyayinevi.com.tr\/index.php\/wp-json\/wp\/v2\/types\/product"}],"wp:attachment":[{"href":"https:\/\/roveyayinevi.com.tr\/index.php\/wp-json\/wp\/v2\/media?parent=773408"}],"wp:term":[{"taxonomy":"product_brand","embeddable":true,"href":"https:\/\/roveyayinevi.com.tr\/index.php\/wp-json\/wp\/v2\/product_brand?post=773408"},{"taxonomy":"product_cat","embeddable":true,"href":"https:\/\/roveyayinevi.com.tr\/index.php\/wp-json\/wp\/v2\/product_cat?post=773408"},{"taxonomy":"product_tag","embeddable":true,"href":"https:\/\/roveyayinevi.com.tr\/index.php\/wp-json\/wp\/v2\/product_tag?post=773408"}],"curies":[{"name":"wp","href":"https:\/\/api.w.org\/{rel}","templated":true}]}}