{"id":773407,"date":"2025-08-28T16:14:55","date_gmt":"2025-08-28T13:14:55","guid":{"rendered":"https:\/\/roveyayinevi.com.tr\/index.php\/urun\/en-hayirli-hayir-bir-hazreti-ibrahim-romani\/"},"modified":"2026-04-15T03:39:45","modified_gmt":"2026-04-15T00:39:45","slug":"en-hayirli-hayir-bir-hazreti-ibrahim-romani","status":"publish","type":"product","link":"https:\/\/roveyayinevi.com.tr\/index.php\/urun\/en-hayirli-hayir-bir-hazreti-ibrahim-romani\/","title":{"rendered":"En Hay\u0131rl\u0131 &#8220;Hay\u0131r&#8221; \/ Bir Hazreti \u0130brahim Roman\u0131"},"content":{"rendered":"<p>&#8220;Hay\u0131r\u201d denen bir kelime var. Do\u011fru yerde s\u00f6ylendi\u011finde hay\u0131rl\u0131 bir kelimedir, bilirsiniz. Ben de biliyorum ama tam s\u00f6yleyece\u011fim ki birden biri hap\u015f\u0131r\u0131yor, kedim bir \u015feyler deviriyor, pencereye ku\u015f konuyor\u2026 Bir t\u00fcrl\u00fc bu kelime a\u011fz\u0131mdan \u00e7\u0131km\u0131yor. Ama bir kitap buldum, san\u0131r\u0131m o beni biraz anl\u0131yor. \u00c7\u00fcnk\u00fc bana tam da \u201chay\u0131r\u201d diyebilen birinin hik\u00e2yesini anlat\u0131yor. Ama biraz merakl\u0131, di\u011fer kitaplara pek benzemiyor.<\/p>\n","protected":false},"excerpt":{"rendered":"<p>&#8220;Hay\u0131r\u201d denen bir kelime var. Do\u011fru yerde s\u00f6ylendi\u011finde hay\u0131rl\u0131 bir kelimedir, bilirsiniz. Ben de biliyorum ama tam s\u00f6yleyece\u011fim ki birden biri hap\u015f\u0131r\u0131yor, kedim bir \u015feyler deviriyor,<span class=\"excerpt-hellip\"> [\u2026]<\/span><\/p>\n","protected":false},"featured_media":0,"template":"","meta":{"_monsterinsights_skip_tracking":false,"_monsterinsights_sitenote_active":false,"_monsterinsights_sitenote_note":"","_monsterinsights_sitenote_category":0},"product_brand":[],"product_cat":[12689,12274],"product_tag":[],"class_list":{"0":"post-773407","1":"product","2":"type-product","3":"status-publish","5":"product_cat-cizgi-roman-cocuk-ve-genclik-kitaplari","6":"product_cat-cocuk-ve-genclik-kitaplari","7":"pa_cilt-ciltsiz","8":"pa_tur-kitap","9":"pa_yayinevi-gulce-kitap","10":"pa_yazar-merve-ozcan","12":"first","13":"instock","14":"sale","15":"shipping-taxable","16":"purchasable","17":"product-type-simple"},"_links":{"self":[{"href":"https:\/\/roveyayinevi.com.tr\/index.php\/wp-json\/wp\/v2\/product\/773407","targetHints":{"allow":["GET"]}}],"collection":[{"href":"https:\/\/roveyayinevi.com.tr\/index.php\/wp-json\/wp\/v2\/product"}],"about":[{"href":"https:\/\/roveyayinevi.com.tr\/index.php\/wp-json\/wp\/v2\/types\/product"}],"wp:attachment":[{"href":"https:\/\/roveyayinevi.com.tr\/index.php\/wp-json\/wp\/v2\/media?parent=773407"}],"wp:term":[{"taxonomy":"product_brand","embeddable":true,"href":"https:\/\/roveyayinevi.com.tr\/index.php\/wp-json\/wp\/v2\/product_brand?post=773407"},{"taxonomy":"product_cat","embeddable":true,"href":"https:\/\/roveyayinevi.com.tr\/index.php\/wp-json\/wp\/v2\/product_cat?post=773407"},{"taxonomy":"product_tag","embeddable":true,"href":"https:\/\/roveyayinevi.com.tr\/index.php\/wp-json\/wp\/v2\/product_tag?post=773407"}],"curies":[{"name":"wp","href":"https:\/\/api.w.org\/{rel}","templated":true}]}}