{"id":773405,"date":"2025-08-28T16:14:50","date_gmt":"2025-08-28T13:14:50","guid":{"rendered":"https:\/\/roveyayinevi.com.tr\/index.php\/urun\/cilgin-bir-kovalamaca\/"},"modified":"2026-04-15T03:39:45","modified_gmt":"2026-04-15T00:39:45","slug":"cilgin-bir-kovalamaca","status":"publish","type":"product","link":"https:\/\/roveyayinevi.com.tr\/index.php\/urun\/cilgin-bir-kovalamaca\/","title":{"rendered":"\u00c7\u0131lg\u0131n Bir Kovalamaca"},"content":{"rendered":"<p>Leo\u2019nun en b\u00fcy\u00fck korkusu, u\u00e7an b\u00f6ceklerdi. Hele ki ar\u0131lar\u2026 Onlar tam bir felaketti! Ama bir g\u00fcn, parkta kar\u015f\u0131la\u015ft\u0131\u011f\u0131 k\u00fc\u00e7\u00fck bir ar\u0131, onu hi\u00e7 beklemedi\u011fi bir maceraya s\u00fcr\u00fckledi.Korkuyla ka\u00e7maya ba\u015flad\u0131, ama ka\u00e7t\u0131k\u00e7a i\u015fler daha da gariple\u015fti. Bir ar\u0131n\u0131n pe\u015finden \u00f6nce sokaklara, sonra denize, derken uzay\u0131n derinliklerine kadar savruldu! Ama sonunda Leo, ka\u00e7man\u0131n de\u011fil, korkular\u0131yla y\u00fczle\u015fmenin as\u0131l \u00e7\u00f6z\u00fcm oldu\u011funu fark etti.K\u00fc\u00e7\u00fck bir ar\u0131, b\u00fcy\u00fck bir korkuyla ba\u015fa \u00e7\u0131kman\u0131n anahtar\u0131 olabilir mi?<\/p>\n","protected":false},"excerpt":{"rendered":"<p>Leo\u2019nun en b\u00fcy\u00fck korkusu, u\u00e7an b\u00f6ceklerdi. Hele ki ar\u0131lar\u2026 Onlar tam bir felaketti! Ama bir g\u00fcn, parkta kar\u015f\u0131la\u015ft\u0131\u011f\u0131 k\u00fc\u00e7\u00fck bir ar\u0131, onu hi\u00e7 beklemedi\u011fi bir maceraya<span class=\"excerpt-hellip\"> [\u2026]<\/span><\/p>\n","protected":false},"featured_media":0,"template":"","meta":{"_monsterinsights_skip_tracking":false,"_monsterinsights_sitenote_active":false,"_monsterinsights_sitenote_note":"","_monsterinsights_sitenote_category":0},"product_brand":[],"product_cat":[12274,12284],"product_tag":[],"class_list":{"0":"post-773405","1":"product","2":"type-product","3":"status-publish","5":"product_cat-cocuk-ve-genclik-kitaplari","6":"product_cat-hikayeler","7":"pa_cilt-ciltsiz","8":"pa_tur-kitap","9":"pa_yayinevi-timas-cocuk","10":"pa_yazar-gunes-bloedorn","12":"first","13":"instock","14":"sale","15":"shipping-taxable","16":"purchasable","17":"product-type-simple"},"_links":{"self":[{"href":"https:\/\/roveyayinevi.com.tr\/index.php\/wp-json\/wp\/v2\/product\/773405","targetHints":{"allow":["GET"]}}],"collection":[{"href":"https:\/\/roveyayinevi.com.tr\/index.php\/wp-json\/wp\/v2\/product"}],"about":[{"href":"https:\/\/roveyayinevi.com.tr\/index.php\/wp-json\/wp\/v2\/types\/product"}],"wp:attachment":[{"href":"https:\/\/roveyayinevi.com.tr\/index.php\/wp-json\/wp\/v2\/media?parent=773405"}],"wp:term":[{"taxonomy":"product_brand","embeddable":true,"href":"https:\/\/roveyayinevi.com.tr\/index.php\/wp-json\/wp\/v2\/product_brand?post=773405"},{"taxonomy":"product_cat","embeddable":true,"href":"https:\/\/roveyayinevi.com.tr\/index.php\/wp-json\/wp\/v2\/product_cat?post=773405"},{"taxonomy":"product_tag","embeddable":true,"href":"https:\/\/roveyayinevi.com.tr\/index.php\/wp-json\/wp\/v2\/product_tag?post=773405"}],"curies":[{"name":"wp","href":"https:\/\/api.w.org\/{rel}","templated":true}]}}