{"id":773404,"date":"2025-08-28T16:14:48","date_gmt":"2025-08-28T13:14:48","guid":{"rendered":"https:\/\/roveyayinevi.com.tr\/index.php\/urun\/bu-kediler-bir-acayip\/"},"modified":"2026-04-08T03:36:35","modified_gmt":"2026-04-08T00:36:35","slug":"bu-kediler-bir-acayip","status":"publish","type":"product","link":"https:\/\/roveyayinevi.com.tr\/index.php\/urun\/bu-kediler-bir-acayip\/","title":{"rendered":"Bu Kediler Bir Acayip"},"content":{"rendered":"<p>\u00d6d\u00fcll\u00fc yazar Nehir Ayd\u0131n G\u00f6kduman\u2019dan hem G\u00dcLD\u00dcREN hem Y\u00dcREKLEND\u0130REN bir macera!Bir evin bah\u00e7esinde ya\u015fayan ve hayata kar\u015f\u0131 son derece acemi olan yavru kediler KAJU, MANGO ve TAR\u00c7IN, bir g\u00fcn bah\u00e7eden \u00e7\u0131kar ve hi\u00e7 tan\u0131mad\u0131klar\u0131 bir d\u00fcnyaya ad\u0131m atarlar: Soka\u011fa&#8230;Yemek bulma ser\u00fcvenleri onlar\u0131 y\u00fczen bir otob\u00fcse (\u0130nsanlar buna \u201cgemi\u201d diyor!) ve esrarengiz bir adaya g\u00f6t\u00fcr\u00fcr.T\u00fcm \u015fa\u015fk\u0131nl\u0131klar\u0131na ve acayipliklerine ra\u011fmen hayatta kalabilmek i\u00e7in cesarete ve ekip ruhuna ihtiya\u00e7lar\u0131 olacak.BU SEV\u0130ML\u0130 KAHRAMANLARI \u00c7OK SEVECEKS\u0130N!<\/p>\n","protected":false},"excerpt":{"rendered":"<p>\u00d6d\u00fcll\u00fc yazar Nehir Ayd\u0131n G\u00f6kduman\u2019dan hem G\u00dcLD\u00dcREN hem Y\u00dcREKLEND\u0130REN bir macera!Bir evin bah\u00e7esinde ya\u015fayan ve hayata kar\u015f\u0131 son derece acemi olan yavru kediler KAJU, MANGO ve<span class=\"excerpt-hellip\"> [\u2026]<\/span><\/p>\n","protected":false},"featured_media":0,"template":"","meta":{"_monsterinsights_skip_tracking":false,"_monsterinsights_sitenote_active":false,"_monsterinsights_sitenote_note":"","_monsterinsights_sitenote_category":0},"product_brand":[],"product_cat":[12274,12284],"product_tag":[],"class_list":{"0":"post-773404","1":"product","2":"type-product","3":"status-publish","5":"product_cat-cocuk-ve-genclik-kitaplari","6":"product_cat-hikayeler","7":"pa_cilt-ciltsiz","8":"pa_tur-kitap","9":"pa_yayinevi-timas-cocuk","10":"pa_yazar-nehir-aydin-gokduman","12":"first","13":"instock","14":"sale","15":"shipping-taxable","16":"purchasable","17":"product-type-simple"},"_links":{"self":[{"href":"https:\/\/roveyayinevi.com.tr\/index.php\/wp-json\/wp\/v2\/product\/773404","targetHints":{"allow":["GET"]}}],"collection":[{"href":"https:\/\/roveyayinevi.com.tr\/index.php\/wp-json\/wp\/v2\/product"}],"about":[{"href":"https:\/\/roveyayinevi.com.tr\/index.php\/wp-json\/wp\/v2\/types\/product"}],"wp:attachment":[{"href":"https:\/\/roveyayinevi.com.tr\/index.php\/wp-json\/wp\/v2\/media?parent=773404"}],"wp:term":[{"taxonomy":"product_brand","embeddable":true,"href":"https:\/\/roveyayinevi.com.tr\/index.php\/wp-json\/wp\/v2\/product_brand?post=773404"},{"taxonomy":"product_cat","embeddable":true,"href":"https:\/\/roveyayinevi.com.tr\/index.php\/wp-json\/wp\/v2\/product_cat?post=773404"},{"taxonomy":"product_tag","embeddable":true,"href":"https:\/\/roveyayinevi.com.tr\/index.php\/wp-json\/wp\/v2\/product_tag?post=773404"}],"curies":[{"name":"wp","href":"https:\/\/api.w.org\/{rel}","templated":true}]}}