{"id":773402,"date":"2025-08-28T16:14:44","date_gmt":"2025-08-28T13:14:44","guid":{"rendered":"https:\/\/roveyayinevi.com.tr\/index.php\/urun\/esya-hastaliklari-doktoru\/"},"modified":"2026-04-15T03:39:45","modified_gmt":"2026-04-15T00:39:45","slug":"esya-hastaliklari-doktoru","status":"publish","type":"product","link":"https:\/\/roveyayinevi.com.tr\/index.php\/urun\/esya-hastaliklari-doktoru\/","title":{"rendered":"E\u015fya Hastal\u0131klar\u0131 Doktoru"},"content":{"rendered":"<p>YAZDIKLARIMI OKUDUKTAN SONRAG\u00d6ZLER\u0130N\u0130 KAPAT, SEN\u0130NLE B\u0130R D\u00dc\u015e KURACA\u011eIZ!Bal kaba\u011f\u0131na benzer turuncu bir \u00fclkede ya\u015f\u0131yorsun. Her \u015fey yolunda gidiyor. En az\u0131ndan sen \u00f6yle san\u0131yorsun. Ta ki e\u015fyalar konu\u015fmaya ba\u015flay\u0131ncaya kadar!E\u015fyalar t\u0131pk\u0131 insanlar gibi hastalan\u0131yor, k\u0131skan\u0131yor, h\u0131rslan\u0131yor, yalan s\u00f6yl\u00fcyor. Ve insanlar onlar\u0131n dedi\u011fi her \u015feye inan\u0131yor, onlara g\u00f6re ya\u015famaya ba\u015fl\u0131yorlar.AMA SEN SIRA DI\u015eI B\u0130R\u0130S\u0130N:DOKTOR AdlIbey&#8217;S\u0130N!Hasta e\u015fyalar\u0131 \u00e7i\u00e7eklerle tedavi eden, insanlar\u0131n duymak istediklerini de\u011fil, ger\u00e7ekleri s\u00f6yleyen cesur birisin!Seni susturmak isteyenler seni s\u00fcrg\u00fcne g\u00f6nderdiklerinde bir hayal kuruyorsun: bir \u00e7ocuk gelecek, hasta e\u015fyalar\u0131 iyile\u015ftirecek,insanlara ger\u00e7ekleri anlatacak, diyorsun. Hayalini deftere \u00e7iziyorsun ve bir g\u00fcn ger\u00e7ek oluyor! Hayal \u00e7ocuk Doktor Elderzan,bisikletine atlay\u0131p \u00fclkene do\u011fru yola \u00e7\u0131k\u0131yor. \u00c7\u00fcnk\u00fc birileri bu d\u00fczeni de\u011fi\u015ftirmeli. Birileri ne olursa olsun do\u011fruyu s\u00f6ylemeli,hastalara iyi gelmeli, iyilikten ve adaletten vazge\u00e7memeli.\u015eimdi t\u00fcm bunlar\u0131 d\u00fc\u015f\u00fcnd\u00fckten sonra s\u00f6yle bana, kurdu\u011fun bu d\u00fc\u015f ger\u00e7ek olabilir mi?<\/p>\n","protected":false},"excerpt":{"rendered":"<p>YAZDIKLARIMI OKUDUKTAN SONRAG\u00d6ZLER\u0130N\u0130 KAPAT, SEN\u0130NLE B\u0130R D\u00dc\u015e KURACA\u011eIZ!Bal kaba\u011f\u0131na benzer turuncu bir \u00fclkede ya\u015f\u0131yorsun. Her \u015fey yolunda gidiyor. En az\u0131ndan sen \u00f6yle san\u0131yorsun. Ta ki e\u015fyalar<span class=\"excerpt-hellip\"> [\u2026]<\/span><\/p>\n","protected":false},"featured_media":0,"template":"","meta":{"_monsterinsights_skip_tracking":false,"_monsterinsights_sitenote_active":false,"_monsterinsights_sitenote_note":"","_monsterinsights_sitenote_category":0},"product_brand":[],"product_cat":[12291,12711],"product_tag":[],"class_list":{"0":"post-773402","1":"product","2":"type-product","3":"status-publish","5":"product_cat-edebiyat","6":"product_cat-roman-oyku","7":"pa_cilt-ciltsiz","8":"pa_tur-kitap","9":"pa_yayinevi-genc-timas","10":"pa_yazar-hamza-celikel","12":"first","13":"instock","14":"sale","15":"shipping-taxable","16":"purchasable","17":"product-type-simple"},"_links":{"self":[{"href":"https:\/\/roveyayinevi.com.tr\/index.php\/wp-json\/wp\/v2\/product\/773402","targetHints":{"allow":["GET"]}}],"collection":[{"href":"https:\/\/roveyayinevi.com.tr\/index.php\/wp-json\/wp\/v2\/product"}],"about":[{"href":"https:\/\/roveyayinevi.com.tr\/index.php\/wp-json\/wp\/v2\/types\/product"}],"wp:attachment":[{"href":"https:\/\/roveyayinevi.com.tr\/index.php\/wp-json\/wp\/v2\/media?parent=773402"}],"wp:term":[{"taxonomy":"product_brand","embeddable":true,"href":"https:\/\/roveyayinevi.com.tr\/index.php\/wp-json\/wp\/v2\/product_brand?post=773402"},{"taxonomy":"product_cat","embeddable":true,"href":"https:\/\/roveyayinevi.com.tr\/index.php\/wp-json\/wp\/v2\/product_cat?post=773402"},{"taxonomy":"product_tag","embeddable":true,"href":"https:\/\/roveyayinevi.com.tr\/index.php\/wp-json\/wp\/v2\/product_tag?post=773402"}],"curies":[{"name":"wp","href":"https:\/\/api.w.org\/{rel}","templated":true}]}}