{"id":773400,"date":"2025-08-28T16:14:40","date_gmt":"2025-08-28T13:14:40","guid":{"rendered":"https:\/\/roveyayinevi.com.tr\/index.php\/urun\/turkculugun-esaslari-ciltli\/"},"modified":"2026-04-15T03:39:45","modified_gmt":"2026-04-15T00:39:45","slug":"turkculugun-esaslari-ciltli","status":"publish","type":"product","link":"https:\/\/roveyayinevi.com.tr\/index.php\/urun\/turkculugun-esaslari-ciltli\/","title":{"rendered":"T\u00fcrk\u00e7\u00fcl\u00fc\u011f\u00fcn Esaslar\u0131 (Ciltli)"},"content":{"rendered":"<p>T\u00fcrk\u00e7\u00fcl\u00fc\u011f\u00fcn Esaslar\u0131\u2019nda Ziya G\u00f6kalp, T\u00fcrk\u00e7\u00fcl\u00fc\u011f\u00fcn tan\u0131m\u0131n\u0131 yaparak sorunlar\u0131na de\u011finmi\u015f, \u00e7\u00f6z\u00fcmler \u00f6nermi\u015f ve T\u00fcrkler ile T\u00fcrkl\u00fc\u011f\u00fcn tarihi a\u00e7\u0131s\u0131ndan d\u00f6neminin \u015fartlar\u0131na g\u00f6re \u00e7ok \u00f6nemli bir eser ortaya koymu\u015ftur. Bunun yan\u0131 s\u0131ra, bir T\u00fcrk\u00e7\u00fcl\u00fck program\u0131 sunarak T\u00fcrk\u00e7\u00fcl\u00fc\u011f\u00fcn nas\u0131l olmas\u0131 gerekti\u011fine dair g\u00f6r\u00fc\u015flerini de dile getirmi\u015ftir. Kendisini teorisyen, sosyolog, edebiyat\u00e7\u0131, halk bilimci bir ayd\u0131n, bir entelekt\u00fcel olarak yeti\u015ftirmi\u015f olan Ziya G\u00f6kalp\u2019in ilk kez 1923 y\u0131l\u0131nda yay\u0131nlanan bu eseri,T\u00fcrk\u00e7\u00fcl\u00fc\u011fe dair kapsaml\u0131 bir \u00e7al\u0131\u015fma olmas\u0131 bak\u0131m\u0131ndan sosyoloji alan\u0131nda \u00f6nemli bir eser say\u0131lmaktad\u0131r. Bo\u011fazi\u00e7i \u00dcniversitesi T\u00fcrk Dili ve Edebiyat\u0131 B\u00f6l\u00fcm\u00fcnde \u00f6\u011fretim \u00fcyesi olan T\u00fclay Gen\u00e7t\u00fcrk taraf\u0131ndan dili\u00e7i \u00e7evirisi yap\u0131larak yay\u0131na haz\u0131rlanan eser, d\u00f6nemin diline ve ruhuna olabildi\u011fince uygun fakat g\u00fcn\u00fcm\u00fcz okuru i\u00e7in de anla\u015f\u0131labilir olmas\u0131 ama\u00e7lanarak yay\u0131na haz\u0131rlanm\u0131\u015ft\u0131r.<\/p>\n","protected":false},"excerpt":{"rendered":"<p>T\u00fcrk\u00e7\u00fcl\u00fc\u011f\u00fcn Esaslar\u0131\u2019nda Ziya G\u00f6kalp, T\u00fcrk\u00e7\u00fcl\u00fc\u011f\u00fcn tan\u0131m\u0131n\u0131 yaparak sorunlar\u0131na de\u011finmi\u015f, \u00e7\u00f6z\u00fcmler \u00f6nermi\u015f ve T\u00fcrkler ile T\u00fcrkl\u00fc\u011f\u00fcn tarihi a\u00e7\u0131s\u0131ndan d\u00f6neminin \u015fartlar\u0131na g\u00f6re \u00e7ok \u00f6nemli bir eser ortaya koymu\u015ftur.<span class=\"excerpt-hellip\"> [\u2026]<\/span><\/p>\n","protected":false},"featured_media":0,"template":"","meta":{"_monsterinsights_skip_tracking":false,"_monsterinsights_sitenote_active":false,"_monsterinsights_sitenote_note":"","_monsterinsights_sitenote_category":0},"product_brand":[],"product_cat":[12304,13650],"product_tag":[],"class_list":{"0":"post-773400","1":"product","2":"type-product","3":"status-publish","5":"product_cat-tarih","6":"product_cat-turk-tarihi-arastirmalari","7":"pa_cilt-ciltli","8":"pa_tur-kitap","9":"pa_yayinevi-koridor-yayincilik","10":"pa_yazar-ziya-gokalp","12":"first","13":"instock","14":"sale","15":"shipping-taxable","16":"purchasable","17":"product-type-simple"},"_links":{"self":[{"href":"https:\/\/roveyayinevi.com.tr\/index.php\/wp-json\/wp\/v2\/product\/773400","targetHints":{"allow":["GET"]}}],"collection":[{"href":"https:\/\/roveyayinevi.com.tr\/index.php\/wp-json\/wp\/v2\/product"}],"about":[{"href":"https:\/\/roveyayinevi.com.tr\/index.php\/wp-json\/wp\/v2\/types\/product"}],"wp:attachment":[{"href":"https:\/\/roveyayinevi.com.tr\/index.php\/wp-json\/wp\/v2\/media?parent=773400"}],"wp:term":[{"taxonomy":"product_brand","embeddable":true,"href":"https:\/\/roveyayinevi.com.tr\/index.php\/wp-json\/wp\/v2\/product_brand?post=773400"},{"taxonomy":"product_cat","embeddable":true,"href":"https:\/\/roveyayinevi.com.tr\/index.php\/wp-json\/wp\/v2\/product_cat?post=773400"},{"taxonomy":"product_tag","embeddable":true,"href":"https:\/\/roveyayinevi.com.tr\/index.php\/wp-json\/wp\/v2\/product_tag?post=773400"}],"curies":[{"name":"wp","href":"https:\/\/api.w.org\/{rel}","templated":true}]}}