{"id":773398,"date":"2025-08-28T16:14:36","date_gmt":"2025-08-28T13:14:36","guid":{"rendered":"https:\/\/roveyayinevi.com.tr\/index.php\/urun\/belirsizlik-caginda-etkin-karar-alma-sanati\/"},"modified":"2026-04-15T03:39:45","modified_gmt":"2026-04-15T00:39:45","slug":"belirsizlik-caginda-etkin-karar-alma-sanati","status":"publish","type":"product","link":"https:\/\/roveyayinevi.com.tr\/index.php\/urun\/belirsizlik-caginda-etkin-karar-alma-sanati\/","title":{"rendered":"Belirsizlik \u00c7a\u011f\u0131nda Etkin Karar Alma Sanat\u0131"},"content":{"rendered":"<p>Belirsizlik \u00c7a\u011f\u0131nda Etkin Karar Alma Sanat\u0131 Ya\u015fam D\u00f6ng\u00fcs\u00fc, Yetkinlikler, Sekt\u00f6rel Dinamikler ve K\u00fclt\u00fcr&#8230; Belirsizli\u011fin norm oldu\u011fu bir d\u00fcnyada ya\u015f\u0131yoruz. Pek \u00e7ok alanda verimlilik d\u00fc\u015ferken rekabet art\u0131yor, kaynaklarsa s\u0131n\u0131rl\u0131\u2026 Bu ortamda h\u0131zl\u0131 ve isabetli karar alabilmenin, \u00fcstelik bunu tutarl\u0131 bir bi\u00e7imde s\u00fcrd\u00fcrebilmenin ne kadar g\u00fc\u00e7lendirici olaca\u011f\u0131n\u0131 hi\u00e7 d\u00fc\u015f\u00fcnd\u00fcn\u00fcz m\u00fc? Hilmi G\u00fcvenal\u2019\u0131n geli\u015ftirdi\u011fi d\u00fc\u015f\u00fcnme ve karar alma modeli, tam da bu ihtiyaca kar\u015f\u0131l\u0131k veriyor. KUARTET, hedeflerinize uyumlu kararlar alman\u0131za rehberlik etmek i\u00e7in t\u0131pk\u0131 sahnede ahenkli melodiler yaratan bir m\u00fczik d\u00f6rtl\u00fcs\u00fc gibi d\u00f6rt temel bile\u015fene odaklan\u0131yor: Ya\u015fam D\u00f6ng\u00fcs\u00fc, Yetkinlikler, Sekt\u00f6rel Dinamikler ve K\u00fclt\u00fcr. Bu d\u00f6rt unsur aras\u0131nda kurdu\u011fu dengeyle KUARTET, ger\u00e7ek hayat verilerine dayal\u0131, ayaklar\u0131 yere basan kararlar alman\u0131z\u0131 kolayla\u015ft\u0131r\u0131yor. \u0130ster i\u015f d\u00fcnyas\u0131nda, ister ki\u015fisel ya\u015fam\u0131n\u0131zda, siz de gereksiz karma\u015fadan ar\u0131n\u0131p h\u0131zl\u0131, etkin ve g\u00fcvenilir kararlar almak i\u00e7in KUARTET\u2019in ahenkli melodilerine kulak verin.<\/p>\n","protected":false},"excerpt":{"rendered":"<p>Belirsizlik \u00c7a\u011f\u0131nda Etkin Karar Alma Sanat\u0131 Ya\u015fam D\u00f6ng\u00fcs\u00fc, Yetkinlikler, Sekt\u00f6rel Dinamikler ve K\u00fclt\u00fcr&#8230; Belirsizli\u011fin norm oldu\u011fu bir d\u00fcnyada ya\u015f\u0131yoruz. Pek \u00e7ok alanda verimlilik d\u00fc\u015ferken rekabet art\u0131yor,<span class=\"excerpt-hellip\"> [\u2026]<\/span><\/p>\n","protected":false},"featured_media":0,"template":"","meta":{"_monsterinsights_skip_tracking":false,"_monsterinsights_sitenote_active":false,"_monsterinsights_sitenote_note":"","_monsterinsights_sitenote_category":0},"product_brand":[],"product_cat":[13043,17647],"product_tag":[],"class_list":{"0":"post-773398","1":"product","2":"type-product","3":"status-publish","5":"product_cat-ekonomi","6":"product_cat-is-dunyasi","7":"pa_cilt-ciltsiz","8":"pa_tur-kitap","9":"pa_yayinevi-remzi-kitabevi","10":"pa_yazar-hilmi-guvenal","12":"first","13":"instock","14":"sale","15":"shipping-taxable","16":"purchasable","17":"product-type-simple"},"_links":{"self":[{"href":"https:\/\/roveyayinevi.com.tr\/index.php\/wp-json\/wp\/v2\/product\/773398","targetHints":{"allow":["GET"]}}],"collection":[{"href":"https:\/\/roveyayinevi.com.tr\/index.php\/wp-json\/wp\/v2\/product"}],"about":[{"href":"https:\/\/roveyayinevi.com.tr\/index.php\/wp-json\/wp\/v2\/types\/product"}],"wp:attachment":[{"href":"https:\/\/roveyayinevi.com.tr\/index.php\/wp-json\/wp\/v2\/media?parent=773398"}],"wp:term":[{"taxonomy":"product_brand","embeddable":true,"href":"https:\/\/roveyayinevi.com.tr\/index.php\/wp-json\/wp\/v2\/product_brand?post=773398"},{"taxonomy":"product_cat","embeddable":true,"href":"https:\/\/roveyayinevi.com.tr\/index.php\/wp-json\/wp\/v2\/product_cat?post=773398"},{"taxonomy":"product_tag","embeddable":true,"href":"https:\/\/roveyayinevi.com.tr\/index.php\/wp-json\/wp\/v2\/product_tag?post=773398"}],"curies":[{"name":"wp","href":"https:\/\/api.w.org\/{rel}","templated":true}]}}