{"id":773396,"date":"2025-08-28T16:14:33","date_gmt":"2025-08-28T13:14:33","guid":{"rendered":"https:\/\/roveyayinevi.com.tr\/index.php\/urun\/peygamberimizin-aile-hayati-islam-tarihi-hane-i-saadet\/"},"modified":"2026-01-30T04:12:08","modified_gmt":"2026-01-30T01:12:08","slug":"peygamberimizin-aile-hayati-islam-tarihi-hane-i-saadet","status":"publish","type":"product","link":"https:\/\/roveyayinevi.com.tr\/index.php\/urun\/peygamberimizin-aile-hayati-islam-tarihi-hane-i-saadet\/","title":{"rendered":"Peygamberimizin Aile Hayat\u0131 &#8211; \u0130slam Tarihi &#8211; Hane-i Saadet"},"content":{"rendered":"<p>Bu eser,Hz. Muhammed&#8217;in aile hayat\u0131n\u0131 derinlemesine inceleyerek, onun aile i\u00e7indeki ili\u015fkilerini, e\u015fleri, \u00e7ocuklar\u0131 ve di\u011fer aile bireyleriyle olan ba\u011flar\u0131n\u0131 ayd\u0131nlat\u0131yor. Hz. Muhammed&#8217;in hayat\u0131n\u0131n en \u00f6nemli y\u00f6nlerinden biri, sadece bir lider ve peygamber olarak de\u011fil, ayn\u0131 zamanda bir e\u015f, baba ve aile reisi olarak da \u00f6rnek te\u015fkil etmesidir.Kitap, peygamberimizin aile \u00fcyelerine kar\u015f\u0131 g\u00f6sterdi\u011fi sevgi, sayg\u0131, adalet ve merhamet gibi de\u011ferlerin alt\u0131n\u0131 \u00e7izerken, ayn\u0131 zamanda \u0130slam ahlak\u0131 \u00e7er\u00e7evesinde aile i\u00e7i ili\u015fkilerin nas\u0131l olmas\u0131 gerekti\u011fini anlat\u0131yor. Hz. Muhammed&#8217;in e\u015flerine olan sayg\u0131s\u0131, \u00e7ocuklar\u0131na olan sevgisi ve ailedeki her bireye kar\u015f\u0131 g\u00f6sterdi\u011fi adil yakla\u015f\u0131m, hem o d\u00f6nemin toplumu i\u00e7in hem de g\u00fcn\u00fcm\u00fcz insanlar\u0131 i\u00e7in b\u00fcy\u00fck bir rehberlik sunmaktad\u0131r. <\/p>\n","protected":false},"excerpt":{"rendered":"<p>Bu eser,Hz. Muhammed&#8217;in aile hayat\u0131n\u0131 derinlemesine inceleyerek, onun aile i\u00e7indeki ili\u015fkilerini, e\u015fleri, \u00e7ocuklar\u0131 ve di\u011fer aile bireyleriyle olan ba\u011flar\u0131n\u0131 ayd\u0131nlat\u0131yor. Hz. Muhammed&#8217;in hayat\u0131n\u0131n en \u00f6nemli y\u00f6nlerinden<span class=\"excerpt-hellip\"> [\u2026]<\/span><\/p>\n","protected":false},"featured_media":0,"template":"","meta":{"_monsterinsights_skip_tracking":false,"_monsterinsights_sitenote_active":false,"_monsterinsights_sitenote_note":"","_monsterinsights_sitenote_category":0},"product_brand":[],"product_cat":[12718,12719,18109],"product_tag":[],"class_list":{"0":"post-773396","1":"product","2":"type-product","3":"status-publish","5":"product_cat-din","6":"product_cat-islam","7":"product_cat-islam-tarihi","8":"pa_cilt-ciltsiz","9":"pa_tur-kitap","10":"pa_yayinevi-vova-yayinlari","11":"pa_yazar-hudai-cakmak","13":"first","14":"instock","15":"sale","16":"shipping-taxable","17":"purchasable","18":"product-type-simple"},"_links":{"self":[{"href":"https:\/\/roveyayinevi.com.tr\/index.php\/wp-json\/wp\/v2\/product\/773396","targetHints":{"allow":["GET"]}}],"collection":[{"href":"https:\/\/roveyayinevi.com.tr\/index.php\/wp-json\/wp\/v2\/product"}],"about":[{"href":"https:\/\/roveyayinevi.com.tr\/index.php\/wp-json\/wp\/v2\/types\/product"}],"wp:attachment":[{"href":"https:\/\/roveyayinevi.com.tr\/index.php\/wp-json\/wp\/v2\/media?parent=773396"}],"wp:term":[{"taxonomy":"product_brand","embeddable":true,"href":"https:\/\/roveyayinevi.com.tr\/index.php\/wp-json\/wp\/v2\/product_brand?post=773396"},{"taxonomy":"product_cat","embeddable":true,"href":"https:\/\/roveyayinevi.com.tr\/index.php\/wp-json\/wp\/v2\/product_cat?post=773396"},{"taxonomy":"product_tag","embeddable":true,"href":"https:\/\/roveyayinevi.com.tr\/index.php\/wp-json\/wp\/v2\/product_tag?post=773396"}],"curies":[{"name":"wp","href":"https:\/\/api.w.org\/{rel}","templated":true}]}}