{"id":773391,"date":"2025-08-28T16:14:23","date_gmt":"2025-08-28T13:14:23","guid":{"rendered":"https:\/\/roveyayinevi.com.tr\/index.php\/urun\/karistirici\/"},"modified":"2026-04-15T03:39:45","modified_gmt":"2026-04-15T00:39:45","slug":"karistirici","status":"publish","type":"product","link":"https:\/\/roveyayinevi.com.tr\/index.php\/urun\/karistirici\/","title":{"rendered":"Kar\u0131\u015ft\u0131r\u0131c\u0131"},"content":{"rendered":"<p>&#8220;Uzun zaman boyunca kalbinde birini b\u00fcy\u00fctenler bilirdi; s\u00f6z verilmi\u015f gibi dursa da asl\u0131nda ger\u00e7ek bir vaat olmayan \u015feye t\u00fcm varl\u0131\u011f\u0131n\u0131 adayabilirdi insan.&#8221;Be\u015f farkl\u0131 zaman yolculu\u011fu, \u201c\u015fu an\u201d\u0131n k\u0131ymetinin fark\u0131na varmak i\u00e7in\u2026Paint kitab\u0131 ile Changbi Gen\u00e7lik Edebiyat \u00d6d\u00fcl\u00fc\u2019n\u00fc kazanan Lee Hee-young, Kar\u0131\u015ft\u0131r\u0131c\u0131 roman\u0131yla okuru b\u00fcy\u00fcmeye ve dostlu\u011fa dair duygu dolu bir yolculu\u011fa \u00e7\u0131kar\u0131yor.Roman, ana karakter Nawoo\u2019nun bir sabah g\u00f6zlerini a\u00e7t\u0131\u011f\u0131nda on \u00fc\u00e7 y\u0131l \u00f6ncesine, lise s\u0131ralar\u0131na s\u0131\u00e7ramas\u0131yla ba\u015fl\u0131yor. Ge\u00e7mi\u015fte bir kazada \u00f6len en yak\u0131n arkada\u015f\u0131na tekrar kavu\u015funca kapanmam\u0131\u015f yaralar ve ke\u015fkelerle y\u00fczle\u015fiyor. Zaman beklenmedik bir \u015fekilde k\u0131vr\u0131l\u0131yor, Nawoo ge\u00e7mi\u015fteki kararlar\u0131n\u0131 sorgularken ve yapt\u0131klar\u0131n\u0131 de\u011fi\u015ftirmeye \u00e7al\u0131\u015f\u0131rken \u015fu anki k\u0131z arkada\u015f\u0131n\u0131 kaybetme riskiyle kar\u015f\u0131 kar\u015f\u0131ya kal\u0131yor.Kar\u0131\u015ft\u0131r\u0131c\u0131, ge\u00e7mi\u015fle y\u00fczle\u015fmenin iyile\u015ftirici etkisini, kaybettiklerimize veda etmenin \u00f6nemini ve ikinci \u015fans\u0131n ne kadar de\u011ferli olabilece\u011fini hat\u0131rlatan \u00e7arp\u0131c\u0131 bir roman&#8230;<\/p>\n","protected":false},"excerpt":{"rendered":"<p>&#8220;Uzun zaman boyunca kalbinde birini b\u00fcy\u00fctenler bilirdi; s\u00f6z verilmi\u015f gibi dursa da asl\u0131nda ger\u00e7ek bir vaat olmayan \u015feye t\u00fcm varl\u0131\u011f\u0131n\u0131 adayabilirdi insan.&#8221;Be\u015f farkl\u0131 zaman yolculu\u011fu, \u201c\u015fu<span class=\"excerpt-hellip\"> [\u2026]<\/span><\/p>\n","protected":false},"featured_media":0,"template":"","meta":{"_monsterinsights_skip_tracking":false,"_monsterinsights_sitenote_active":false,"_monsterinsights_sitenote_note":"","_monsterinsights_sitenote_category":0},"product_brand":[],"product_cat":[12291,14777],"product_tag":[],"class_list":{"0":"post-773391","1":"product","2":"type-product","3":"status-publish","5":"product_cat-edebiyat","6":"product_cat-fantastik","7":"pa_cilt-ciltsiz","8":"pa_tur-kitap","9":"pa_yayinevi-yuzu-kitap","10":"pa_yazar-lee-hee-young","12":"first","13":"instock","14":"sale","15":"shipping-taxable","16":"purchasable","17":"product-type-simple"},"_links":{"self":[{"href":"https:\/\/roveyayinevi.com.tr\/index.php\/wp-json\/wp\/v2\/product\/773391","targetHints":{"allow":["GET"]}}],"collection":[{"href":"https:\/\/roveyayinevi.com.tr\/index.php\/wp-json\/wp\/v2\/product"}],"about":[{"href":"https:\/\/roveyayinevi.com.tr\/index.php\/wp-json\/wp\/v2\/types\/product"}],"wp:attachment":[{"href":"https:\/\/roveyayinevi.com.tr\/index.php\/wp-json\/wp\/v2\/media?parent=773391"}],"wp:term":[{"taxonomy":"product_brand","embeddable":true,"href":"https:\/\/roveyayinevi.com.tr\/index.php\/wp-json\/wp\/v2\/product_brand?post=773391"},{"taxonomy":"product_cat","embeddable":true,"href":"https:\/\/roveyayinevi.com.tr\/index.php\/wp-json\/wp\/v2\/product_cat?post=773391"},{"taxonomy":"product_tag","embeddable":true,"href":"https:\/\/roveyayinevi.com.tr\/index.php\/wp-json\/wp\/v2\/product_tag?post=773391"}],"curies":[{"name":"wp","href":"https:\/\/api.w.org\/{rel}","templated":true}]}}